{"id":20422,"date":"2017-10-24T20:50:50","date_gmt":"2017-10-24T17:50:50","guid":{"rendered":"https:\/\/editura-unibuc.ro\/?post_type=product&#038;p=20422"},"modified":"2019-06-06T10:51:19","modified_gmt":"2019-06-06T07:51:19","slug":"termodinamica-si-fizica-statistica-note-de-curs-si-seminar","status":"publish","type":"product","link":"https:\/\/editura-unibuc.ro\/en\/termodinamica-si-fizica-statistica-note-de-curs-si-seminar\/","title":{"rendered":"TERMODINAMIC\u0102 \u015eI FIZIC\u0102 STATISTIC\u0102. NOTE DE CURS \u015eI SEMINAR"},"content":{"rendered":"<p>Prezenta lucrare, compus\u0103 din note de curs \u015fi de seminar, se adreseaz\u0103 studen\u0163ilor de la Facultata de Fizic\u0103 Ciclul I \u2013 Licen\u0163\u0103 \u015fi reprezint\u0103 traducerea \u0131\u0302n limba rom\u00e2n\u0103, f\u0103cut\u0103 de autor, a unei alte lucr\u0103ri noi, redactate \u0131\u0302n limba englez\u0103.<\/p>\n<p>RADU PAUL LUNGU este Conferen\u0163iar universitar la Departamentul de Fizic\u0103 Teoretic\u0103, Matematici, Optic\u0103, Laseri, Plasm\u0103 \u00een cadrul Facult\u0103\u0163ii de Fizic\u0103 a Universit\u0103\u0163ii din Bucure\u015fti.<br \/>\nPrincipalele domenii de studiu abordate de autor au fost: sistemele electronice \u00een c\u00e2mpuri electromagnetice intense \u015fi tranzi\u0163iile de faz\u0103 \u00een sisteme ternare pe baza unor modele de tip Ising (ultimul domeniu a fost abordat \u00een cadrul unui stagiu post-doctoral la Texas Christian University din Forth Worth).<\/p>\n","protected":false},"excerpt":{"rendered":"<p>Prezenta lucrare, compus\u0103 din note de curs \u015fi de seminar, se adreseaz\u0103 studen\u0163ilor de la Facultata de Fizic\u0103 Ciclul I \u2013 Licen\u0163\u0103 \u015fi reprezint\u0103 traducerea \u0131\u0302n limba rom\u00e2n\u0103, f\u0103cut\u0103 de autor, a unei alte lucr\u0103ri noi, redactate \u0131\u0302n limba englez\u0103. RADU PAUL LUNGU este Conferen\u0163iar universitar la Departamentul de Fizic\u0103 Teoretic\u0103, Matematici, Optic\u0103, Laseri, Plasm\u0103 [&hellip;]<\/p>\n","protected":false},"featured_media":20423,"comment_status":"open","ping_status":"closed","template":"","meta":[],"product_brand":[],"product_cat":[1531,2839,982,984],"product_tag":[2849,2850,2841,1004],"class_list":{"0":"post-20422","1":"product","2":"type-product","3":"status-publish","4":"has-post-thumbnail","6":"product_cat-colectii","7":"product_cat-fizicaphysics","8":"product_cat-stiinte-exacte","9":"product_cat-fizica","10":"product_tag-fizica-statistica","11":"product_tag-mecanica-statistica","12":"product_tag-radu-paul-lungu","13":"product_tag-termodinamica","15":"first","16":"outofstock","17":"shipping-taxable","18":"purchasable","19":"product-type-simple"},"_links":{"self":[{"href":"https:\/\/editura-unibuc.ro\/en\/wp-json\/wp\/v2\/product\/20422","targetHints":{"allow":["GET"]}}],"collection":[{"href":"https:\/\/editura-unibuc.ro\/en\/wp-json\/wp\/v2\/product"}],"about":[{"href":"https:\/\/editura-unibuc.ro\/en\/wp-json\/wp\/v2\/types\/product"}],"replies":[{"embeddable":true,"href":"https:\/\/editura-unibuc.ro\/en\/wp-json\/wp\/v2\/comments?post=20422"}],"wp:featuredmedia":[{"embeddable":true,"href":"https:\/\/editura-unibuc.ro\/en\/wp-json\/wp\/v2\/media\/20423"}],"wp:attachment":[{"href":"https:\/\/editura-unibuc.ro\/en\/wp-json\/wp\/v2\/media?parent=20422"}],"wp:term":[{"taxonomy":"product_brand","embeddable":true,"href":"https:\/\/editura-unibuc.ro\/en\/wp-json\/wp\/v2\/product_brand?post=20422"},{"taxonomy":"product_cat","embeddable":true,"href":"https:\/\/editura-unibuc.ro\/en\/wp-json\/wp\/v2\/product_cat?post=20422"},{"taxonomy":"product_tag","embeddable":true,"href":"https:\/\/editura-unibuc.ro\/en\/wp-json\/wp\/v2\/product_tag?post=20422"}],"curies":[{"name":"wp","href":"https:\/\/api.w.org\/{rel}","templated":true}]}}