{"id":20537,"date":"2017-11-08T11:15:36","date_gmt":"2017-11-08T09:15:36","guid":{"rendered":"https:\/\/editura-unibuc.ro\/?post_type=product&#038;p=20537"},"modified":"2019-10-31T13:49:03","modified_gmt":"2019-10-31T11:49:03","slug":"lucrarile-conferintei-nationale-de-invatamant-virtual-cniv-editia-a-xv-a-28-octombrie-2017","status":"publish","type":"product","link":"https:\/\/editura-unibuc.ro\/en\/lucrarile-conferintei-nationale-de-invatamant-virtual-cniv-editia-a-xv-a-28-octombrie-2017\/","title":{"rendered":"LUCR\u0102RILE CONFERIN\u0162EI NA\u0162IONALE DE \u00ceNV\u0102\u0162\u0102M\u00c2NT VIRTUAL (CNIV), EDI\u0162IA A XV-A, 28 OCTOMBRIE 2017"},"content":{"rendered":"<p>VIRTUAL LEARNING &#8211; VIRTUAL REALITY &#8211; TEHNOLOGII MODERNE \u00ceN EDUCA\u0162IE \u015eI CERCETARE<\/p>\n<p>(tip\u0103rit \u00een regie proprie)<\/p>\n","protected":false},"excerpt":{"rendered":"<p>VIRTUAL LEARNING &#8211; VIRTUAL REALITY &#8211; TEHNOLOGII MODERNE \u00ceN EDUCA\u0162IE \u015eI CERCETARE (tip\u0103rit \u00een regie proprie)<\/p>\n","protected":false},"featured_media":20538,"comment_status":"open","ping_status":"closed","template":"","meta":[],"product_brand":[],"product_cat":[982,985],"product_tag":[2409,2408,899,2410,1304,1948,1698,2411,1697,2859],"class_list":{"0":"post-20537","1":"product","2":"type-product","3":"status-publish","4":"has-post-thumbnail","6":"product_cat-stiinte-exacte","7":"product_cat-informatica","8":"product_tag-cercetare-si-dezvoltare","9":"product_tag-cniv","10":"product_tag-informatica","11":"product_tag-inovare","12":"product_tag-invatamant","13":"product_tag-it","14":"product_tag-management-educational","15":"product_tag-marin-vlada","16":"product_tag-software-educational","17":"product_tag-tehnologii-e-learning","19":"first","20":"outofstock","21":"shipping-taxable","22":"purchasable","23":"product-type-simple"},"_links":{"self":[{"href":"https:\/\/editura-unibuc.ro\/en\/wp-json\/wp\/v2\/product\/20537","targetHints":{"allow":["GET"]}}],"collection":[{"href":"https:\/\/editura-unibuc.ro\/en\/wp-json\/wp\/v2\/product"}],"about":[{"href":"https:\/\/editura-unibuc.ro\/en\/wp-json\/wp\/v2\/types\/product"}],"replies":[{"embeddable":true,"href":"https:\/\/editura-unibuc.ro\/en\/wp-json\/wp\/v2\/comments?post=20537"}],"wp:featuredmedia":[{"embeddable":true,"href":"https:\/\/editura-unibuc.ro\/en\/wp-json\/wp\/v2\/media\/20538"}],"wp:attachment":[{"href":"https:\/\/editura-unibuc.ro\/en\/wp-json\/wp\/v2\/media?parent=20537"}],"wp:term":[{"taxonomy":"product_brand","embeddable":true,"href":"https:\/\/editura-unibuc.ro\/en\/wp-json\/wp\/v2\/product_brand?post=20537"},{"taxonomy":"product_cat","embeddable":true,"href":"https:\/\/editura-unibuc.ro\/en\/wp-json\/wp\/v2\/product_cat?post=20537"},{"taxonomy":"product_tag","embeddable":true,"href":"https:\/\/editura-unibuc.ro\/en\/wp-json\/wp\/v2\/product_tag?post=20537"}],"curies":[{"name":"wp","href":"https:\/\/api.w.org\/{rel}","templated":true}]}}