{"id":20543,"date":"2017-11-08T11:22:22","date_gmt":"2017-11-08T09:22:22","guid":{"rendered":"https:\/\/editura-unibuc.ro\/?post_type=product&#038;p=20543"},"modified":"2020-01-20T12:21:47","modified_gmt":"2020-01-20T10:21:47","slug":"limbaj-discurs-stil-omagiu-mariei-cvasnii-catanescu","status":"publish","type":"product","link":"https:\/\/editura-unibuc.ro\/en\/limbaj-discurs-stil-omagiu-mariei-cvasnii-catanescu\/","title":{"rendered":"LIMBAJ \u2013 DISCURS \u2013 STIL. OMAGIU MARIEI CVASN\u00ceI C\u0102T\u0102NESCU"},"content":{"rendered":"<p>Maria Cvasn\u00eei C\u0103t\u0103nescu este profesor (emerit) la Facultatea de Litere a Universit\u0103\u021bii din Bucure\u0219ti, Departamentul de lingvistic\u0103.<\/p>\n<p>Absolvent\u0103 a Facult\u0103\u021bii de limba \u0219i literatura rom\u00e2n\u0103 a Universit\u0103\u021bii din Bucure\u0219ti (1969), a ob\u021binut titlul de doctor \u00een filologie \u00een 1981, cu teza <em>Structura dialogului \u00een textul dramatic \u2013 cu aplicare la dramaturgia rom\u00e2neasc\u0103 <\/em>(Bucure\u0219ti, Tipografia Universit\u0103\u021bii din Bucure\u0219ti, 1982).<\/p>\n<p>Este autor al volumelor <em>Limba rom\u00e2n\u0103. Origini <\/em><em>\u0219<\/em><em>i dezvoltare<\/em> (Bucure\u0219ti, Humanitas, 1996), <em>Elemente de retoric\u0103 rom\u00e2neasc\u0103: poezie, proz\u0103, text dramatic<\/em> (Bucure\u0219ti, All, 2001), <em>Retoric\u0103 publicistic\u0103: de la paratext la text<\/em> (Bucure\u0219ti, Editura Universit\u0103\u021bii din Bucure\u0219ti, 2006), precum \u0219i a numeroase studii \u0219i articole.<\/p>\n<p>Domenii de interes \u0219tiin\u021bific: istoria limbii rom\u00e2ne literare, stilistic\u0103, poetic\u0103, retoric\u0103, analiza discursului.<\/p>\n","protected":false},"excerpt":{"rendered":"<p>Maria Cvasn\u00eei C\u0103t\u0103nescu este profesor (emerit) la Facultatea de Litere a Universit\u0103\u021bii din Bucure\u0219ti, Departamentul de lingvistic\u0103. Absolvent\u0103 a Facult\u0103\u021bii de limba \u0219i literatura rom\u00e2n\u0103 a Universit\u0103\u021bii din Bucure\u0219ti (1969), a ob\u021binut titlul de doctor \u00een filologie \u00een 1981, cu teza Structura dialogului \u00een textul dramatic \u2013 cu aplicare la dramaturgia rom\u00e2neasc\u0103 (Bucure\u0219ti, Tipografia Universit\u0103\u021bii [&hellip;]<\/p>\n","protected":false},"featured_media":20544,"comment_status":"open","ping_status":"closed","template":"","meta":[],"product_brand":[],"product_cat":[1531,2509,1464,979],"product_tag":[2863,1011,895,1184,2862],"class_list":{"0":"post-20543","1":"product","2":"type-product","3":"status-publish","4":"has-post-thumbnail","6":"product_cat-colectii","7":"product_cat-personalitati-ale-universitatii-din-bucuresti","8":"product_cat-filologie","9":"product_cat-limba-romana","10":"product_tag-istoria-limbii-romane-literare","11":"product_tag-limba-romana","12":"product_tag-lingvistica","13":"product_tag-litere","14":"product_tag-maria-cvasnii-catanescu","16":"first","17":"outofstock","18":"shipping-taxable","19":"purchasable","20":"product-type-simple"},"_links":{"self":[{"href":"https:\/\/editura-unibuc.ro\/en\/wp-json\/wp\/v2\/product\/20543","targetHints":{"allow":["GET"]}}],"collection":[{"href":"https:\/\/editura-unibuc.ro\/en\/wp-json\/wp\/v2\/product"}],"about":[{"href":"https:\/\/editura-unibuc.ro\/en\/wp-json\/wp\/v2\/types\/product"}],"replies":[{"embeddable":true,"href":"https:\/\/editura-unibuc.ro\/en\/wp-json\/wp\/v2\/comments?post=20543"}],"wp:featuredmedia":[{"embeddable":true,"href":"https:\/\/editura-unibuc.ro\/en\/wp-json\/wp\/v2\/media\/20544"}],"wp:attachment":[{"href":"https:\/\/editura-unibuc.ro\/en\/wp-json\/wp\/v2\/media?parent=20543"}],"wp:term":[{"taxonomy":"product_brand","embeddable":true,"href":"https:\/\/editura-unibuc.ro\/en\/wp-json\/wp\/v2\/product_brand?post=20543"},{"taxonomy":"product_cat","embeddable":true,"href":"https:\/\/editura-unibuc.ro\/en\/wp-json\/wp\/v2\/product_cat?post=20543"},{"taxonomy":"product_tag","embeddable":true,"href":"https:\/\/editura-unibuc.ro\/en\/wp-json\/wp\/v2\/product_tag?post=20543"}],"curies":[{"name":"wp","href":"https:\/\/api.w.org\/{rel}","templated":true}]}}