{"id":20547,"date":"2017-11-08T11:26:18","date_gmt":"2017-11-08T09:26:18","guid":{"rendered":"https:\/\/editura-unibuc.ro\/?post_type=product&#038;p=20547"},"modified":"2017-11-08T11:26:18","modified_gmt":"2017-11-08T09:26:18","slug":"thermodynamics-and-statistical-physics-course-and-seminar-notes","status":"publish","type":"product","link":"https:\/\/editura-unibuc.ro\/en\/thermodynamics-and-statistical-physics-course-and-seminar-notes\/","title":{"rendered":"THERMODYNAMICS AND STATISTICAL PHYSICS. COURSE AND SEMINAR NOTES"},"content":{"rendered":"<p>Prezenta lucrare, compus\u0103 din note de curs \u015fi de seminar, se adreseaz\u0103 studen\u0163ilor de la Facultatea de Fizic\u0103 Ciclul I \u2013 Licen\u0163\u0103, sec\u0163ia de predare \u00een limba englez\u0103.<\/p>\n","protected":false},"excerpt":{"rendered":"<p>Prezenta lucrare, compus\u0103 din note de curs \u015fi de seminar, se adreseaz\u0103 studen\u0163ilor de la Facultatea de Fizic\u0103 Ciclul I \u2013 Licen\u0163\u0103, sec\u0163ia de predare \u00een limba englez\u0103.<\/p>\n","protected":false},"featured_media":20548,"comment_status":"open","ping_status":"closed","template":"","meta":[],"product_brand":[],"product_cat":[1531,2839,982,984],"product_tag":[2873,2870,2872,2868,2841,2869,2871],"class_list":{"0":"post-20547","1":"product","2":"type-product","3":"status-publish","4":"has-post-thumbnail","6":"product_cat-colectii","7":"product_cat-fizicaphysics","8":"product_cat-stiinte-exacte","9":"product_cat-fizica","10":"product_tag-analytical-mechanics","11":"product_tag-fluids","12":"product_tag-mathematical-complements","13":"product_tag-physics","14":"product_tag-radu-paul-lungu","15":"product_tag-statistical-ensembles","16":"product_tag-thermal-radiation","18":"first","19":"instock","20":"shipping-taxable","21":"purchasable","22":"product-type-simple"},"_links":{"self":[{"href":"https:\/\/editura-unibuc.ro\/en\/wp-json\/wp\/v2\/product\/20547","targetHints":{"allow":["GET"]}}],"collection":[{"href":"https:\/\/editura-unibuc.ro\/en\/wp-json\/wp\/v2\/product"}],"about":[{"href":"https:\/\/editura-unibuc.ro\/en\/wp-json\/wp\/v2\/types\/product"}],"replies":[{"embeddable":true,"href":"https:\/\/editura-unibuc.ro\/en\/wp-json\/wp\/v2\/comments?post=20547"}],"wp:featuredmedia":[{"embeddable":true,"href":"https:\/\/editura-unibuc.ro\/en\/wp-json\/wp\/v2\/media\/20548"}],"wp:attachment":[{"href":"https:\/\/editura-unibuc.ro\/en\/wp-json\/wp\/v2\/media?parent=20547"}],"wp:term":[{"taxonomy":"product_brand","embeddable":true,"href":"https:\/\/editura-unibuc.ro\/en\/wp-json\/wp\/v2\/product_brand?post=20547"},{"taxonomy":"product_cat","embeddable":true,"href":"https:\/\/editura-unibuc.ro\/en\/wp-json\/wp\/v2\/product_cat?post=20547"},{"taxonomy":"product_tag","embeddable":true,"href":"https:\/\/editura-unibuc.ro\/en\/wp-json\/wp\/v2\/product_tag?post=20547"}],"curies":[{"name":"wp","href":"https:\/\/api.w.org\/{rel}","templated":true}]}}