{"id":2059,"date":"2012-09-13T08:51:15","date_gmt":"2012-09-13T05:51:15","guid":{"rendered":"https:\/\/editura-unibuc.ro\/?p=2059"},"modified":"2020-03-06T12:47:16","modified_gmt":"2020-03-06T10:47:16","slug":"dumitru-berciu-o-viata-inchinata-arheologiei-romanesti","status":"publish","type":"product","link":"https:\/\/editura-unibuc.ro\/en\/dumitru-berciu-o-viata-inchinata-arheologiei-romanesti\/","title":{"rendered":"DUMITRU BERCIU The life of a Romanian archaeologist"},"content":{"rendered":"<p>Volumul semnat de Adina Berciu-Dr\u0103ghicescu este un omagiu adus profesorului Dumitru Berciu. \u201eD. Berciu a dus \u00eentreaga via\u021b\u0103 o adev\u0103rat\u0103 lupt\u0103 pentru a dovedi lumii \u00eentregi unitatea \u0219i continuitatea poporului rom\u00e2n, precum \u0219i drepturile acestui popor asupra Transilvaniei, Basarabiei \u0219i Bucovinei, \u00abcare vor r\u0103m\u00e2ne de-a pururi adev\u0103ruri valabile \u00een istoria sa\u00bb. A f\u0103cut ceea ce \u00eenv\u0103\u021base de la profesorii s\u0103i. Nu a fost apreciat pentru acest lucru. Din contr\u0103, pozi\u021bia sa i-a atras numai du\u0219m\u0103nii, invidii, b\u00e2rfe \u0219i alte asemenea dezagramente\u201d, noteaz\u0103 autoarea \u00een carte.<\/p>\n","protected":false},"excerpt":{"rendered":"<p>Volumul semnat de Adina Berciu-Dr\u0103ghicescu este un omagiu adus profesorului Dumitru Berciu. \u201eD. Berciu a dus \u00eentreaga via\u021b\u0103 o adev\u0103rat\u0103 lupt\u0103 pentru a dovedi lumii \u00eentregi unitatea \u0219i continuitatea poporului rom\u00e2n, precum \u0219i drepturile acestui popor asupra Transilvaniei, Basarabiei \u0219i Bucovinei, \u00abcare vor r\u0103m\u00e2ne de-a pururi adev\u0103ruri valabile \u00een istoria sa\u00bb. A f\u0103cut ceea ce [&hellip;]<\/p>\n","protected":false},"featured_media":10881,"comment_status":"open","ping_status":"closed","template":"","meta":[],"product_brand":[],"product_cat":[1531,2509,991,995],"product_tag":[934,935,881],"class_list":{"0":"post-2059","1":"product","2":"type-product","3":"status-publish","4":"has-post-thumbnail","6":"product_cat-colectii","7":"product_cat-personalitati-ale-universitatii-din-bucuresti","8":"product_cat-stiinte-sociale","9":"product_cat-istorie-stiinte-politice","10":"product_tag-arheologie","11":"product_tag-dumitru-berciu","12":"product_tag-istorie","14":"first","15":"outofstock","16":"shipping-taxable","17":"purchasable","18":"product-type-simple"},"_links":{"self":[{"href":"https:\/\/editura-unibuc.ro\/en\/wp-json\/wp\/v2\/product\/2059","targetHints":{"allow":["GET"]}}],"collection":[{"href":"https:\/\/editura-unibuc.ro\/en\/wp-json\/wp\/v2\/product"}],"about":[{"href":"https:\/\/editura-unibuc.ro\/en\/wp-json\/wp\/v2\/types\/product"}],"replies":[{"embeddable":true,"href":"https:\/\/editura-unibuc.ro\/en\/wp-json\/wp\/v2\/comments?post=2059"}],"wp:featuredmedia":[{"embeddable":true,"href":"https:\/\/editura-unibuc.ro\/en\/wp-json\/wp\/v2\/media\/10881"}],"wp:attachment":[{"href":"https:\/\/editura-unibuc.ro\/en\/wp-json\/wp\/v2\/media?parent=2059"}],"wp:term":[{"taxonomy":"product_brand","embeddable":true,"href":"https:\/\/editura-unibuc.ro\/en\/wp-json\/wp\/v2\/product_brand?post=2059"},{"taxonomy":"product_cat","embeddable":true,"href":"https:\/\/editura-unibuc.ro\/en\/wp-json\/wp\/v2\/product_cat?post=2059"},{"taxonomy":"product_tag","embeddable":true,"href":"https:\/\/editura-unibuc.ro\/en\/wp-json\/wp\/v2\/product_tag?post=2059"}],"curies":[{"name":"wp","href":"https:\/\/api.w.org\/{rel}","templated":true}]}}