{"id":2072,"date":"2012-09-13T09:42:28","date_gmt":"2012-09-13T06:42:28","guid":{"rendered":"https:\/\/editura-unibuc.ro\/?p=2072"},"modified":"2025-08-06T14:23:36","modified_gmt":"2025-08-06T11:23:36","slug":"legea-morala-la-kant","status":"publish","type":"product","link":"https:\/\/editura-unibuc.ro\/en\/legea-morala-la-kant\/","title":{"rendered":"MORAL LAW IN KANT&#8217;S WORK"},"content":{"rendered":"<p>Volumul de fa\u021b\u0103 este un caiet de seminar util studen\u021bilor dornici s\u0103 \u00een\u021beleag\u0103 filosofia moral\u0103 a lui Immanuel Kant (1724-1804). Textele traduse reprezint\u0103 comentarii la opera de filosofie practic\u0103 a celui ce e considerat cel mai mare filosof modern; comentariile vizeaz\u0103 \u00een principal \u00centemeierea metafizicii moravurilor. \u00cen mod firesc, studiul acestor texte trebuie s\u0103 se fac\u0103 \u00een paralel sau dup\u0103 lectura lucr\u0103rii lui Kant, nu \u00een locul ei. De\u0219i autorii comentariilor sunt cunoscu\u021bi exege\u021bi ai operei kantiene, nivelul de sofisticare al textelor e potrivit capacit\u0103\u021bii de \u00een\u021belegere a unui debutant \u00een studiul lui Kant.<\/p>\n","protected":false},"excerpt":{"rendered":"<p>Volumul de fa\u021b\u0103 este un caiet de seminar util studen\u021bilor dornici s\u0103 \u00een\u021beleag\u0103 filosofia moral\u0103 a lui Immanuel Kant (1724-1804). Textele traduse reprezint\u0103 comentarii la opera de filosofie practic\u0103 a celui ce e considerat cel mai mare filosof modern; comentariile vizeaz\u0103 \u00een principal \u00centemeierea metafizicii moravurilor. \u00cen mod firesc, studiul acestor texte trebuie s\u0103 se [&hellip;]<\/p>\n","protected":false},"featured_media":10873,"comment_status":"open","ping_status":"closed","template":"","meta":[],"product_brand":[],"product_cat":[991,994],"product_tag":[921,1366,1348],"class_list":{"0":"post-2072","1":"product","2":"type-product","3":"status-publish","4":"has-post-thumbnail","6":"product_cat-stiinte-sociale","7":"product_cat-filosofie","8":"product_tag-filosofie","9":"product_tag-kant","10":"product_tag-morala","12":"first","13":"outofstock","14":"shipping-taxable","15":"purchasable","16":"product-type-simple"},"_links":{"self":[{"href":"https:\/\/editura-unibuc.ro\/en\/wp-json\/wp\/v2\/product\/2072","targetHints":{"allow":["GET"]}}],"collection":[{"href":"https:\/\/editura-unibuc.ro\/en\/wp-json\/wp\/v2\/product"}],"about":[{"href":"https:\/\/editura-unibuc.ro\/en\/wp-json\/wp\/v2\/types\/product"}],"replies":[{"embeddable":true,"href":"https:\/\/editura-unibuc.ro\/en\/wp-json\/wp\/v2\/comments?post=2072"}],"wp:featuredmedia":[{"embeddable":true,"href":"https:\/\/editura-unibuc.ro\/en\/wp-json\/wp\/v2\/media\/10873"}],"wp:attachment":[{"href":"https:\/\/editura-unibuc.ro\/en\/wp-json\/wp\/v2\/media?parent=2072"}],"wp:term":[{"taxonomy":"product_brand","embeddable":true,"href":"https:\/\/editura-unibuc.ro\/en\/wp-json\/wp\/v2\/product_brand?post=2072"},{"taxonomy":"product_cat","embeddable":true,"href":"https:\/\/editura-unibuc.ro\/en\/wp-json\/wp\/v2\/product_cat?post=2072"},{"taxonomy":"product_tag","embeddable":true,"href":"https:\/\/editura-unibuc.ro\/en\/wp-json\/wp\/v2\/product_tag?post=2072"}],"curies":[{"name":"wp","href":"https:\/\/api.w.org\/{rel}","templated":true}]}}