{"id":2077,"date":"2012-09-13T10:22:48","date_gmt":"2012-09-13T07:22:48","guid":{"rendered":"https:\/\/editura-unibuc.ro\/?p=2077"},"modified":"2015-03-13T18:54:27","modified_gmt":"2015-03-13T16:54:27","slug":"jewish-world-and-christian-nation-in-the-romanian-space-from-the-middle-ages-to-the-contemporary-age","status":"publish","type":"product","link":"https:\/\/editura-unibuc.ro\/en\/jewish-world-and-christian-nation-in-the-romanian-space-from-the-middle-ages-to-the-contemporary-age\/","title":{"rendered":"JEWISH WORLD AND CHRISTIAN NATION IN THE ROMANIAN SPACE FROM THE MIDDLE AGES TO THE CONTEMPORARY AGE"},"content":{"rendered":"<p>Autorul, director al Institutului Italian de Cultur\u0103 \u201cVito Grasso\u201d din Bucure\u0219ti ofer\u0103 \u00een acest studiu o imagine a comunit\u0103\u021bilor evreie\u0219ti de pe teritoriul locuit \u00een majoritate de rom\u00e2ni, eviden\u021biind condi\u021bia evreilor \u00een contextul istoric \u0219i cultural rom\u00e2nesc, compara\u021bii cu Italia, o mic\u0103 men\u021biune a practicilor hasidice \u0219i a mitului \u201cautohtonist\u201d rom\u00e2nesc.<\/p>\n","protected":false},"excerpt":{"rendered":"<p>Autorul, director al Institutului Italian de Cultur\u0103 \u201cVito Grasso\u201d din Bucure\u0219ti ofer\u0103 \u00een acest studiu o imagine a comunit\u0103\u021bilor evreie\u0219ti de pe teritoriul locuit \u00een majoritate de rom\u00e2ni, eviden\u021biind condi\u021bia evreilor \u00een contextul istoric \u0219i cultural rom\u00e2nesc, compara\u021bii cu Italia, o mic\u0103 men\u021biune a practicilor hasidice \u0219i a mitului \u201cautohtonist\u201d rom\u00e2nesc.<\/p>\n","protected":false},"featured_media":10869,"comment_status":"open","ping_status":"closed","template":"","meta":[],"product_brand":[],"product_cat":[991,995],"product_tag":[1180,930],"class_list":{"0":"post-2077","1":"product","2":"type-product","3":"status-publish","4":"has-post-thumbnail","6":"product_cat-stiinte-sociale","7":"product_cat-istorie-stiinte-politice","8":"product_tag-evrei","9":"product_tag-romania","11":"first","12":"outofstock","13":"shipping-taxable","14":"product-type-simple"},"_links":{"self":[{"href":"https:\/\/editura-unibuc.ro\/en\/wp-json\/wp\/v2\/product\/2077","targetHints":{"allow":["GET"]}}],"collection":[{"href":"https:\/\/editura-unibuc.ro\/en\/wp-json\/wp\/v2\/product"}],"about":[{"href":"https:\/\/editura-unibuc.ro\/en\/wp-json\/wp\/v2\/types\/product"}],"replies":[{"embeddable":true,"href":"https:\/\/editura-unibuc.ro\/en\/wp-json\/wp\/v2\/comments?post=2077"}],"wp:featuredmedia":[{"embeddable":true,"href":"https:\/\/editura-unibuc.ro\/en\/wp-json\/wp\/v2\/media\/10869"}],"wp:attachment":[{"href":"https:\/\/editura-unibuc.ro\/en\/wp-json\/wp\/v2\/media?parent=2077"}],"wp:term":[{"taxonomy":"product_brand","embeddable":true,"href":"https:\/\/editura-unibuc.ro\/en\/wp-json\/wp\/v2\/product_brand?post=2077"},{"taxonomy":"product_cat","embeddable":true,"href":"https:\/\/editura-unibuc.ro\/en\/wp-json\/wp\/v2\/product_cat?post=2077"},{"taxonomy":"product_tag","embeddable":true,"href":"https:\/\/editura-unibuc.ro\/en\/wp-json\/wp\/v2\/product_tag?post=2077"}],"curies":[{"name":"wp","href":"https:\/\/api.w.org\/{rel}","templated":true}]}}