{"id":20780,"date":"2017-12-01T10:34:38","date_gmt":"2017-12-01T08:34:38","guid":{"rendered":"https:\/\/editura-unibuc.ro\/?post_type=product&#038;p=20780"},"modified":"2026-02-11T09:38:47","modified_gmt":"2026-02-11T07:38:47","slug":"istoria-literaturii-bulgare-de-la-inceputuri-pana-la-eliberare-1878","status":"publish","type":"product","link":"https:\/\/editura-unibuc.ro\/en\/istoria-literaturii-bulgare-de-la-inceputuri-pana-la-eliberare-1878\/","title":{"rendered":"ISTORIA LITERATURII BULGARE DE LA \u00ceNCEPUTURI P\u00c2N\u0102 LA ELIBERARE (1878)"},"content":{"rendered":"<p>Aceast\u0103 lucrare are ca scop familiarizarea cititorului rom\u00e2n cu literatura bulgar\u0103 medieval\u0103 \u015fi renascentist\u0103, oferind un comentariu c\u00e2t mai substan\u0163ial \u015fi mai cuprinz\u0103tor, cu tendin\u0163a permanent\u0103 a \u00eencadr\u0103rii scrierilor \u00een cursul firesc al evolu\u0163iei literaturii bulgare, aceasta, la r\u00e2ndul ei, fiind analizat\u0103 \u00een contextul cultural-sociologic na\u0163ional \u015fi, la scar\u0103 mai mare, european. <\/p>\n","protected":false},"excerpt":{"rendered":"<p>Aceast\u0103 lucrare are ca scop familiarizarea cititorului rom\u00e2n cu literatura bulgar\u0103 medieval\u0103 \u015fi renascentist\u0103, oferind un comentariu c\u00e2t mai substan\u0163ial \u015fi mai cuprinz\u0103tor, cu tendin\u0163a permanent\u0103 a \u00eencadr\u0103rii scrierilor \u00een cursul firesc al evolu\u0163iei literaturii bulgare, aceasta, la r\u00e2ndul ei, fiind analizat\u0103 \u00een contextul cultural-sociologic na\u0163ional \u015fi, la scar\u0103 mai mare, european.<\/p>\n","protected":false},"featured_media":20781,"comment_status":"open","ping_status":"closed","template":"","meta":[],"product_brand":[],"product_cat":[1531,2653,1464,981],"product_tag":[2813,2882],"class_list":{"0":"post-20780","1":"product","2":"type-product","3":"status-publish","4":"has-post-thumbnail","6":"product_cat-colectii","7":"product_cat-biblioteca-de-slavistica","8":"product_cat-filologie","9":"product_cat-limbi-slave","10":"product_tag-catalina-puiu","11":"product_tag-literatura-bulgara","13":"first","14":"instock","15":"shipping-taxable","16":"purchasable","17":"product-type-simple"},"_links":{"self":[{"href":"https:\/\/editura-unibuc.ro\/en\/wp-json\/wp\/v2\/product\/20780","targetHints":{"allow":["GET"]}}],"collection":[{"href":"https:\/\/editura-unibuc.ro\/en\/wp-json\/wp\/v2\/product"}],"about":[{"href":"https:\/\/editura-unibuc.ro\/en\/wp-json\/wp\/v2\/types\/product"}],"replies":[{"embeddable":true,"href":"https:\/\/editura-unibuc.ro\/en\/wp-json\/wp\/v2\/comments?post=20780"}],"wp:featuredmedia":[{"embeddable":true,"href":"https:\/\/editura-unibuc.ro\/en\/wp-json\/wp\/v2\/media\/20781"}],"wp:attachment":[{"href":"https:\/\/editura-unibuc.ro\/en\/wp-json\/wp\/v2\/media?parent=20780"}],"wp:term":[{"taxonomy":"product_brand","embeddable":true,"href":"https:\/\/editura-unibuc.ro\/en\/wp-json\/wp\/v2\/product_brand?post=20780"},{"taxonomy":"product_cat","embeddable":true,"href":"https:\/\/editura-unibuc.ro\/en\/wp-json\/wp\/v2\/product_cat?post=20780"},{"taxonomy":"product_tag","embeddable":true,"href":"https:\/\/editura-unibuc.ro\/en\/wp-json\/wp\/v2\/product_tag?post=20780"}],"curies":[{"name":"wp","href":"https:\/\/api.w.org\/{rel}","templated":true}]}}