{"id":20785,"date":"2017-12-01T10:41:38","date_gmt":"2017-12-01T08:41:38","guid":{"rendered":"https:\/\/editura-unibuc.ro\/magazin\/filologie\/limbi-slave\/romanoslavica-vol-liii-nr-1\/"},"modified":"2025-03-13T12:36:07","modified_gmt":"2025-03-13T10:36:07","slug":"romanoslavica-vol-liii-nr-1","status":"publish","type":"product","link":"https:\/\/editura-unibuc.ro\/en\/romanoslavica-vol-liii-nr-1\/","title":{"rendered":"ROMANOSLAVICA, VOL. LIII NR.1"},"content":{"rendered":"<p>Volumul con\u021bine materialele prezentate la conferin\u021ba interna\u021bional\u0103 \u201eZilele culturilor slave la Bucure\u0219ti\u201d, 23-24 septembrie 2016.<\/p>\n<p>(Universitatea din Bucure\u015fti, Facultatea de limbi \u015fi literaturi str\u0103ine, Departamentul de filologie rus\u0103 \u015fi slav\u0103)<br \/>\n<\/p>","protected":false},"excerpt":{"rendered":"<p>Volumul con\u021bine materialele prezentate la conferin\u021ba interna\u021bional\u0103 \u201eZilele culturilor slave la Bucure\u0219ti\u201d, 23-24 septembrie 2016. (Universitatea din Bucure\u015fti, Facultatea de limbi \u015fi literaturi str\u0103ine, Departamentul de filologie rus\u0103 \u015fi slav\u0103)<\/p>\n","protected":false},"featured_media":20786,"comment_status":"open","ping_status":"closed","template":"","meta":[],"product_brand":[],"product_cat":[3823,1891,1464,981,1469],"product_tag":[2324,1338,2433],"class_list":{"0":"post-20785","1":"product","2":"type-product","3":"status-publish","4":"has-post-thumbnail","6":"product_cat-stiinte-umane","7":"product_cat-download","8":"product_cat-filologie","9":"product_cat-limbi-slave","10":"product_cat-periodice","11":"product_tag-asociatia-slavistilor-din-romania","12":"product_tag-romanoslavica","13":"product_tag-zilele-culturilor-slave-in-romania","15":"first","16":"instock","17":"downloadable","18":"virtual","19":"product-type-simple"},"_links":{"self":[{"href":"https:\/\/editura-unibuc.ro\/en\/wp-json\/wp\/v2\/product\/20785","targetHints":{"allow":["GET"]}}],"collection":[{"href":"https:\/\/editura-unibuc.ro\/en\/wp-json\/wp\/v2\/product"}],"about":[{"href":"https:\/\/editura-unibuc.ro\/en\/wp-json\/wp\/v2\/types\/product"}],"replies":[{"embeddable":true,"href":"https:\/\/editura-unibuc.ro\/en\/wp-json\/wp\/v2\/comments?post=20785"}],"wp:featuredmedia":[{"embeddable":true,"href":"https:\/\/editura-unibuc.ro\/en\/wp-json\/wp\/v2\/media\/20786"}],"wp:attachment":[{"href":"https:\/\/editura-unibuc.ro\/en\/wp-json\/wp\/v2\/media?parent=20785"}],"wp:term":[{"taxonomy":"product_brand","embeddable":true,"href":"https:\/\/editura-unibuc.ro\/en\/wp-json\/wp\/v2\/product_brand?post=20785"},{"taxonomy":"product_cat","embeddable":true,"href":"https:\/\/editura-unibuc.ro\/en\/wp-json\/wp\/v2\/product_cat?post=20785"},{"taxonomy":"product_tag","embeddable":true,"href":"https:\/\/editura-unibuc.ro\/en\/wp-json\/wp\/v2\/product_tag?post=20785"}],"curies":[{"name":"wp","href":"https:\/\/api.w.org\/{rel}","templated":true}]}}