{"id":2081,"date":"2012-09-13T11:01:01","date_gmt":"2012-09-13T08:01:01","guid":{"rendered":"https:\/\/editura-unibuc.ro\/?p=2081"},"modified":"2023-03-28T09:05:36","modified_gmt":"2023-03-28T06:05:36","slug":"ghidul-metodei-glottodrama-invatarea-limbilor-straine-prin-metode-teatrale","status":"publish","type":"product","link":"https:\/\/editura-unibuc.ro\/en\/ghidul-metodei-glottodrama-invatarea-limbilor-straine-prin-metode-teatrale\/","title":{"rendered":"GLOTTODRAMA. Learning foreign languages by drama methods"},"content":{"rendered":"<p>Carlo Nofri este redactor-\u0219ef al revistei de lingvistic\u0103 Culturiana (<a href=\"http:\/\/www.culturiana.it\/\">www.culturiana.it<\/a>) este licen\u021biat \u00een filosofia limbajului \u0219i pred\u0103 Didactica Limbii Italiene la \u0218coala de var\u0103 de la Centrul de Limb\u0103 Italian\u0103 de la Universitatea Tor Vergata din Roma. Este autorul mai multor articole \u0219i publica\u021bii de predare a limbilor moderne \u0219i \u0219i-a orientat cercetarea \u00een special c\u0103tre rela\u021biile dintre limbaj \u0219i g\u00e2ndire precum \u0219i pe comunicarea nonverbal\u0103 \u0219i pe predarea limbilor str\u0103ine cu ajutorul abord\u0103rilor umaniste. A coordonat proiectul pilot Italnet iar \u00een prezent conduce proiectul multilateral Glottodrama din cadrul EU Lifelong Learning Programme.<\/p>\n","protected":false},"excerpt":{"rendered":"<p>Carlo Nofri este redactor-\u0219ef al revistei de lingvistic\u0103 Culturiana (www.culturiana.it) este licen\u021biat \u00een filosofia limbajului \u0219i pred\u0103 Didactica Limbii Italiene la \u0218coala de var\u0103 de la Centrul de Limb\u0103 Italian\u0103 de la Universitatea Tor Vergata din Roma. Este autorul mai multor articole \u0219i publica\u021bii de predare a limbilor moderne \u0219i \u0219i-a orientat cercetarea \u00een special [&hellip;]<\/p>\n","protected":false},"featured_media":10866,"comment_status":"open","ping_status":"closed","template":"","meta":[],"product_brand":[],"product_cat":[1464,980],"product_tag":[1059,1339],"class_list":{"0":"post-2081","1":"product","2":"type-product","3":"status-publish","4":"has-post-thumbnail","6":"product_cat-filologie","7":"product_cat-limbi-romanice-clasice-si-orientale","8":"product_tag-limbi-straine","9":"product_tag-teatru","11":"first","12":"outofstock","13":"shipping-taxable","14":"product-type-simple"},"_links":{"self":[{"href":"https:\/\/editura-unibuc.ro\/en\/wp-json\/wp\/v2\/product\/2081","targetHints":{"allow":["GET"]}}],"collection":[{"href":"https:\/\/editura-unibuc.ro\/en\/wp-json\/wp\/v2\/product"}],"about":[{"href":"https:\/\/editura-unibuc.ro\/en\/wp-json\/wp\/v2\/types\/product"}],"replies":[{"embeddable":true,"href":"https:\/\/editura-unibuc.ro\/en\/wp-json\/wp\/v2\/comments?post=2081"}],"wp:featuredmedia":[{"embeddable":true,"href":"https:\/\/editura-unibuc.ro\/en\/wp-json\/wp\/v2\/media\/10866"}],"wp:attachment":[{"href":"https:\/\/editura-unibuc.ro\/en\/wp-json\/wp\/v2\/media?parent=2081"}],"wp:term":[{"taxonomy":"product_brand","embeddable":true,"href":"https:\/\/editura-unibuc.ro\/en\/wp-json\/wp\/v2\/product_brand?post=2081"},{"taxonomy":"product_cat","embeddable":true,"href":"https:\/\/editura-unibuc.ro\/en\/wp-json\/wp\/v2\/product_cat?post=2081"},{"taxonomy":"product_tag","embeddable":true,"href":"https:\/\/editura-unibuc.ro\/en\/wp-json\/wp\/v2\/product_tag?post=2081"}],"curies":[{"name":"wp","href":"https:\/\/api.w.org\/{rel}","templated":true}]}}