{"id":2085,"date":"2012-09-13T11:13:30","date_gmt":"2012-09-13T08:13:30","guid":{"rendered":"https:\/\/editura-unibuc.ro\/?p=2085"},"modified":"2025-04-08T14:53:01","modified_gmt":"2025-04-08T11:53:01","slug":"erotica-semnificatiei","status":"publish","type":"product","link":"https:\/\/editura-unibuc.ro\/en\/erotica-semnificatiei\/","title":{"rendered":"EROTICA OF MEANING"},"content":{"rendered":"<p>Volumul lui Sebastian Grama, ap\u0103rut la Editura Universit\u0103\u021bii din Bucure\u0219ti, este un jurnal al reflec\u021biilor filosofice, al interpret\u0103rilor subiective \u0219i obiective asupra realit\u0103\u021bii \u00eenconjur\u0103toare, al unei realit\u0103\u021bi \u00een care viziunile proprii sunt primordiale. \u201eScenariul acestor pagini adopt\u0103 premisa c\u0103 avem a ignora senin autopsiile unui mental sau ale unei paradigme culturale. Fix\u0103rile comise datoreaz\u0103 totul hazardului\u201d, noteaz\u0103 autorul \u00een introducerea volumului.<\/p>\n","protected":false},"excerpt":{"rendered":"<p>Volumul lui Sebastian Grama, ap\u0103rut la Editura Universit\u0103\u021bii din Bucure\u0219ti, este un jurnal al reflec\u021biilor filosofice, al interpret\u0103rilor subiective \u0219i obiective asupra realit\u0103\u021bii \u00eenconjur\u0103toare, al unei realit\u0103\u021bi \u00een care viziunile proprii sunt primordiale. \u201eScenariul acestor pagini adopt\u0103 premisa c\u0103 avem a ignora senin autopsiile unui mental sau ale unei paradigme culturale. Fix\u0103rile comise datoreaz\u0103 totul [&hellip;]<\/p>\n","protected":false},"featured_media":10863,"comment_status":"open","ping_status":"closed","template":"","meta":[],"product_brand":[],"product_cat":[991,994],"product_tag":[921],"class_list":{"0":"post-2085","1":"product","2":"type-product","3":"status-publish","4":"has-post-thumbnail","6":"product_cat-stiinte-sociale","7":"product_cat-filosofie","8":"product_tag-filosofie","10":"first","11":"outofstock","12":"shipping-taxable","13":"purchasable","14":"product-type-simple"},"_links":{"self":[{"href":"https:\/\/editura-unibuc.ro\/en\/wp-json\/wp\/v2\/product\/2085","targetHints":{"allow":["GET"]}}],"collection":[{"href":"https:\/\/editura-unibuc.ro\/en\/wp-json\/wp\/v2\/product"}],"about":[{"href":"https:\/\/editura-unibuc.ro\/en\/wp-json\/wp\/v2\/types\/product"}],"replies":[{"embeddable":true,"href":"https:\/\/editura-unibuc.ro\/en\/wp-json\/wp\/v2\/comments?post=2085"}],"wp:featuredmedia":[{"embeddable":true,"href":"https:\/\/editura-unibuc.ro\/en\/wp-json\/wp\/v2\/media\/10863"}],"wp:attachment":[{"href":"https:\/\/editura-unibuc.ro\/en\/wp-json\/wp\/v2\/media?parent=2085"}],"wp:term":[{"taxonomy":"product_brand","embeddable":true,"href":"https:\/\/editura-unibuc.ro\/en\/wp-json\/wp\/v2\/product_brand?post=2085"},{"taxonomy":"product_cat","embeddable":true,"href":"https:\/\/editura-unibuc.ro\/en\/wp-json\/wp\/v2\/product_cat?post=2085"},{"taxonomy":"product_tag","embeddable":true,"href":"https:\/\/editura-unibuc.ro\/en\/wp-json\/wp\/v2\/product_tag?post=2085"}],"curies":[{"name":"wp","href":"https:\/\/api.w.org\/{rel}","templated":true}]}}