{"id":2090,"date":"2012-09-13T11:47:33","date_gmt":"2012-09-13T08:47:33","guid":{"rendered":"https:\/\/editura-unibuc.ro\/?p=2090"},"modified":"2015-09-17T08:59:43","modified_gmt":"2015-09-17T05:59:43","slug":"fericirea-datoria-si-decizia-etica","status":"publish","type":"product","link":"https:\/\/editura-unibuc.ro\/en\/fericirea-datoria-si-decizia-etica\/","title":{"rendered":"HAPPYNESS, DUTY AND MORAL DECISION"},"content":{"rendered":"<p>Autorul volumului r\u0103spunde la patru \u00eentreb\u0103ri fundamentale: Cum s-ar cuveni s\u0103 tr\u0103im?, Ce datorii avem?, Ce ac\u021biuni sunt moralmente corecte?, Cum deosebim binele de r\u0103u? La fiecare din cele patru \u00eentreb\u0103ri, analiza cercet\u0103torului se axeaz\u0103 pe \u201eRepublica\u201d lui Platon \u2013 o \u00eencercare de metafizic\u0103 politic\u0103, pe John Stuart Mill \u2013 dup\u0103 200 de ani, pe principiul ultim al teleologiei \u0219i ordinea cvasi-lexical\u0103 a genurilor de pl\u0103cere, pe utilitarismul binivelar al lui R.M. Hare ca metod\u0103 de decizie etic\u0103. \u00cen egal\u0103 m\u0103sur\u0103, Valentin Mure\u0219an abordeaz\u0103 teme precum \u201eevolu\u021bie \u0219i progres \u00een situa\u021bia moral\u0103 a organiza\u021biilor\u201d \u0219i \u201ecum lucreaz\u0103 un grup pluralist de decizie etic\u0103\u201d.<\/p>\n","protected":false},"excerpt":{"rendered":"<p>Autorul volumului r\u0103spunde la patru \u00eentreb\u0103ri fundamentale: Cum s-ar cuveni s\u0103 tr\u0103im?, Ce datorii avem?, Ce ac\u021biuni sunt moralmente corecte?, Cum deosebim binele de r\u0103u? La fiecare din cele patru \u00eentreb\u0103ri, analiza cercet\u0103torului se axeaz\u0103 pe \u201eRepublica\u201d lui Platon \u2013 o \u00eencercare de metafizic\u0103 politic\u0103, pe John Stuart Mill \u2013 dup\u0103 200 de ani, pe [&hellip;]<\/p>\n","protected":false},"featured_media":10860,"comment_status":"open","ping_status":"closed","template":"","meta":[],"product_brand":[],"product_cat":[991,994],"product_tag":[1347,921],"class_list":{"0":"post-2090","1":"product","2":"type-product","3":"status-publish","4":"has-post-thumbnail","6":"product_cat-stiinte-sociale","7":"product_cat-filosofie","8":"product_tag-etica","9":"product_tag-filosofie","11":"first","12":"outofstock","13":"shipping-taxable","14":"purchasable","15":"product-type-simple"},"_links":{"self":[{"href":"https:\/\/editura-unibuc.ro\/en\/wp-json\/wp\/v2\/product\/2090","targetHints":{"allow":["GET"]}}],"collection":[{"href":"https:\/\/editura-unibuc.ro\/en\/wp-json\/wp\/v2\/product"}],"about":[{"href":"https:\/\/editura-unibuc.ro\/en\/wp-json\/wp\/v2\/types\/product"}],"replies":[{"embeddable":true,"href":"https:\/\/editura-unibuc.ro\/en\/wp-json\/wp\/v2\/comments?post=2090"}],"wp:featuredmedia":[{"embeddable":true,"href":"https:\/\/editura-unibuc.ro\/en\/wp-json\/wp\/v2\/media\/10860"}],"wp:attachment":[{"href":"https:\/\/editura-unibuc.ro\/en\/wp-json\/wp\/v2\/media?parent=2090"}],"wp:term":[{"taxonomy":"product_brand","embeddable":true,"href":"https:\/\/editura-unibuc.ro\/en\/wp-json\/wp\/v2\/product_brand?post=2090"},{"taxonomy":"product_cat","embeddable":true,"href":"https:\/\/editura-unibuc.ro\/en\/wp-json\/wp\/v2\/product_cat?post=2090"},{"taxonomy":"product_tag","embeddable":true,"href":"https:\/\/editura-unibuc.ro\/en\/wp-json\/wp\/v2\/product_tag?post=2090"}],"curies":[{"name":"wp","href":"https:\/\/api.w.org\/{rel}","templated":true}]}}