{"id":2095,"date":"2012-09-13T12:01:18","date_gmt":"2012-09-13T09:01:18","guid":{"rendered":"https:\/\/editura-unibuc.ro\/?p=2095"},"modified":"2015-03-12T21:07:42","modified_gmt":"2015-03-12T19:07:42","slug":"letal-vital-verbal","status":"publish","type":"product","link":"https:\/\/editura-unibuc.ro\/en\/letal-vital-verbal\/","title":{"rendered":"LETHAL. VITAL. VERBAL"},"content":{"rendered":"<p>Profesor la Facultatea de Filosofie, Sebastian Grama dovede\u0219te, prin aceast\u0103 ultim\u0103 crea\u021bie a sa, c\u0103 orice abordare filosofic\u0103 a unui crez sau a unei identit\u0103\u021bi proprii nu se poate cuantifica doar prin cuvinte, ci prin semantica \u0219i profunzimea lor. \u201eSebastian Grama a descoperit, \u00eentre frontiere de mult \u0219tiute, un \u00abno man\u06e5s land\u00bb pe care \u0219i l-a \u00eensu\u0219it f\u0103r\u0103 preget, loc aflat la egal\u0103 distan\u021b\u0103 de negurile pasiunilor \u0219i de neonul rece al cinismului, \u00eenfr\u0103\u021bit cu ambele \u0219i complet str\u0103in de ele\u201d, men\u021bioneaz\u0103 unul dintre comentatorii crea\u021biei lui Grama.<\/p>\n","protected":false},"excerpt":{"rendered":"<p>Profesor la Facultatea de Filosofie, Sebastian Grama dovede\u0219te, prin aceast\u0103 ultim\u0103 crea\u021bie a sa, c\u0103 orice abordare filosofic\u0103 a unui crez sau a unei identit\u0103\u021bi proprii nu se poate cuantifica doar prin cuvinte, ci prin semantica \u0219i profunzimea lor. \u201eSebastian Grama a descoperit, \u00eentre frontiere de mult \u0219tiute, un \u00abno man\u06e5s land\u00bb pe care \u0219i [&hellip;]<\/p>\n","protected":false},"featured_media":10858,"comment_status":"open","ping_status":"closed","template":"","meta":[],"product_brand":[],"product_cat":[991,994],"product_tag":[921],"class_list":{"0":"post-2095","1":"product","2":"type-product","3":"status-publish","4":"has-post-thumbnail","6":"product_cat-stiinte-sociale","7":"product_cat-filosofie","8":"product_tag-filosofie","10":"first","11":"instock","12":"shipping-taxable","13":"purchasable","14":"product-type-simple"},"_links":{"self":[{"href":"https:\/\/editura-unibuc.ro\/en\/wp-json\/wp\/v2\/product\/2095","targetHints":{"allow":["GET"]}}],"collection":[{"href":"https:\/\/editura-unibuc.ro\/en\/wp-json\/wp\/v2\/product"}],"about":[{"href":"https:\/\/editura-unibuc.ro\/en\/wp-json\/wp\/v2\/types\/product"}],"replies":[{"embeddable":true,"href":"https:\/\/editura-unibuc.ro\/en\/wp-json\/wp\/v2\/comments?post=2095"}],"wp:featuredmedia":[{"embeddable":true,"href":"https:\/\/editura-unibuc.ro\/en\/wp-json\/wp\/v2\/media\/10858"}],"wp:attachment":[{"href":"https:\/\/editura-unibuc.ro\/en\/wp-json\/wp\/v2\/media?parent=2095"}],"wp:term":[{"taxonomy":"product_brand","embeddable":true,"href":"https:\/\/editura-unibuc.ro\/en\/wp-json\/wp\/v2\/product_brand?post=2095"},{"taxonomy":"product_cat","embeddable":true,"href":"https:\/\/editura-unibuc.ro\/en\/wp-json\/wp\/v2\/product_cat?post=2095"},{"taxonomy":"product_tag","embeddable":true,"href":"https:\/\/editura-unibuc.ro\/en\/wp-json\/wp\/v2\/product_tag?post=2095"}],"curies":[{"name":"wp","href":"https:\/\/api.w.org\/{rel}","templated":true}]}}