{"id":20970,"date":"2017-12-21T12:34:35","date_gmt":"2017-12-21T10:34:35","guid":{"rendered":"https:\/\/editura-unibuc.ro\/?post_type=product&#038;p=20970"},"modified":"2023-11-24T10:51:43","modified_gmt":"2023-11-24T08:51:43","slug":"revista-romana-de-filosofie-analitica-volumul-viii-2-iulie-decembrie-2014","status":"publish","type":"product","link":"https:\/\/editura-unibuc.ro\/en\/revista-romana-de-filosofie-analitica-volumul-viii-2-iulie-decembrie-2014\/","title":{"rendered":"ROMANIAN JOURNAL OF ANALYTIC PHILOSOPHY"},"content":{"rendered":"<p>Revist\u0103 semestrial\u0103 publicat\u0103 de Societatea Rom\u00e2n\u0103 de Filosofie Analitic\u0103, cu sprijinul facult\u0103\u0163ii de Filosofie, Universitatea din Bucure\u015fti.<\/p>\n","protected":false},"excerpt":{"rendered":"<p>Revist\u0103 semestrial\u0103 publicat\u0103 de Societatea Rom\u00e2n\u0103 de Filosofie Analitic\u0103, cu sprijinul facult\u0103\u0163ii de Filosofie, Universitatea din Bucure\u015fti.<\/p>\n","protected":false},"featured_media":20971,"comment_status":"open","ping_status":"closed","template":"","meta":[],"product_brand":[],"product_cat":[3919,1469,1893,991,994],"product_tag":[2754,2318,1212],"class_list":{"0":"post-20970","1":"product","2":"type-product","3":"status-publish","4":"has-post-thumbnail","6":"product_cat-revista-romana-de-filosofie-analitica","7":"product_cat-periodice","8":"product_cat-reviste-academice","9":"product_cat-stiinte-sociale","10":"product_cat-filosofie","11":"product_tag-naturalism","12":"product_tag-philosophy","13":"product_tag-truth","15":"first","16":"outofstock","17":"shipping-taxable","18":"purchasable","19":"product-type-simple"},"_links":{"self":[{"href":"https:\/\/editura-unibuc.ro\/en\/wp-json\/wp\/v2\/product\/20970","targetHints":{"allow":["GET"]}}],"collection":[{"href":"https:\/\/editura-unibuc.ro\/en\/wp-json\/wp\/v2\/product"}],"about":[{"href":"https:\/\/editura-unibuc.ro\/en\/wp-json\/wp\/v2\/types\/product"}],"replies":[{"embeddable":true,"href":"https:\/\/editura-unibuc.ro\/en\/wp-json\/wp\/v2\/comments?post=20970"}],"wp:featuredmedia":[{"embeddable":true,"href":"https:\/\/editura-unibuc.ro\/en\/wp-json\/wp\/v2\/media\/20971"}],"wp:attachment":[{"href":"https:\/\/editura-unibuc.ro\/en\/wp-json\/wp\/v2\/media?parent=20970"}],"wp:term":[{"taxonomy":"product_brand","embeddable":true,"href":"https:\/\/editura-unibuc.ro\/en\/wp-json\/wp\/v2\/product_brand?post=20970"},{"taxonomy":"product_cat","embeddable":true,"href":"https:\/\/editura-unibuc.ro\/en\/wp-json\/wp\/v2\/product_cat?post=20970"},{"taxonomy":"product_tag","embeddable":true,"href":"https:\/\/editura-unibuc.ro\/en\/wp-json\/wp\/v2\/product_tag?post=20970"}],"curies":[{"name":"wp","href":"https:\/\/api.w.org\/{rel}","templated":true}]}}