{"id":20972,"date":"2017-12-21T12:38:11","date_gmt":"2017-12-21T10:38:11","guid":{"rendered":"https:\/\/editura-unibuc.ro\/?post_type=product&#038;p=20972"},"modified":"2023-09-07T08:58:41","modified_gmt":"2023-09-07T05:58:41","slug":"familia-in-romania-intre-social-si-politic-o-incursiune-diacronica-pluridisciplinara","status":"publish","type":"product","link":"https:\/\/editura-unibuc.ro\/en\/familia-in-romania-intre-social-si-politic-o-incursiune-diacronica-pluridisciplinara\/","title":{"rendered":"FAMILIA \u00ceN ROM\u00c2NIA, \u00ceNTRE SOCIAL \u015eI POLITIC. O INCURSIUNE DIACRONIC\u0102 PLURIDISCIPLINAR\u0102"},"content":{"rendered":"<p>A \u00een\u0163elege procesele politice \u015fi sociale care au contribuit de-a lungul timpului la creionarea structurilor familiale de ast\u0103zi r\u0103m\u00e2ne un demers indispensabil analizei institu\u0163iei familiei.<br \/>\n\u00cen ansamblul s\u0103u, volumul de fa\u0163\u0103  este adresat speciali\u015ftilor \u015fi deopotriv\u0103 publicului larg, \u00eendeosebi studen\u0163ilor \u00een \u015ftiin\u0163e sociale \u015fi politice interesa\u0163i de problematica familiei. <\/p>\n<p>Anca Dohotariu, doctor \u00een sociologie (\u00c9cole des Hautes \u00c9tudes en Sciences Sociales, 2010), este conferen\u0163iar universitar \u00een cadrul Facult\u0103\u0163ii de \u015etiin\u0163e Politice a Universit\u0103\u0163ii din Bucure\u015fti. A coordonat numeroase cercet\u0103ri, precum \u201eArticularea vie\u0163ii familiale cu cea profesional\u0103, de la politic la social \u00een post-comunismul rom\u00e2nesc\u201d, \u00een cadrul Academiei Rom\u00e2ne, Filiala Ia\u015fi, sau \u201eFamily Policies and Gender Equality in Eastern and Central Europe. A comparative study Romania-Hungary\u201d, \u00een cadrul Universit\u0103\u0163ii Babe\u015f-Bolyai. Aria sa de interes este legat\u0103 de politicile sociale \u015fi familiale, politicile egalit\u0103\u0163ii de \u015fanse, sociologia institu\u0163iei familiale, studiile de gen. Anca Dohotariu este autoarea unui volum \u2013 <em>Le couple non mari\u00e9. Du politique au social dans le postcommunisme roumain<\/em>, Ia\u015fi: Institutul European, 2013 \u015fi a numeroase articole, printre care se num\u0103r\u0103 \u015fi \u201eThe unmarried couple in post-communist Romania: a qualitative sociological approach\u201d, <em>The History of the Family<\/em>, 20(4), 2015. <\/p>","protected":false},"excerpt":{"rendered":"<p>A \u00een\u0163elege procesele politice \u015fi sociale care au contribuit de-a lungul timpului la creionarea structurilor familiale de ast\u0103zi r\u0103m\u00e2ne un demers indispensabil analizei institu\u0163iei familiei. \u00cen ansamblul s\u0103u, volumul de fa\u0163\u0103 este adresat speciali\u015ftilor \u015fi deopotriv\u0103 publicului larg, \u00eendeosebi studen\u0163ilor \u00een \u015ftiin\u0163e sociale \u015fi politice interesa\u0163i de problematica familiei. Anca Dohotariu, doctor \u00een sociologie (\u00c9cole [&hellip;]<\/p>\n","protected":false},"featured_media":20973,"comment_status":"open","ping_status":"closed","template":"","meta":[],"product_brand":[],"product_cat":[1531,2885,991,995,998],"product_tag":[1264,2887,2888,2889],"class_list":{"0":"post-20972","1":"product","2":"type-product","3":"status-publish","4":"has-post-thumbnail","6":"product_cat-colectii","7":"product_cat-gen-politica-societate","8":"product_cat-stiinte-sociale","9":"product_cat-istorie-stiinte-politice","10":"product_cat-sociologie-si-asistenta-sociala","11":"product_tag-asistenta-sociala","12":"product_tag-familie","13":"product_tag-femeia","14":"product_tag-soti","16":"first","17":"outofstock","18":"shipping-taxable","19":"purchasable","20":"product-type-simple"},"_links":{"self":[{"href":"https:\/\/editura-unibuc.ro\/en\/wp-json\/wp\/v2\/product\/20972","targetHints":{"allow":["GET"]}}],"collection":[{"href":"https:\/\/editura-unibuc.ro\/en\/wp-json\/wp\/v2\/product"}],"about":[{"href":"https:\/\/editura-unibuc.ro\/en\/wp-json\/wp\/v2\/types\/product"}],"replies":[{"embeddable":true,"href":"https:\/\/editura-unibuc.ro\/en\/wp-json\/wp\/v2\/comments?post=20972"}],"wp:featuredmedia":[{"embeddable":true,"href":"https:\/\/editura-unibuc.ro\/en\/wp-json\/wp\/v2\/media\/20973"}],"wp:attachment":[{"href":"https:\/\/editura-unibuc.ro\/en\/wp-json\/wp\/v2\/media?parent=20972"}],"wp:term":[{"taxonomy":"product_brand","embeddable":true,"href":"https:\/\/editura-unibuc.ro\/en\/wp-json\/wp\/v2\/product_brand?post=20972"},{"taxonomy":"product_cat","embeddable":true,"href":"https:\/\/editura-unibuc.ro\/en\/wp-json\/wp\/v2\/product_cat?post=20972"},{"taxonomy":"product_tag","embeddable":true,"href":"https:\/\/editura-unibuc.ro\/en\/wp-json\/wp\/v2\/product_tag?post=20972"}],"curies":[{"name":"wp","href":"https:\/\/api.w.org\/{rel}","templated":true}]}}