{"id":20984,"date":"2017-12-21T12:53:52","date_gmt":"2017-12-21T10:53:52","guid":{"rendered":"https:\/\/editura-unibuc.ro\/?post_type=product&#038;p=20984"},"modified":"2019-10-15T14:19:21","modified_gmt":"2019-10-15T11:19:21","slug":"manual-de-limba-armeana-partea-iii-curs-avansat-krunk-haiastani","status":"publish","type":"product","link":"https:\/\/editura-unibuc.ro\/en\/manual-de-limba-armeana-partea-iii-curs-avansat-krunk-haiastani\/","title":{"rendered":"MANUAL DE LIMBA ARMEAN\u0102, PARTEA III, CURS AVANSAT \u2013 KRUNK HAIASTANI"},"content":{"rendered":"<p>PARTEA a III-a a MANUALULUI DE LIMBA ARMEAN\u0102 permite atingerea nivelelor C1 \u015fi C2, conform sistemului european de evaluare a competen\u0163elor lingvistice \u00eentr-o limb\u0103 str\u0103in\u0103.<\/p>\n<p>Con\u0163ine CD cu materiale audio.<\/p>\n","protected":false},"excerpt":{"rendered":"<p>PARTEA a III-a a MANUALULUI DE LIMBA ARMEAN\u0102 permite atingerea nivelelor C1 \u015fi C2, conform sistemului european de evaluare a competen\u0163elor lingvistice \u00eentr-o limb\u0103 str\u0103in\u0103. Con\u0163ine CD cu materiale audio.<\/p>\n","protected":false},"featured_media":20985,"comment_status":"open","ping_status":"closed","template":"","meta":[],"product_brand":[],"product_cat":[1464,980],"product_tag":[2435,2436],"class_list":{"0":"post-20984","1":"product","2":"type-product","3":"status-publish","4":"has-post-thumbnail","6":"product_cat-filologie","7":"product_cat-limbi-romanice-clasice-si-orientale","8":"product_tag-aida-markosian","9":"product_tag-iulia-postolachi","11":"first","12":"instock","13":"shipping-taxable","14":"purchasable","15":"product-type-simple"},"_links":{"self":[{"href":"https:\/\/editura-unibuc.ro\/en\/wp-json\/wp\/v2\/product\/20984","targetHints":{"allow":["GET"]}}],"collection":[{"href":"https:\/\/editura-unibuc.ro\/en\/wp-json\/wp\/v2\/product"}],"about":[{"href":"https:\/\/editura-unibuc.ro\/en\/wp-json\/wp\/v2\/types\/product"}],"replies":[{"embeddable":true,"href":"https:\/\/editura-unibuc.ro\/en\/wp-json\/wp\/v2\/comments?post=20984"}],"wp:featuredmedia":[{"embeddable":true,"href":"https:\/\/editura-unibuc.ro\/en\/wp-json\/wp\/v2\/media\/20985"}],"wp:attachment":[{"href":"https:\/\/editura-unibuc.ro\/en\/wp-json\/wp\/v2\/media?parent=20984"}],"wp:term":[{"taxonomy":"product_brand","embeddable":true,"href":"https:\/\/editura-unibuc.ro\/en\/wp-json\/wp\/v2\/product_brand?post=20984"},{"taxonomy":"product_cat","embeddable":true,"href":"https:\/\/editura-unibuc.ro\/en\/wp-json\/wp\/v2\/product_cat?post=20984"},{"taxonomy":"product_tag","embeddable":true,"href":"https:\/\/editura-unibuc.ro\/en\/wp-json\/wp\/v2\/product_tag?post=20984"}],"curies":[{"name":"wp","href":"https:\/\/api.w.org\/{rel}","templated":true}]}}