{"id":20990,"date":"2017-12-21T12:58:51","date_gmt":"2017-12-21T10:58:51","guid":{"rendered":"https:\/\/editura-unibuc.ro\/?post_type=product&#038;p=20990"},"modified":"2017-12-21T12:58:51","modified_gmt":"2017-12-21T10:58:51","slug":"figura-corp-arta-spatiu-limbaj-antologie-de-texte-teoretice","status":"publish","type":"product","link":"https:\/\/editura-unibuc.ro\/en\/figura-corp-arta-spatiu-limbaj-antologie-de-texte-teoretice\/","title":{"rendered":"FIGURA \u2013 CORP, ART\u0102, SPA\u0162IU, LIMBAJ: ANTOLOGIE DE TEXTE TEORETICE"},"content":{"rendered":"<p>Termen cu sensuri \u015fi semnifica\u0163ii multiple, care trimite, prin etimologia sa, la corp (figura uman\u0103), art\u0103 (figur\u0103 plastic\u0103, art\u0103 figurativ\u0103), spa\u0163iu (de la figurile geometrice la geografie) \u015fi limbaj (figuri de stil), figura nu revine deloc \u00eent\u00e2mpl\u0103tor \u00een teoria contemporan\u0103. Figura desemneaz\u0103 una dintre categoriile fundamentale cu care opereaz\u0103 disciplinele care studiaz\u0103 imaginea \u015fi limbajul (istoria artei, retorica, poetica).<\/p>\n","protected":false},"excerpt":{"rendered":"<p>Termen cu sensuri \u015fi semnifica\u0163ii multiple, care trimite, prin etimologia sa, la corp (figura uman\u0103), art\u0103 (figur\u0103 plastic\u0103, art\u0103 figurativ\u0103), spa\u0163iu (de la figurile geometrice la geografie) \u015fi limbaj (figuri de stil), figura nu revine deloc \u00eent\u00e2mpl\u0103tor \u00een teoria contemporan\u0103. Figura desemneaz\u0103 una dintre categoriile fundamentale cu care opereaz\u0103 disciplinele care studiaz\u0103 imaginea \u015fi limbajul [&hellip;]<\/p>\n","protected":false},"featured_media":20991,"comment_status":"open","ping_status":"closed","template":"","meta":[],"product_brand":[],"product_cat":[1464,979],"product_tag":[959,920,1638,2897,2898],"class_list":{"0":"post-20990","1":"product","2":"type-product","3":"status-publish","4":"has-post-thumbnail","6":"product_cat-filologie","7":"product_cat-limba-romana","8":"product_tag-arta","9":"product_tag-cultura","10":"product_tag-etimologie","11":"product_tag-laura-marin","12":"product_tag-simbolistica","14":"first","15":"outofstock","16":"shipping-taxable","17":"purchasable","18":"product-type-simple"},"_links":{"self":[{"href":"https:\/\/editura-unibuc.ro\/en\/wp-json\/wp\/v2\/product\/20990","targetHints":{"allow":["GET"]}}],"collection":[{"href":"https:\/\/editura-unibuc.ro\/en\/wp-json\/wp\/v2\/product"}],"about":[{"href":"https:\/\/editura-unibuc.ro\/en\/wp-json\/wp\/v2\/types\/product"}],"replies":[{"embeddable":true,"href":"https:\/\/editura-unibuc.ro\/en\/wp-json\/wp\/v2\/comments?post=20990"}],"wp:featuredmedia":[{"embeddable":true,"href":"https:\/\/editura-unibuc.ro\/en\/wp-json\/wp\/v2\/media\/20991"}],"wp:attachment":[{"href":"https:\/\/editura-unibuc.ro\/en\/wp-json\/wp\/v2\/media?parent=20990"}],"wp:term":[{"taxonomy":"product_brand","embeddable":true,"href":"https:\/\/editura-unibuc.ro\/en\/wp-json\/wp\/v2\/product_brand?post=20990"},{"taxonomy":"product_cat","embeddable":true,"href":"https:\/\/editura-unibuc.ro\/en\/wp-json\/wp\/v2\/product_cat?post=20990"},{"taxonomy":"product_tag","embeddable":true,"href":"https:\/\/editura-unibuc.ro\/en\/wp-json\/wp\/v2\/product_tag?post=20990"}],"curies":[{"name":"wp","href":"https:\/\/api.w.org\/{rel}","templated":true}]}}