{"id":20994,"date":"2017-12-21T13:02:59","date_gmt":"2017-12-21T11:02:59","guid":{"rendered":"https:\/\/editura-unibuc.ro\/?post_type=product&#038;p=20994"},"modified":"2019-12-13T13:45:58","modified_gmt":"2019-12-13T11:45:58","slug":"istoricul-studierii-limbii-rromani-in-invatamantul-universitar-din-romania-1992-2017","status":"publish","type":"product","link":"https:\/\/editura-unibuc.ro\/en\/istoricul-studierii-limbii-rromani-in-invatamantul-universitar-din-romania-1992-2017\/","title":{"rendered":"ISTORICUL STUDIERII LIMBII RROMANI \u00ceN \u00ceNV\u0102\u0162\u0102M\u00c2NTUL UNIVERSITAR DIN ROM\u00c2NIA (1992-2017)"},"content":{"rendered":"<p>Volumul de fa\u0163\u0103 \u00ee\u015fi propune s\u0103 \u00eenf\u0103\u0163i\u015feze ipostazele caracteristice fiec\u0103rei modalit\u0103\u0163i de studiere a limbii rromani, sus\u0163inute de repere documentare \u015fi de confesiunile beneficiarilor, de listele de cursan\u0163i \u015fi de absolven\u0163i care au p\u0103\u015fit \u201c\u00eenseta\u0163i\u201d \u00een aceste structuri de \u00eenv\u0103\u0163are \u015fi de ad\u00e2ncire a cunoa\u015fterii limbii rromani. <\/p>\n<p>Autor al primelor dic\u021bionare, manuale \u0219colare \u0219i cursuri universitare de limb\u0103 rromani ap\u0103rute \u00een Rom\u00e2nia, prof. univ. dr. Gheorghe Sar\u0103u, de la sec\u021bia de limba \u0219i literatura rromani a Facult\u0103\u021bii de Limbi \u0219i Literaturi Str\u0103ine, Universitatea din Bucure\u0219ti, desf\u0103\u0219oar\u0103, simultan, de peste dou\u0103zeci \u015fi \u0219apte de ani, \u0219i activitatea de consilier pentru limba rromani \u0219i rromi \u00een cadrul Direc\u021biei de \u00cenv\u0103\u021b\u0103m\u00e2nt \u00een Limbile Minorit\u0103\u021bilor din Ministerul Educa\u021biei Na\u0163ionale din Rom\u00e2nia, gestion\u00e2nd problematica pred\u0103rii limbii rromani \u00een \u0219coli \u0219i universit\u0103\u021bi \u0219i, \u00een general, cea legat\u0103 de \u0219colarizarea rromilor.<\/p>\n","protected":false},"excerpt":{"rendered":"<p>Volumul de fa\u0163\u0103 \u00ee\u015fi propune s\u0103 \u00eenf\u0103\u0163i\u015feze ipostazele caracteristice fiec\u0103rei modalit\u0103\u0163i de studiere a limbii rromani, sus\u0163inute de repere documentare \u015fi de confesiunile beneficiarilor, de listele de cursan\u0163i \u015fi de absolven\u0163i care au p\u0103\u015fit \u201c\u00eenseta\u0163i\u201d \u00een aceste structuri de \u00eenv\u0103\u0163are \u015fi de ad\u00e2ncire a cunoa\u015fterii limbii rromani. Autor al primelor dic\u021bionare, manuale \u0219colare \u0219i cursuri [&hellip;]<\/p>\n","protected":false},"featured_media":20995,"comment_status":"open","ping_status":"closed","template":"","meta":[],"product_brand":[],"product_cat":[1531,856,1464,980],"product_tag":[2096,2901,2902],"class_list":{"0":"post-20994","1":"product","2":"type-product","3":"status-publish","4":"has-post-thumbnail","6":"product_cat-colectii","7":"product_cat-colectia-lci-limbi-culturi-identitati","8":"product_cat-filologie","9":"product_cat-limbi-romanice-clasice-si-orientale","10":"product_tag-gheorghe-sarau","11":"product_tag-limba-rromani","12":"product_tag-minoritati-nationale","14":"first","15":"outofstock","16":"shipping-taxable","17":"purchasable","18":"product-type-simple"},"_links":{"self":[{"href":"https:\/\/editura-unibuc.ro\/en\/wp-json\/wp\/v2\/product\/20994","targetHints":{"allow":["GET"]}}],"collection":[{"href":"https:\/\/editura-unibuc.ro\/en\/wp-json\/wp\/v2\/product"}],"about":[{"href":"https:\/\/editura-unibuc.ro\/en\/wp-json\/wp\/v2\/types\/product"}],"replies":[{"embeddable":true,"href":"https:\/\/editura-unibuc.ro\/en\/wp-json\/wp\/v2\/comments?post=20994"}],"wp:featuredmedia":[{"embeddable":true,"href":"https:\/\/editura-unibuc.ro\/en\/wp-json\/wp\/v2\/media\/20995"}],"wp:attachment":[{"href":"https:\/\/editura-unibuc.ro\/en\/wp-json\/wp\/v2\/media?parent=20994"}],"wp:term":[{"taxonomy":"product_brand","embeddable":true,"href":"https:\/\/editura-unibuc.ro\/en\/wp-json\/wp\/v2\/product_brand?post=20994"},{"taxonomy":"product_cat","embeddable":true,"href":"https:\/\/editura-unibuc.ro\/en\/wp-json\/wp\/v2\/product_cat?post=20994"},{"taxonomy":"product_tag","embeddable":true,"href":"https:\/\/editura-unibuc.ro\/en\/wp-json\/wp\/v2\/product_tag?post=20994"}],"curies":[{"name":"wp","href":"https:\/\/api.w.org\/{rel}","templated":true}]}}