{"id":21030,"date":"2017-12-27T15:37:33","date_gmt":"2017-12-27T13:37:33","guid":{"rendered":"https:\/\/editura-unibuc.ro\/magazin\/stiinte-socio-umane\/conflictele-de-interese-dintre-angajator-si-salariati-privire-comparata-asupra-dreptului-la-greva\/"},"modified":"2025-08-07T14:15:17","modified_gmt":"2025-08-07T11:15:17","slug":"conflictele-de-interese-dintre-angajator-si-salariati-privire-comparata-asupra-dreptului-la-greva","status":"publish","type":"product","link":"https:\/\/editura-unibuc.ro\/en\/conflictele-de-interese-dintre-angajator-si-salariati-privire-comparata-asupra-dreptului-la-greva\/","title":{"rendered":"CONFLICTELE DE INTERESE DINTRE ANGAJATOR \u0218I SALARIA\u021aI. PRIVIRE COMPARAT\u0102 ASUPRA DREPTULUI LA GREV\u0102."},"content":{"rendered":"<p>Conduc\u0103tor \u0219tiin\u021bific: Prof. univ dr. Alexandru ATHANASIU<\/p>\n","protected":false},"excerpt":{"rendered":"<p>Conduc\u0103tor \u0219tiin\u021bific: Prof. univ dr. Alexandru ATHANASIU<\/p>\n","protected":false},"featured_media":21031,"comment_status":"open","ping_status":"closed","template":"","meta":[],"product_brand":[],"product_cat":[1531,1471,1891,991,1751],"product_tag":[2912,2911,2807,2914,2913,2910],"class_list":{"0":"post-21030","1":"product","2":"type-product","3":"status-publish","4":"has-post-thumbnail","6":"product_cat-colectii","7":"product_cat-colectia-teze-de-doctorat","8":"product_cat-download","9":"product_cat-stiinte-sociale","10":"product_cat-drept","11":"product_tag-angajator","12":"product_tag-conflict-de-interese","13":"product_tag-drept","14":"product_tag-greva","15":"product_tag-salariati","16":"product_tag-teza-de-doctorat","18":"first","19":"outofstock","20":"downloadable","21":"virtual","22":"product-type-simple"},"_links":{"self":[{"href":"https:\/\/editura-unibuc.ro\/en\/wp-json\/wp\/v2\/product\/21030","targetHints":{"allow":["GET"]}}],"collection":[{"href":"https:\/\/editura-unibuc.ro\/en\/wp-json\/wp\/v2\/product"}],"about":[{"href":"https:\/\/editura-unibuc.ro\/en\/wp-json\/wp\/v2\/types\/product"}],"replies":[{"embeddable":true,"href":"https:\/\/editura-unibuc.ro\/en\/wp-json\/wp\/v2\/comments?post=21030"}],"wp:featuredmedia":[{"embeddable":true,"href":"https:\/\/editura-unibuc.ro\/en\/wp-json\/wp\/v2\/media\/21031"}],"wp:attachment":[{"href":"https:\/\/editura-unibuc.ro\/en\/wp-json\/wp\/v2\/media?parent=21030"}],"wp:term":[{"taxonomy":"product_brand","embeddable":true,"href":"https:\/\/editura-unibuc.ro\/en\/wp-json\/wp\/v2\/product_brand?post=21030"},{"taxonomy":"product_cat","embeddable":true,"href":"https:\/\/editura-unibuc.ro\/en\/wp-json\/wp\/v2\/product_cat?post=21030"},{"taxonomy":"product_tag","embeddable":true,"href":"https:\/\/editura-unibuc.ro\/en\/wp-json\/wp\/v2\/product_tag?post=21030"}],"curies":[{"name":"wp","href":"https:\/\/api.w.org\/{rel}","templated":true}]}}