{"id":2104,"date":"2012-09-13T13:39:47","date_gmt":"2012-09-13T10:39:47","guid":{"rendered":"https:\/\/editura-unibuc.ro\/?p=2104"},"modified":"2016-06-06T12:54:02","modified_gmt":"2016-06-06T09:54:02","slug":"aromani-meglenoromani-istroromani-aspecte-identitare-si-culturale","status":"publish","type":"product","link":"https:\/\/editura-unibuc.ro\/en\/aromani-meglenoromani-istroromani-aspecte-identitare-si-culturale\/","title":{"rendered":"AROMANIAN, MEGLONOROMANIAN, ISTROROMANIAN. IDENTITY AND CULTURAL ASPECTS. Book and CD"},"content":{"rendered":"<p>Volumul reprezint\u0103 rezultatele unei cercet\u0103ri complexe asupra limbii, obiceiurilor, portului, mo\u0219tenirii culturale \u0219i etnografice a comunit\u0103\u021bilor de arom\u00e2ni, meglenorom\u00e2ni \u0219i istrorom\u00e2ni din Peninsula Balcanic\u0103. Lucrarea a ap\u0103rut sub egida Institutului ,,Eudoxiu Hurmuzachi&#8221; pentru Rom\u00e2nii de Pretutindeni. Corespunz\u0103tor cerin\u021belor proiectului cultural derulat \u00een acest sens (2010-2011), \u2013 dintr-o perspectiv\u0103 comparativ\u0103, istorico-etnografic\u0103, cu accent asupra patrimoniului imaterial, \u00eentr-o arie cultural\u0103 mai pu\u021bin abordat\u0103 p\u00e2n\u0103 \u00een prezent \u2013, echipa de cercetare a avut un caracter interdisciplinar, contribu\u021biile incluz\u00e2nd: istorie, etnologie, lingvistic\u0103, sociologie, muzeologie, arhivistic\u0103, muzicologie, promovarea culturii tradi\u021bionale, realizarea imaginilor \u0219i a graficii de redactare.<\/p>","protected":false},"excerpt":{"rendered":"<p>Volumul reprezint\u0103 rezultatele unei cercet\u0103ri complexe asupra limbii, obiceiurilor, portului, mo\u0219tenirii culturale \u0219i etnografice a comunit\u0103\u021bilor de arom\u00e2ni, meglenorom\u00e2ni \u0219i istrorom\u00e2ni din Peninsula Balcanic\u0103. Lucrarea a ap\u0103rut sub egida Institutului ,,Eudoxiu Hurmuzachi&#8221; pentru Rom\u00e2nii de Pretutindeni. Corespunz\u0103tor cerin\u021belor proiectului cultural derulat \u00een acest sens (2010-2011), \u2013 dintr-o perspectiv\u0103 comparativ\u0103, istorico-etnografic\u0103, cu accent asupra patrimoniului imaterial, [&hellip;]<\/p>\n","protected":false},"featured_media":10855,"comment_status":"open","ping_status":"closed","template":"","meta":[],"product_brand":[],"product_cat":[991,995],"product_tag":[1363,881,1364,1365],"class_list":{"0":"post-2104","1":"product","2":"type-product","3":"status-publish","4":"has-post-thumbnail","6":"product_cat-stiinte-sociale","7":"product_cat-istorie-stiinte-politice","8":"product_tag-aromani","9":"product_tag-istorie","10":"product_tag-istroromani","11":"product_tag-meglenoromani","13":"first","14":"outofstock","15":"shipping-taxable","16":"purchasable","17":"product-type-simple"},"_links":{"self":[{"href":"https:\/\/editura-unibuc.ro\/en\/wp-json\/wp\/v2\/product\/2104","targetHints":{"allow":["GET"]}}],"collection":[{"href":"https:\/\/editura-unibuc.ro\/en\/wp-json\/wp\/v2\/product"}],"about":[{"href":"https:\/\/editura-unibuc.ro\/en\/wp-json\/wp\/v2\/types\/product"}],"replies":[{"embeddable":true,"href":"https:\/\/editura-unibuc.ro\/en\/wp-json\/wp\/v2\/comments?post=2104"}],"wp:featuredmedia":[{"embeddable":true,"href":"https:\/\/editura-unibuc.ro\/en\/wp-json\/wp\/v2\/media\/10855"}],"wp:attachment":[{"href":"https:\/\/editura-unibuc.ro\/en\/wp-json\/wp\/v2\/media?parent=2104"}],"wp:term":[{"taxonomy":"product_brand","embeddable":true,"href":"https:\/\/editura-unibuc.ro\/en\/wp-json\/wp\/v2\/product_brand?post=2104"},{"taxonomy":"product_cat","embeddable":true,"href":"https:\/\/editura-unibuc.ro\/en\/wp-json\/wp\/v2\/product_cat?post=2104"},{"taxonomy":"product_tag","embeddable":true,"href":"https:\/\/editura-unibuc.ro\/en\/wp-json\/wp\/v2\/product_tag?post=2104"}],"curies":[{"name":"wp","href":"https:\/\/api.w.org\/{rel}","templated":true}]}}