{"id":2113,"date":"2012-09-13T14:34:03","date_gmt":"2012-09-13T11:34:03","guid":{"rendered":"https:\/\/editura-unibuc.ro\/?p=2113"},"modified":"2015-06-15T14:10:49","modified_gmt":"2015-06-15T11:10:49","slug":"de-la-leac-la-reteta-medicalizarea-societatii-romanesti-in-veacul-al-xix-lea","status":"publish","type":"product","link":"https:\/\/editura-unibuc.ro\/en\/de-la-leac-la-reteta-medicalizarea-societatii-romanesti-in-veacul-al-xix-lea\/","title":{"rendered":"FROM QUACK MEDICINE TO PRESCRIPTION. ROMANIAN SOCIETY&#8217;S &#8220;MEDICALIZATION&#8221; IN THE 19TH CENTURY"},"content":{"rendered":"<p>Politica de medicalizare promovat\u0103 de autorit\u0103\u021bile publice, din epoca regulamentar\u0103 p\u00e2n\u0103 \u00een anii Unirii, ai domniei lui Cuza \u0219i ai \u00eenceputului de domnie a lui Carol I, este tema fundamental\u0103 abordat\u0103 de autoarea acestei c\u0103r\u021bi. Lidia Tr\u0103u\u0219an-Matu urm\u0103re\u0219te r\u00e2nd pe r\u00e2nd modernizarea actului medical, legisla\u021bia adoptat\u0103, \u00eenv\u0103\u021b\u0103m\u00e2ntul  medical, literatura de specialitate \u0219i de popularizare, asocia\u021biile medicale, inserarea social\u0103 a profesiunilor medicale. Cititorul are satisfac\u021bia de a descoperi o mul\u021bime de date, nume, titluri \u0219i idei, de natur\u0103 s\u0103 dea o imagine complet\u0103 asupra culturii medicale din epoc\u0103.<\/p>","protected":false},"excerpt":{"rendered":"<p>Politica de medicalizare promovat\u0103 de autorit\u0103\u021bile publice, din epoca regulamentar\u0103 p\u00e2n\u0103 \u00een anii Unirii, ai domniei lui Cuza \u0219i ai \u00eenceputului de domnie a lui Carol I, este tema fundamental\u0103 abordat\u0103 de autoarea acestei c\u0103r\u021bi. Lidia Tr\u0103u\u0219an-Matu urm\u0103re\u0219te r\u00e2nd pe r\u00e2nd modernizarea actului medical, legisla\u021bia adoptat\u0103, \u00eenv\u0103\u021b\u0103m\u00e2ntul medical, literatura de specialitate \u0219i de popularizare, asocia\u021biile [&hellip;]<\/p>\n","protected":false},"featured_media":10850,"comment_status":"open","ping_status":"closed","template":"","meta":[],"product_brand":[],"product_cat":[991,995],"product_tag":[881,906],"class_list":{"0":"post-2113","1":"product","2":"type-product","3":"status-publish","4":"has-post-thumbnail","6":"product_cat-stiinte-sociale","7":"product_cat-istorie-stiinte-politice","8":"product_tag-istorie","9":"product_tag-medicina","11":"first","12":"outofstock","13":"shipping-taxable","14":"purchasable","15":"product-type-simple"},"_links":{"self":[{"href":"https:\/\/editura-unibuc.ro\/en\/wp-json\/wp\/v2\/product\/2113","targetHints":{"allow":["GET"]}}],"collection":[{"href":"https:\/\/editura-unibuc.ro\/en\/wp-json\/wp\/v2\/product"}],"about":[{"href":"https:\/\/editura-unibuc.ro\/en\/wp-json\/wp\/v2\/types\/product"}],"replies":[{"embeddable":true,"href":"https:\/\/editura-unibuc.ro\/en\/wp-json\/wp\/v2\/comments?post=2113"}],"wp:featuredmedia":[{"embeddable":true,"href":"https:\/\/editura-unibuc.ro\/en\/wp-json\/wp\/v2\/media\/10850"}],"wp:attachment":[{"href":"https:\/\/editura-unibuc.ro\/en\/wp-json\/wp\/v2\/media?parent=2113"}],"wp:term":[{"taxonomy":"product_brand","embeddable":true,"href":"https:\/\/editura-unibuc.ro\/en\/wp-json\/wp\/v2\/product_brand?post=2113"},{"taxonomy":"product_cat","embeddable":true,"href":"https:\/\/editura-unibuc.ro\/en\/wp-json\/wp\/v2\/product_cat?post=2113"},{"taxonomy":"product_tag","embeddable":true,"href":"https:\/\/editura-unibuc.ro\/en\/wp-json\/wp\/v2\/product_tag?post=2113"}],"curies":[{"name":"wp","href":"https:\/\/api.w.org\/{rel}","templated":true}]}}