{"id":2122,"date":"2012-09-14T09:24:40","date_gmt":"2012-09-14T06:24:40","guid":{"rendered":"https:\/\/editura-unibuc.ro\/?p=2122"},"modified":"2025-08-07T12:57:05","modified_gmt":"2025-08-07T09:57:05","slug":"viitorul-trecutului-studii-de-antropologie-literatura-si-stiinta-informatiei","status":"publish","type":"product","link":"https:\/\/editura-unibuc.ro\/en\/viitorul-trecutului-studii-de-antropologie-literatura-si-stiinta-informatiei\/","title":{"rendered":"THE FUTURE OF THE PAST. Anthropology, Literature and Information Science Studies"},"content":{"rendered":"<p>Cea mai mare parte a acestui volum este alc\u0103tuit\u0103 din comunic\u0103rile doctoranzilor din primul an de studii de la \u0218coala Doctoral\u0103 a Facult\u0103\u021bii de Litere a Universit\u0103\u021bii Bucure\u0219ti. Totodat\u0103, sunt ad\u0103ugate pe l\u00e2ng\u0103 acestea un num\u0103r de articole \u0219i comunic\u0103ri ale unor doctoranzi din anii mai mari de studiu care n-au putut fi cuprinse, din diferite motive, \u00een volumele anterioare, precum \u0219i o comunicare a prof. C. Eretescu despre publicistica exilului american. \u201eAcest volum are o anumit\u0103 coeren\u021b\u0103 datorit\u0103 faptului c\u0103 public\u0103 texte care \u00een mare parte demonstreaz\u0103 ce importan\u021b\u0103 este pentru, ast\u0103zi, studierea \u0219i cunoa\u0219terea unor fenomene culturale din trecut, din trecutul apropiat mai ales\u201d, noteaz\u0103 profesorul Mircea Anghelescu \u00een \u201eAvertisment\u201d.<\/p>\n","protected":false},"excerpt":{"rendered":"<p>Cea mai mare parte a acestui volum este alc\u0103tuit\u0103 din comunic\u0103rile doctoranzilor din primul an de studii de la \u0218coala Doctoral\u0103 a Facult\u0103\u021bii de Litere a Universit\u0103\u021bii Bucure\u0219ti. Totodat\u0103, sunt ad\u0103ugate pe l\u00e2ng\u0103 acestea un num\u0103r de articole \u0219i comunic\u0103ri ale unor doctoranzi din anii mai mari de studiu care n-au putut fi cuprinse, din [&hellip;]<\/p>\n","protected":false},"featured_media":10845,"comment_status":"open","ping_status":"closed","template":"","meta":[],"product_brand":[],"product_cat":[1464,979],"product_tag":[1359,919,1360],"class_list":{"0":"post-2122","1":"product","2":"type-product","3":"status-publish","4":"has-post-thumbnail","6":"product_cat-filologie","7":"product_cat-limba-romana","8":"product_tag-antropologie","9":"product_tag-literatura","10":"product_tag-stiinta-informatiei","12":"first","13":"outofstock","14":"shipping-taxable","15":"purchasable","16":"product-type-simple"},"_links":{"self":[{"href":"https:\/\/editura-unibuc.ro\/en\/wp-json\/wp\/v2\/product\/2122","targetHints":{"allow":["GET"]}}],"collection":[{"href":"https:\/\/editura-unibuc.ro\/en\/wp-json\/wp\/v2\/product"}],"about":[{"href":"https:\/\/editura-unibuc.ro\/en\/wp-json\/wp\/v2\/types\/product"}],"replies":[{"embeddable":true,"href":"https:\/\/editura-unibuc.ro\/en\/wp-json\/wp\/v2\/comments?post=2122"}],"wp:featuredmedia":[{"embeddable":true,"href":"https:\/\/editura-unibuc.ro\/en\/wp-json\/wp\/v2\/media\/10845"}],"wp:attachment":[{"href":"https:\/\/editura-unibuc.ro\/en\/wp-json\/wp\/v2\/media?parent=2122"}],"wp:term":[{"taxonomy":"product_brand","embeddable":true,"href":"https:\/\/editura-unibuc.ro\/en\/wp-json\/wp\/v2\/product_brand?post=2122"},{"taxonomy":"product_cat","embeddable":true,"href":"https:\/\/editura-unibuc.ro\/en\/wp-json\/wp\/v2\/product_cat?post=2122"},{"taxonomy":"product_tag","embeddable":true,"href":"https:\/\/editura-unibuc.ro\/en\/wp-json\/wp\/v2\/product_tag?post=2122"}],"curies":[{"name":"wp","href":"https:\/\/api.w.org\/{rel}","templated":true}]}}