{"id":2128,"date":"2012-09-14T09:32:18","date_gmt":"2012-09-14T06:32:18","guid":{"rendered":"https:\/\/editura-unibuc.ro\/?p=2128"},"modified":"2015-03-12T16:19:17","modified_gmt":"2015-03-12T14:19:17","slug":"economia-structurilor-infodocumentare","status":"publish","type":"product","link":"https:\/\/editura-unibuc.ro\/en\/economia-structurilor-infodocumentare\/","title":{"rendered":"ECONOMICS OF INFO-DOCUMENTARY STRUCTURES"},"content":{"rendered":"<p>A vorbi despre economie \u00een bibliotec\u0103 pare multora ciudat. Economia \u2013 spun ace\u0219tia \u2013 este o problem\u0103 a structurilor comerciale. O asemenea reac\u021bie ignor\u0103 schimb\u0103rile care se produc \u00een toate domeniile, implicit \u00een biblioteci, \u0219i succesul acestui concept.<\/p>\n<p>Lucrarea, structurat\u0103 \u00een trei p\u0103r\u021bi, cuprinde mai multe articole publicate de autor de-a lungul timpului, care trateaz\u0103: diverse aspecte ale managementului de  bibliotec\u0103; marketingul \u00een general \u0219i adaptarea componentelor mixului (produse \u2013 servicii, plasament, pre\u021b \u0219i promovare) la specificul activit\u0103\u021bii din bibliotec\u0103; problemele organiz\u0103rii ergonomice a muncii \u00een structurile infodocumentare.<\/p>\n<p>Sunt incluse o mul\u021bime de scheme, clasific\u0103ri, defini\u021bii.<\/p>","protected":false},"excerpt":{"rendered":"<p>A vorbi despre economie \u00een bibliotec\u0103 pare multora ciudat. Economia \u2013 spun ace\u0219tia \u2013 este o problem\u0103 a structurilor comerciale. O asemenea reac\u021bie ignor\u0103 schimb\u0103rile care se produc \u00een toate domeniile, implicit \u00een biblioteci, \u0219i succesul acestui concept. Lucrarea, structurat\u0103 \u00een trei p\u0103r\u021bi, cuprinde mai multe articole publicate de autor de-a lungul timpului, care trateaz\u0103: [&hellip;]<\/p>\n","protected":false},"featured_media":10842,"comment_status":"open","ping_status":"closed","template":"","meta":[],"product_brand":[],"product_cat":[1464,979],"product_tag":[1297],"class_list":{"0":"post-2128","1":"product","2":"type-product","3":"status-publish","4":"has-post-thumbnail","6":"product_cat-filologie","7":"product_cat-limba-romana","8":"product_tag-biblioteca","10":"first","11":"instock","12":"shipping-taxable","13":"purchasable","14":"product-type-simple"},"_links":{"self":[{"href":"https:\/\/editura-unibuc.ro\/en\/wp-json\/wp\/v2\/product\/2128","targetHints":{"allow":["GET"]}}],"collection":[{"href":"https:\/\/editura-unibuc.ro\/en\/wp-json\/wp\/v2\/product"}],"about":[{"href":"https:\/\/editura-unibuc.ro\/en\/wp-json\/wp\/v2\/types\/product"}],"replies":[{"embeddable":true,"href":"https:\/\/editura-unibuc.ro\/en\/wp-json\/wp\/v2\/comments?post=2128"}],"wp:featuredmedia":[{"embeddable":true,"href":"https:\/\/editura-unibuc.ro\/en\/wp-json\/wp\/v2\/media\/10842"}],"wp:attachment":[{"href":"https:\/\/editura-unibuc.ro\/en\/wp-json\/wp\/v2\/media?parent=2128"}],"wp:term":[{"taxonomy":"product_brand","embeddable":true,"href":"https:\/\/editura-unibuc.ro\/en\/wp-json\/wp\/v2\/product_brand?post=2128"},{"taxonomy":"product_cat","embeddable":true,"href":"https:\/\/editura-unibuc.ro\/en\/wp-json\/wp\/v2\/product_cat?post=2128"},{"taxonomy":"product_tag","embeddable":true,"href":"https:\/\/editura-unibuc.ro\/en\/wp-json\/wp\/v2\/product_tag?post=2128"}],"curies":[{"name":"wp","href":"https:\/\/api.w.org\/{rel}","templated":true}]}}