{"id":21308,"date":"2018-01-25T11:52:42","date_gmt":"2018-01-25T09:52:42","guid":{"rendered":"https:\/\/editura-unibuc.ro\/?post_type=product&#038;p=21308"},"modified":"2018-07-03T10:59:41","modified_gmt":"2018-07-03T07:59:41","slug":"usages-de-la-figure-regimes-de-figuration","status":"publish","type":"product","link":"https:\/\/editura-unibuc.ro\/en\/usages-de-la-figure-regimes-de-figuration\/","title":{"rendered":"USAGES DE LA FIGURE, R\u00c9GIMES DE FIGURATION"},"content":{"rendered":"<p>Acte de cr\u00e9ation et objet de pens\u00e9e \u00e0 la fois, la figure pose actuellement la question br\u00fblante d\u2019un r\u00e9gime intensif de l\u2019image, r\u00e9cup\u00e9rant et valorisant la composante dynamique, \u00e9nerg\u00e9tique, voire relationnelle et interm\u00e9diale de la figure. Au croisement de plusieurs arts, disciplines et approches, allant de la litt\u00e9rature aux arts visuels et performatifs, de l\u2019histoire de l\u2019art \u00e0 l\u2019histoire des cultures et des id\u00e9es, des approches ph\u00e9nom\u00e9nologiques et esth\u00e9tiques aux approches \u00e9pist\u00e9mologiques et politiques, les articles r\u00e9unis dans ce volume retracent les diff\u00e9rents usages de la figure et proposent des analyses qui mettent en examen d\u00e9taill\u00e9 ses mouvements et ses tensions intrins\u00e8ques afin de mieux saisir la complexit\u00e9 de sens et de signification, la force pol\u00e9mique et l\u2019efficacit\u00e9 herm\u00e9neutique qui la caract\u00e9risent.<br \/>\nDans le d\u00e9ferlement croissant des images contemporaines, et la diversit\u00e9 d\u2019approches qu\u2019elles r\u00e9clament, la nouvelle \u00e9conomie de la figure pose \u00e0 nos yeux cette question urgente, passionn\u00e9e et passionnante: qu\u2019en est-il de ce jeu des figures et de la figuration qui pr\u00e9occupe tant la pens\u00e9e, l\u2019esth\u00e9tique, l\u2019art et la sensibilit\u00e9 contemporaines ? Quels comportements analytiques et quels gestes critiques suscite-t-elle? Quelles formes de savoir en d\u00e9coulent? Quelle histoire intellectuelle propose-t-elle?<\/p>\n<p><em>Laura Marin et Anca Diaconu<\/em><\/p>\n<p><strong>Laura Marin<\/strong> enseigne la th\u00e9orie des images \u00e0 l\u2019Universit\u00e9 de Bucarest. Elle est membre du Centre d\u2019Excellence dans l\u2019\u00c9tude de l\u2019Image (CESI), o\u00f9 elle a dirig\u00e9 un projet de recherche collective sur deux ans intitul\u00e9 Figura \u2013 corps, art, espace, langage (<a href=\"http:\/\/figura.unibuc.ro\" rel=\"noopener\" target=\"_blank\">figura.unibuc.ro<\/a>).<\/p>\n<p><strong>Anca Diaconu<\/strong> est chercheure postdoctorale \u00e0 l\u2019Universit\u00e9 de Bucarest, o\u00f9 elle enseigne la th\u00e9orie litt\u00e9raire depuis 2001. Elle s\u2019occupe principalement des relations qui s\u2019\u00e9tablissent entre histoire, m\u00e9moire et fiction dans la litt\u00e9rature contemporaine et les arts visuels. <\/p>\n<p>Cet ouvrage a \u00e9t\u00e9 publi\u00e9 avec le soutien de l\u2019Autorit\u00e9 Nationale Roumaine pour la Recherche Scientifique et l\u2019Innovation, CNCS-UEFISCDI, num\u00e9ro de projet PN-II- RU-TE- 2014-4- 0787.<\/p>\n","protected":false},"excerpt":{"rendered":"<p>Acte de cr\u00e9ation et objet de pens\u00e9e \u00e0 la fois, la figure pose actuellement la question br\u00fblante d\u2019un r\u00e9gime intensif de l\u2019image, r\u00e9cup\u00e9rant et valorisant la composante dynamique, \u00e9nerg\u00e9tique, voire relationnelle et interm\u00e9diale de la figure. Au croisement de plusieurs arts, disciplines et approches, allant de la litt\u00e9rature aux arts visuels et performatifs, de l\u2019histoire [&hellip;]<\/p>\n","protected":false},"featured_media":21309,"comment_status":"open","ping_status":"closed","template":"","meta":[],"product_brand":[],"product_cat":[1531,851,1464,976,980],"product_tag":[2919,2915,2918,2920,2897,2921,2917,2916],"class_list":{"0":"post-21308","1":"product","2":"type-product","3":"status-publish","4":"has-post-thumbnail","6":"product_cat-colectii","7":"product_cat-cesi-text-imagine","8":"product_cat-filologie","9":"product_cat-limba-engleza","10":"product_cat-limbi-romanice-clasice-si-orientale","11":"product_tag-allegorie","12":"product_tag-anca-diaconu","13":"product_tag-figurabilite","14":"product_tag-figuration","15":"product_tag-laura-marin","16":"product_tag-modern-art","17":"product_tag-plasticite","18":"product_tag-sens-de-la-figure","20":"first","21":"outofstock","22":"shipping-taxable","23":"purchasable","24":"product-type-simple"},"_links":{"self":[{"href":"https:\/\/editura-unibuc.ro\/en\/wp-json\/wp\/v2\/product\/21308","targetHints":{"allow":["GET"]}}],"collection":[{"href":"https:\/\/editura-unibuc.ro\/en\/wp-json\/wp\/v2\/product"}],"about":[{"href":"https:\/\/editura-unibuc.ro\/en\/wp-json\/wp\/v2\/types\/product"}],"replies":[{"embeddable":true,"href":"https:\/\/editura-unibuc.ro\/en\/wp-json\/wp\/v2\/comments?post=21308"}],"wp:featuredmedia":[{"embeddable":true,"href":"https:\/\/editura-unibuc.ro\/en\/wp-json\/wp\/v2\/media\/21309"}],"wp:attachment":[{"href":"https:\/\/editura-unibuc.ro\/en\/wp-json\/wp\/v2\/media?parent=21308"}],"wp:term":[{"taxonomy":"product_brand","embeddable":true,"href":"https:\/\/editura-unibuc.ro\/en\/wp-json\/wp\/v2\/product_brand?post=21308"},{"taxonomy":"product_cat","embeddable":true,"href":"https:\/\/editura-unibuc.ro\/en\/wp-json\/wp\/v2\/product_cat?post=21308"},{"taxonomy":"product_tag","embeddable":true,"href":"https:\/\/editura-unibuc.ro\/en\/wp-json\/wp\/v2\/product_tag?post=21308"}],"curies":[{"name":"wp","href":"https:\/\/api.w.org\/{rel}","templated":true}]}}