{"id":2133,"date":"2012-09-14T10:06:32","date_gmt":"2012-09-14T07:06:32","guid":{"rendered":"https:\/\/editura-unibuc.ro\/?p=2133"},"modified":"2022-04-20T22:10:48","modified_gmt":"2022-04-20T19:10:48","slug":"managementul-cunoasterii-si-structurile-infodocumentare-editia-a-ii-a-revizuita-si-adaugita","status":"publish","type":"product","link":"https:\/\/editura-unibuc.ro\/en\/managementul-cunoasterii-si-structurile-infodocumentare-editia-a-ii-a-revizuita-si-adaugita\/","title":{"rendered":"KNOWLEDGE MANAGEMENT AND INFO-DOCUMENTARY STRUCTURES \u2013 2ND EDITION REVISED AND EXPANDED"},"content":{"rendered":"<p>\u00cen contextul progreselor \u00eenregistrate de tehnologiile digitale \u0219i al evolu\u021biilor pe care le-a avut managementul cunoa\u0219terii, av\u00e2ndu-se \u00een vedere pe de alt\u0103 parte interesul de care s-a bucurat prima edi\u021bie a acestei lucr\u0103ri, s-a considerat necesar\u0103 publicarea unei   a doua   edi\u021bii: complet\u0103rile \u0219i nout\u0103\u021bile privesc \u00een special rolul profesioni\u0219tilor din informare \u0219i din biblioteci \u00een zona managementului cunoa\u0219terii, implementarea acestui proces managerial \u00een structuri infodocumentare specializate, \u0219i anume bibliotecile medicale, cultura organiza\u021bional\u0103 din bibliotecile universitare rom\u00e2ne\u0219ti, aspecte legate de predarea acestei discipline \u00een cadrul \u0219colilor de biblioteconomie \u0219i \u0219tiin\u021ba inform\u0103rii \u0219i, nu \u00een ultimul r\u00e2nd, a\u0219a-numitul management al cunoa\u0219terii 2.0.<\/p>","protected":false},"excerpt":{"rendered":"<p>\u00cen contextul progreselor \u00eenregistrate de tehnologiile digitale \u0219i al evolu\u021biilor pe care le-a avut managementul cunoa\u0219terii, av\u00e2ndu-se \u00een vedere pe de alt\u0103 parte interesul de care s-a bucurat prima edi\u021bie a acestei lucr\u0103ri, s-a considerat necesar\u0103 publicarea unei a doua edi\u021bii: complet\u0103rile \u0219i nout\u0103\u021bile privesc \u00een special rolul profesioni\u0219tilor din informare \u0219i din biblioteci \u00een [&hellip;]<\/p>\n","protected":false},"featured_media":10833,"comment_status":"open","ping_status":"closed","template":"","meta":[],"product_brand":[],"product_cat":[1464,979],"product_tag":[1297],"class_list":{"0":"post-2133","1":"product","2":"type-product","3":"status-publish","4":"has-post-thumbnail","6":"product_cat-filologie","7":"product_cat-limba-romana","8":"product_tag-biblioteca","10":"first","11":"outofstock","12":"shipping-taxable","13":"purchasable","14":"product-type-simple"},"_links":{"self":[{"href":"https:\/\/editura-unibuc.ro\/en\/wp-json\/wp\/v2\/product\/2133","targetHints":{"allow":["GET"]}}],"collection":[{"href":"https:\/\/editura-unibuc.ro\/en\/wp-json\/wp\/v2\/product"}],"about":[{"href":"https:\/\/editura-unibuc.ro\/en\/wp-json\/wp\/v2\/types\/product"}],"replies":[{"embeddable":true,"href":"https:\/\/editura-unibuc.ro\/en\/wp-json\/wp\/v2\/comments?post=2133"}],"wp:featuredmedia":[{"embeddable":true,"href":"https:\/\/editura-unibuc.ro\/en\/wp-json\/wp\/v2\/media\/10833"}],"wp:attachment":[{"href":"https:\/\/editura-unibuc.ro\/en\/wp-json\/wp\/v2\/media?parent=2133"}],"wp:term":[{"taxonomy":"product_brand","embeddable":true,"href":"https:\/\/editura-unibuc.ro\/en\/wp-json\/wp\/v2\/product_brand?post=2133"},{"taxonomy":"product_cat","embeddable":true,"href":"https:\/\/editura-unibuc.ro\/en\/wp-json\/wp\/v2\/product_cat?post=2133"},{"taxonomy":"product_tag","embeddable":true,"href":"https:\/\/editura-unibuc.ro\/en\/wp-json\/wp\/v2\/product_tag?post=2133"}],"curies":[{"name":"wp","href":"https:\/\/api.w.org\/{rel}","templated":true}]}}