{"id":21354,"date":"2018-01-29T14:28:57","date_gmt":"2018-01-29T12:28:57","guid":{"rendered":"https:\/\/editura-unibuc.ro\/?post_type=product&#038;p=21354"},"modified":"2020-06-05T12:13:43","modified_gmt":"2020-06-05T09:13:43","slug":"studia-doctoralia-psychology-and-sciences-of-education","status":"publish","type":"product","link":"https:\/\/editura-unibuc.ro\/en\/studia-doctoralia-psychology-and-sciences-of-education\/","title":{"rendered":"STUDIA DOCTORALIA &#8211; PSYCHOLOGY AND SCIENCES OF EDUCATION Vol. V, No. 7-8, 2014"},"content":{"rendered":"<p>Comunic\u0103ri \u015ftiin\u0163ifice (UNIVERSITY OF BUCHAREST, FACULTY OF PSYCHOLOGY AND SCIENCES OF EDUCATION, DOCTORAL SCHOOL OF PSYCHOLOGY AND SCIENCES OF EDUCATION)<\/p>\n<p><strong>CONTENTS<\/strong><br \/>\n\u021a\u00ceMP\u0102U (TRIPON) CRISTINA, Patru competen\u0163e-cheie \u2013 Posibil cadru de referin\u0163\u0103 pentru curriculumul integrat<br \/>\nREMUS CHIN\u0102, Abord\u0103ri pragmatice \u00een educa\u0163ia modern\u0103: educa\u0163ia despre standardizare<br \/>\nFADI AL-ZBOUN, IOAN NEAC\u015eU, Calitatea rezultatelor \u015fcolare ale elevilor \u00een \u00eenv\u0103\u0163\u0103m\u00e2ntul primar din Iordania \u201eQuality of School Results for Pupils in the Primary Schools in Jordan\u201d<br \/>\nNASSER SAED MONIR, Violence in Education: Theoretical Approach<br \/>\nT\u00c2LVAN MAGDALENA Practici evaluative \u2013 Premise ale interac\u0163iunii dintre cei doi actori educa\u0163ionali: profesorul \u015fi elevul<br \/>\nSTOIAN AIDA CORNELIA, Direc\u0163ii de modernizare a autoevalu\u0103rii \u015fi evalu\u0103rii continue a rezultatelor elevilor. De la tehnologia informatic\u0103 la sisteme ICT<br \/>\nEMIL LAZ\u0102R, Perspective axiologic-integratoare \u0219i formatoare ale evalu\u0103rii \u0219colare. Un demers aplicativ<br \/>\nYUSUPH KAMBUGA, Perception of International Student\u2019s towards Education Services in Romania: Expectations and Challenges<\/p>\n","protected":false},"excerpt":{"rendered":"<p>Comunic\u0103ri \u015ftiin\u0163ifice (UNIVERSITY OF BUCHAREST, FACULTY OF PSYCHOLOGY AND SCIENCES OF EDUCATION, DOCTORAL SCHOOL OF PSYCHOLOGY AND SCIENCES OF EDUCATION) CONTENTS \u021a\u00ceMP\u0102U (TRIPON) CRISTINA, Patru competen\u0163e-cheie \u2013 Posibil cadru de referin\u0163\u0103 pentru curriculumul integrat REMUS CHIN\u0102, Abord\u0103ri pragmatice \u00een educa\u0163ia modern\u0103: educa\u0163ia despre standardizare FADI AL-ZBOUN, IOAN NEAC\u015eU, Calitatea rezultatelor \u015fcolare ale elevilor \u00een \u00eenv\u0103\u0163\u0103m\u00e2ntul [&hellip;]<\/p>\n","protected":false},"featured_media":21355,"comment_status":"open","ping_status":"closed","template":"","meta":[],"product_brand":[],"product_cat":[1531,2922,1891,991,997],"product_tag":[2941,2777,2938,1170,2924,2940,1752,2923,1111,2939],"class_list":{"0":"post-21354","1":"product","2":"type-product","3":"status-publish","4":"has-post-thumbnail","6":"product_cat-colectii","7":"product_cat-studia-doctoralia","8":"product_cat-download","9":"product_cat-stiinte-sociale","10":"product_cat-psihologie-stiintele-educatiei-si-pedagogie","11":"product_tag-autoevaluare","12":"product_tag-curriculum","13":"product_tag-educatia-moderna","14":"product_tag-educatie","15":"product_tag-elev","16":"product_tag-evaluare","17":"product_tag-evaluare-scolara","18":"product_tag-profesor","19":"product_tag-psihologie","20":"product_tag-violence","22":"first","23":"instock","24":"downloadable","25":"virtual","26":"product-type-simple"},"_links":{"self":[{"href":"https:\/\/editura-unibuc.ro\/en\/wp-json\/wp\/v2\/product\/21354","targetHints":{"allow":["GET"]}}],"collection":[{"href":"https:\/\/editura-unibuc.ro\/en\/wp-json\/wp\/v2\/product"}],"about":[{"href":"https:\/\/editura-unibuc.ro\/en\/wp-json\/wp\/v2\/types\/product"}],"replies":[{"embeddable":true,"href":"https:\/\/editura-unibuc.ro\/en\/wp-json\/wp\/v2\/comments?post=21354"}],"wp:featuredmedia":[{"embeddable":true,"href":"https:\/\/editura-unibuc.ro\/en\/wp-json\/wp\/v2\/media\/21355"}],"wp:attachment":[{"href":"https:\/\/editura-unibuc.ro\/en\/wp-json\/wp\/v2\/media?parent=21354"}],"wp:term":[{"taxonomy":"product_brand","embeddable":true,"href":"https:\/\/editura-unibuc.ro\/en\/wp-json\/wp\/v2\/product_brand?post=21354"},{"taxonomy":"product_cat","embeddable":true,"href":"https:\/\/editura-unibuc.ro\/en\/wp-json\/wp\/v2\/product_cat?post=21354"},{"taxonomy":"product_tag","embeddable":true,"href":"https:\/\/editura-unibuc.ro\/en\/wp-json\/wp\/v2\/product_tag?post=21354"}],"curies":[{"name":"wp","href":"https:\/\/api.w.org\/{rel}","templated":true}]}}