{"id":2137,"date":"2012-09-14T10:15:00","date_gmt":"2012-09-14T07:15:00","guid":{"rendered":"https:\/\/editura-unibuc.ro\/?p=2137"},"modified":"2015-06-08T18:57:02","modified_gmt":"2015-06-08T15:57:02","slug":"colectii-si-biblioteci-digitale","status":"publish","type":"product","link":"https:\/\/editura-unibuc.ro\/en\/colectii-si-biblioteci-digitale\/","title":{"rendered":"DIGITAL COLLECTIONS AND LIBRARIES"},"content":{"rendered":"<p>Problematica este abordat\u0103 din perspectiv\u0103 biblioteconomic\u0103, \u00een condi\u021biile \u00een care activit\u0103\u021bile specifice ale structurilor de informare \u0219i documentare (biblioteci, arhive, centre de informare \u0219i documentare) se desf\u0103\u0219oar\u0103 \u00eentr-o nou\u0103 paradigm\u0103 de informare \u0219i comunicare, accentul mut\u00e2ndu-se de la capitalizarea informa\u021biei spre valorificarea \u0219i disponibilizarea acesteia.<\/p>\n<p>Prezentarea patrimoniului documentar, cultural \u0219i \u0219tiin\u021bific \u00een format digital reprezint\u0103 tendin\u021ba dominant\u0103 \u00een mediul biblioteconomic.<\/p>\n","protected":false},"excerpt":{"rendered":"<p>Problematica este abordat\u0103 din perspectiv\u0103 biblioteconomic\u0103, \u00een condi\u021biile \u00een care activit\u0103\u021bile specifice ale structurilor de informare \u0219i documentare (biblioteci, arhive, centre de informare \u0219i documentare) se desf\u0103\u0219oar\u0103 \u00eentr-o nou\u0103 paradigm\u0103 de informare \u0219i comunicare, accentul mut\u00e2ndu-se de la capitalizarea informa\u021biei spre valorificarea \u0219i disponibilizarea acesteia. Prezentarea patrimoniului documentar, cultural \u0219i \u0219tiin\u021bific \u00een format digital reprezint\u0103 [&hellip;]<\/p>\n","protected":false},"featured_media":10831,"comment_status":"open","ping_status":"closed","template":"","meta":[],"product_brand":[],"product_cat":[1464,979],"product_tag":[1297,1532,1358],"class_list":{"0":"post-2137","1":"product","2":"type-product","3":"status-publish","4":"has-post-thumbnail","6":"product_cat-filologie","7":"product_cat-limba-romana","8":"product_tag-biblioteca","9":"product_tag-colectie","10":"product_tag-digitala","12":"first","13":"outofstock","14":"shipping-taxable","15":"product-type-simple"},"_links":{"self":[{"href":"https:\/\/editura-unibuc.ro\/en\/wp-json\/wp\/v2\/product\/2137","targetHints":{"allow":["GET"]}}],"collection":[{"href":"https:\/\/editura-unibuc.ro\/en\/wp-json\/wp\/v2\/product"}],"about":[{"href":"https:\/\/editura-unibuc.ro\/en\/wp-json\/wp\/v2\/types\/product"}],"replies":[{"embeddable":true,"href":"https:\/\/editura-unibuc.ro\/en\/wp-json\/wp\/v2\/comments?post=2137"}],"wp:featuredmedia":[{"embeddable":true,"href":"https:\/\/editura-unibuc.ro\/en\/wp-json\/wp\/v2\/media\/10831"}],"wp:attachment":[{"href":"https:\/\/editura-unibuc.ro\/en\/wp-json\/wp\/v2\/media?parent=2137"}],"wp:term":[{"taxonomy":"product_brand","embeddable":true,"href":"https:\/\/editura-unibuc.ro\/en\/wp-json\/wp\/v2\/product_brand?post=2137"},{"taxonomy":"product_cat","embeddable":true,"href":"https:\/\/editura-unibuc.ro\/en\/wp-json\/wp\/v2\/product_cat?post=2137"},{"taxonomy":"product_tag","embeddable":true,"href":"https:\/\/editura-unibuc.ro\/en\/wp-json\/wp\/v2\/product_tag?post=2137"}],"curies":[{"name":"wp","href":"https:\/\/api.w.org\/{rel}","templated":true}]}}