{"id":21388,"date":"2018-02-02T13:23:49","date_gmt":"2018-02-02T11:23:49","guid":{"rendered":"https:\/\/editura-unibuc.ro\/?post_type=product&#038;p=21388"},"modified":"2024-03-01T09:09:18","modified_gmt":"2024-03-01T07:09:18","slug":"istoria-sociala-actualitate-si-problematica","status":"publish","type":"product","link":"https:\/\/editura-unibuc.ro\/en\/istoria-sociala-actualitate-si-problematica\/","title":{"rendered":"SOCIAL HISTORY. ACTUALITY AND PROBLEMATICS"},"content":{"rendered":"<p><em>Ce este istoria social\u0103? Cum cunoa\u015ftem prin intermediul istoriei sociale? C\u00e2teva lucr\u0103ri de direc\u021bie paradigmatic\u0103 pentru spa\u021biul rom\u00e2nesc. Sistemul istoriei sociale. Obiectiv, subiectiv \u2013 tensiunile istoriei sociale. Tipuri antropologice, perioade majore. Romanizarea, romaniile populare, arom\u00e2nii. Cele dou\u0103 mari serii ale istoriei sociale a Rom\u00e2niei. Elitele \u0219i societatea. Proiecte de modernizare ale Rom\u00e2niei. Globalizarea<\/em> \u2013 sunt teme majore pe care acest volum le dezbate \u00eentr-o form\u0103 \u00een acela\u015fi timp documentat\u0103 \u015fi atractiv\u0103.<\/p>\n","protected":false},"excerpt":{"rendered":"<p>Ce este istoria social\u0103? Cum cunoa\u015ftem prin intermediul istoriei sociale? C\u00e2teva lucr\u0103ri de direc\u021bie paradigmatic\u0103 pentru spa\u021biul rom\u00e2nesc. Sistemul istoriei sociale. Obiectiv, subiectiv \u2013 tensiunile istoriei sociale. Tipuri antropologice, perioade majore. Romanizarea, romaniile populare, arom\u00e2nii. Cele dou\u0103 mari serii ale istoriei sociale a Rom\u00e2niei. Elitele \u0219i societatea. Proiecte de modernizare ale Rom\u00e2niei. Globalizarea \u2013 sunt [&hellip;]<\/p>\n","protected":false},"featured_media":21389,"comment_status":"open","ping_status":"closed","template":"","meta":[],"product_brand":[],"product_cat":[1531,3507,991,998],"product_tag":[2927,1206,2926,2925,1039],"class_list":{"0":"post-21388","1":"product","2":"type-product","3":"status-publish","4":"has-post-thumbnail","6":"product_cat-colectii","7":"product_cat-sas-sociologie","8":"product_cat-stiinte-sociale","9":"product_cat-sociologie-si-asistenta-sociala","10":"product_tag-globalizarea","11":"product_tag-istorie-sociala","12":"product_tag-lumea-contemporana","13":"product_tag-romanizarea-si-etnogeneza","14":"product_tag-sociologie","16":"first","17":"outofstock","18":"shipping-taxable","19":"purchasable","20":"product-type-simple"},"_links":{"self":[{"href":"https:\/\/editura-unibuc.ro\/en\/wp-json\/wp\/v2\/product\/21388","targetHints":{"allow":["GET"]}}],"collection":[{"href":"https:\/\/editura-unibuc.ro\/en\/wp-json\/wp\/v2\/product"}],"about":[{"href":"https:\/\/editura-unibuc.ro\/en\/wp-json\/wp\/v2\/types\/product"}],"replies":[{"embeddable":true,"href":"https:\/\/editura-unibuc.ro\/en\/wp-json\/wp\/v2\/comments?post=21388"}],"wp:featuredmedia":[{"embeddable":true,"href":"https:\/\/editura-unibuc.ro\/en\/wp-json\/wp\/v2\/media\/21389"}],"wp:attachment":[{"href":"https:\/\/editura-unibuc.ro\/en\/wp-json\/wp\/v2\/media?parent=21388"}],"wp:term":[{"taxonomy":"product_brand","embeddable":true,"href":"https:\/\/editura-unibuc.ro\/en\/wp-json\/wp\/v2\/product_brand?post=21388"},{"taxonomy":"product_cat","embeddable":true,"href":"https:\/\/editura-unibuc.ro\/en\/wp-json\/wp\/v2\/product_cat?post=21388"},{"taxonomy":"product_tag","embeddable":true,"href":"https:\/\/editura-unibuc.ro\/en\/wp-json\/wp\/v2\/product_tag?post=21388"}],"curies":[{"name":"wp","href":"https:\/\/api.w.org\/{rel}","templated":true}]}}