{"id":21390,"date":"2018-02-02T13:25:56","date_gmt":"2018-02-02T11:25:56","guid":{"rendered":"https:\/\/editura-unibuc.ro\/?post_type=product&#038;p=21390"},"modified":"2018-03-28T11:46:44","modified_gmt":"2018-03-28T08:46:44","slug":"eshatologia-paulina","status":"publish","type":"product","link":"https:\/\/editura-unibuc.ro\/en\/eshatologia-paulina\/","title":{"rendered":"THE PAULINE ESCHATOLOGY"},"content":{"rendered":"<p>\u201eLucrarea p\u0103rintelui Marian Vild despre Eshatologia paulin\u0103 reprezint\u0103 o foarte valoroas\u0103 contribu\u021bie rom\u00e2neasc\u0103 \u00een ansamblul cercet\u0103rii asupra Epistolelor marelui Apostol al neamurilor. Abord\u00e2nd, practic, toate textele pauline de interes \u00een domeniul eshatologiei \u0219i variatele aspecte ale temei, aceast\u0103 lucrare constituie un aport unic \u0219i de o calitate excep\u021bional\u0103 pentru exegeza \u0219i teologia scrierilor Noului Testament.<\/p>\n<p>(&#8230;) Volumul de fa\u021b\u0103 ne ofer\u0103, a\u0219adar, o lucrare extrem de serioas\u0103 \u0219i de o autentic\u0103 \u0219i foarte \u00eenalt\u0103 \u021binut\u0103 \u0219tiin\u021bific\u0103, cu o matur\u0103 abordare exegetic-teologic\u0103 a textelor \u0219i cu argument\u0103ri bine sus\u021binute \u0219i de cea mai bun\u0103 calitate. O recomand\u0103m c\u0103lduros, at\u00e2t speciali\u0219tilor, c\u00e2t \u0219i tuturor cititorilor interesa\u021bi de aprofundarea acestei importante teme de teologie \u0219i spiritualitate cre\u0219tin\u0103.\u201d<\/p>\n<p>Pr. prof. dr. Vasile Mihoc<\/p>\n","protected":false},"excerpt":{"rendered":"<p>\u201eLucrarea p\u0103rintelui Marian Vild despre Eshatologia paulin\u0103 reprezint\u0103 o foarte valoroas\u0103 contribu\u021bie rom\u00e2neasc\u0103 \u00een ansamblul cercet\u0103rii asupra Epistolelor marelui Apostol al neamurilor. Abord\u00e2nd, practic, toate textele pauline de interes \u00een domeniul eshatologiei \u0219i variatele aspecte ale temei, aceast\u0103 lucrare constituie un aport unic \u0219i de o calitate excep\u021bional\u0103 pentru exegeza \u0219i teologia scrierilor Noului Testament. [&hellip;]<\/p>\n","protected":false},"featured_media":21391,"comment_status":"open","ping_status":"closed","template":"","meta":[],"product_brand":[],"product_cat":[1531,2597,991,999],"product_tag":[2928,2932,2931,2930,2929,1355],"class_list":{"0":"post-21390","1":"product","2":"type-product","3":"status-publish","4":"has-post-thumbnail","6":"product_cat-colectii","7":"product_cat-studia-theologica","8":"product_cat-stiinte-sociale","9":"product_cat-teologie","10":"product_tag-eshatologie","11":"product_tag-invierea-mortilor","12":"product_tag-judecata-universala","13":"product_tag-parusia","14":"product_tag-sf-pavel","15":"product_tag-teologie-ortodoxa","17":"first","18":"outofstock","19":"shipping-taxable","20":"purchasable","21":"product-type-simple"},"_links":{"self":[{"href":"https:\/\/editura-unibuc.ro\/en\/wp-json\/wp\/v2\/product\/21390","targetHints":{"allow":["GET"]}}],"collection":[{"href":"https:\/\/editura-unibuc.ro\/en\/wp-json\/wp\/v2\/product"}],"about":[{"href":"https:\/\/editura-unibuc.ro\/en\/wp-json\/wp\/v2\/types\/product"}],"replies":[{"embeddable":true,"href":"https:\/\/editura-unibuc.ro\/en\/wp-json\/wp\/v2\/comments?post=21390"}],"wp:featuredmedia":[{"embeddable":true,"href":"https:\/\/editura-unibuc.ro\/en\/wp-json\/wp\/v2\/media\/21391"}],"wp:attachment":[{"href":"https:\/\/editura-unibuc.ro\/en\/wp-json\/wp\/v2\/media?parent=21390"}],"wp:term":[{"taxonomy":"product_brand","embeddable":true,"href":"https:\/\/editura-unibuc.ro\/en\/wp-json\/wp\/v2\/product_brand?post=21390"},{"taxonomy":"product_cat","embeddable":true,"href":"https:\/\/editura-unibuc.ro\/en\/wp-json\/wp\/v2\/product_cat?post=21390"},{"taxonomy":"product_tag","embeddable":true,"href":"https:\/\/editura-unibuc.ro\/en\/wp-json\/wp\/v2\/product_tag?post=21390"}],"curies":[{"name":"wp","href":"https:\/\/api.w.org\/{rel}","templated":true}]}}