{"id":2141,"date":"2012-09-14T10:20:03","date_gmt":"2012-09-14T07:20:03","guid":{"rendered":"https:\/\/editura-unibuc.ro\/?p=2141"},"modified":"2015-03-12T16:16:19","modified_gmt":"2015-03-12T14:16:19","slug":"latinislitterisoperamnavare-despretraducerea-surselor-latine-si-integrarea-lor-in-istoria-ieroglifica","status":"publish","type":"product","link":"https:\/\/editura-unibuc.ro\/en\/latinislitterisoperamnavare-despretraducerea-surselor-latine-si-integrarea-lor-in-istoria-ieroglifica\/","title":{"rendered":"LATINIS LITTERIS OPERAM NAVARE. ON THE SOURCES TRANSLATION AND INTEGRATION IN HIEROGLYPHIC HISTORY"},"content":{"rendered":"<p>,,Cartea Oanei U\u021b\u0103 B\u0103rbulescu reprezint\u0103 o valoroas\u0103 lucrare de erudi\u021bie care se distinge at\u00e2t prin subiectul propriu-zis, c\u00e2t \u0219i prin modalitatea trat\u0103rii. Un prim merit al acestei lucr\u0103ri este p\u0103trunderea \u00een domeniul textelor vechi rom\u00e2ne\u0219ti care, \u00een general, nu este suficient explorat \u0219i cu at\u00e2t mai pu\u021bin exploatat de c\u0103tre cercet\u0103tori. [\u2026]<br \/>\nOana U\u021b\u0103 B\u0103rbulescu aduce, prin volumul s\u0103u, o contribu\u021bie de seam\u0103 la \u00een\u021belegerea unei etape remarcabile din istoria lexicului rom\u00e2nesc. La baza arhitecturii lexicului nostru cult nu s-ar putea s\u0103 nu i se recunoasc\u0103 vizionarului umanist Dimitrie Cantemir rolul de pionier \u00een perioada de confluen\u021b\u0103 dintre secolele al XVII-lea \u0219i al XVIII-lea!\u201d (Florica Dimitrescu)<\/p>\n","protected":false},"excerpt":{"rendered":"<p>,,Cartea Oanei U\u021b\u0103 B\u0103rbulescu reprezint\u0103 o valoroas\u0103 lucrare de erudi\u021bie care se distinge at\u00e2t prin subiectul propriu-zis, c\u00e2t \u0219i prin modalitatea trat\u0103rii. Un prim merit al acestei lucr\u0103ri este p\u0103trunderea \u00een domeniul textelor vechi rom\u00e2ne\u0219ti care, \u00een general, nu este suficient explorat \u0219i cu at\u00e2t mai pu\u021bin exploatat de c\u0103tre cercet\u0103tori. [\u2026] Oana U\u021b\u0103 B\u0103rbulescu [&hellip;]<\/p>\n","protected":false},"featured_media":10828,"comment_status":"open","ping_status":"closed","template":"","meta":[],"product_brand":[],"product_cat":[1464,979],"product_tag":[1356,941,925],"class_list":{"0":"post-2141","1":"product","2":"type-product","3":"status-publish","4":"has-post-thumbnail","6":"product_cat-filologie","7":"product_cat-limba-romana","8":"product_tag-dimitrie-cantemir","9":"product_tag-latina","10":"product_tag-romana","12":"first","13":"instock","14":"shipping-taxable","15":"purchasable","16":"product-type-simple"},"_links":{"self":[{"href":"https:\/\/editura-unibuc.ro\/en\/wp-json\/wp\/v2\/product\/2141","targetHints":{"allow":["GET"]}}],"collection":[{"href":"https:\/\/editura-unibuc.ro\/en\/wp-json\/wp\/v2\/product"}],"about":[{"href":"https:\/\/editura-unibuc.ro\/en\/wp-json\/wp\/v2\/types\/product"}],"replies":[{"embeddable":true,"href":"https:\/\/editura-unibuc.ro\/en\/wp-json\/wp\/v2\/comments?post=2141"}],"wp:featuredmedia":[{"embeddable":true,"href":"https:\/\/editura-unibuc.ro\/en\/wp-json\/wp\/v2\/media\/10828"}],"wp:attachment":[{"href":"https:\/\/editura-unibuc.ro\/en\/wp-json\/wp\/v2\/media?parent=2141"}],"wp:term":[{"taxonomy":"product_brand","embeddable":true,"href":"https:\/\/editura-unibuc.ro\/en\/wp-json\/wp\/v2\/product_brand?post=2141"},{"taxonomy":"product_cat","embeddable":true,"href":"https:\/\/editura-unibuc.ro\/en\/wp-json\/wp\/v2\/product_cat?post=2141"},{"taxonomy":"product_tag","embeddable":true,"href":"https:\/\/editura-unibuc.ro\/en\/wp-json\/wp\/v2\/product_tag?post=2141"}],"curies":[{"name":"wp","href":"https:\/\/api.w.org\/{rel}","templated":true}]}}