{"id":21424,"date":"2018-02-05T13:59:21","date_gmt":"2018-02-05T11:59:21","guid":{"rendered":"https:\/\/editura-unibuc.ro\/?post_type=product&#038;p=21424"},"modified":"2025-08-28T10:57:15","modified_gmt":"2025-08-28T07:57:15","slug":"esercizi-di-grammatica-italiana","status":"publish","type":"product","link":"https:\/\/editura-unibuc.ro\/en\/esercizi-di-grammatica-italiana\/","title":{"rendered":"ESERCIZI DI GRAMMATICA ITALIANA"},"content":{"rendered":"<p><em>Esercizi di grammatica italiana<\/em> este un suport destinat seminarelor de practica limbii italiene. Acesta abordeaz\u0103 diverse aspecte ale gramaticii italiene care \u00eei pun constant \u00een dificultate pe studen\u021bii rom\u00e2ni, indiferent de anul de studiu\u00a0\u0219i de specializarea lor (Filologie, Traducere \u015fi Interpretare, Limbi Moderne Aplicate): particulele <em>ne <\/em>\u015fi <em>ci<\/em>, vorbirea indirect\u0103, concordan\u021ba conjunctivului, diateza pasiv\u0103 etc.<\/p>\n<p>Materialul poate fi folosit at\u00e2t pentru a le prezenta \u00eencep\u0103torilor o problem\u0103 nou\u0103, c\u00e2t \u015fi pentru grupele de avansa\u021bi, pentru a recapitula sau a fixa mai bine cuno\u0219tin\u021bele. Gradul de dificultate al exerci\u021biilor\u00a0cre\u0219te treptat, astfel \u00eenc\u00e2t \u00een func\u021bie de nivelul grupei profesorul le poate parcurge integral sau poate efectua o selec\u021bie. Volumul cuprinde \u0219i exerci\u021bii de traducere.<\/p>\n","protected":false},"excerpt":{"rendered":"<p>Esercizi di grammatica italiana este un suport destinat seminarelor de practica limbii italiene. Acesta abordeaz\u0103 diverse aspecte ale gramaticii italiene care \u00eei pun constant \u00een dificultate pe studen\u021bii rom\u00e2ni, indiferent de anul de studiu\u00a0\u0219i de specializarea lor (Filologie, Traducere \u015fi Interpretare, Limbi Moderne Aplicate): particulele ne \u015fi ci, vorbirea indirect\u0103, concordan\u021ba conjunctivului, diateza pasiv\u0103 etc. [&hellip;]<\/p>\n","protected":false},"featured_media":21425,"comment_status":"open","ping_status":"closed","template":"","meta":[],"product_brand":[],"product_cat":[1531,853,1464,980],"product_tag":[2937,2936,2115],"class_list":{"0":"post-21424","1":"product","2":"type-product","3":"status-publish","4":"has-post-thumbnail","6":"product_cat-colectii","7":"product_cat-colectia-didactica-magna","8":"product_cat-filologie","9":"product_cat-limbi-romanice-clasice-si-orientale","10":"product_tag-corina-anton","11":"product_tag-grammatica-italiana","12":"product_tag-limba-italiana","14":"first","15":"instock","16":"shipping-taxable","17":"purchasable","18":"product-type-simple"},"_links":{"self":[{"href":"https:\/\/editura-unibuc.ro\/en\/wp-json\/wp\/v2\/product\/21424","targetHints":{"allow":["GET"]}}],"collection":[{"href":"https:\/\/editura-unibuc.ro\/en\/wp-json\/wp\/v2\/product"}],"about":[{"href":"https:\/\/editura-unibuc.ro\/en\/wp-json\/wp\/v2\/types\/product"}],"replies":[{"embeddable":true,"href":"https:\/\/editura-unibuc.ro\/en\/wp-json\/wp\/v2\/comments?post=21424"}],"wp:featuredmedia":[{"embeddable":true,"href":"https:\/\/editura-unibuc.ro\/en\/wp-json\/wp\/v2\/media\/21425"}],"wp:attachment":[{"href":"https:\/\/editura-unibuc.ro\/en\/wp-json\/wp\/v2\/media?parent=21424"}],"wp:term":[{"taxonomy":"product_brand","embeddable":true,"href":"https:\/\/editura-unibuc.ro\/en\/wp-json\/wp\/v2\/product_brand?post=21424"},{"taxonomy":"product_cat","embeddable":true,"href":"https:\/\/editura-unibuc.ro\/en\/wp-json\/wp\/v2\/product_cat?post=21424"},{"taxonomy":"product_tag","embeddable":true,"href":"https:\/\/editura-unibuc.ro\/en\/wp-json\/wp\/v2\/product_tag?post=21424"}],"curies":[{"name":"wp","href":"https:\/\/api.w.org\/{rel}","templated":true}]}}