{"id":2156,"date":"2012-09-14T11:10:09","date_gmt":"2012-09-14T08:10:09","guid":{"rendered":"https:\/\/editura-unibuc.ro\/?p=2156"},"modified":"2025-07-21T11:59:56","modified_gmt":"2025-07-21T08:59:56","slug":"ergativitatea-tipologie-sintaxa-semantica","status":"publish","type":"product","link":"https:\/\/editura-unibuc.ro\/en\/ergativitatea-tipologie-sintaxa-semantica\/","title":{"rendered":"ERGATIVITY. TYPOLOGY, SYNTAX, SEMANTICS"},"content":{"rendered":"<p>Teza de doctorat a Adinei Dragomirescu, asistent la catedra de limb\u0103 rom\u00e2n\u0103 a Facult\u0103\u021bii de Litere, aduce \u00een aten\u021bia cititorilor o tem\u0103 de cercetare complex\u0103, aflat\u0103 la intersec\u021bia mai multor domenii ale lingvisticii. A\u0219a cum reiese din titlul c\u0103r\u021bii, acestea sunt, \u00een primul r\u00e2nd, tipologia, sintaxa \u0219i semantica. Cartea cuprinde cinci capitole \u0219i dou\u0103 anexe. \u00cen primul capitol, autoarea face un scurt istoric al studiilor despre ergativitate, apoi continu\u0103 cu o prezentare critic\u0103 a \u00eencerc\u0103rilor de a descrie sintaxa limbilor ergative. \u00cen ultimele trei capitole, cercetarea se axeaz\u0103 pe semantica \u0219i sintaxa verbelor ergative, pe delimitarea clasei verbelor inacuzative \u0219i pe analiza celor de tip special \u201ea fi\u201d \u0219i \u201ea avea\u201d.<\/p>\n","protected":false},"excerpt":{"rendered":"<p>Teza de doctorat a Adinei Dragomirescu, asistent la catedra de limb\u0103 rom\u00e2n\u0103 a Facult\u0103\u021bii de Litere, aduce \u00een aten\u021bia cititorilor o tem\u0103 de cercetare complex\u0103, aflat\u0103 la intersec\u021bia mai multor domenii ale lingvisticii. A\u0219a cum reiese din titlul c\u0103r\u021bii, acestea sunt, \u00een primul r\u00e2nd, tipologia, sintaxa \u0219i semantica. Cartea cuprinde cinci capitole \u0219i dou\u0103 anexe. [&hellip;]<\/p>\n","protected":false},"featured_media":10817,"comment_status":"open","ping_status":"closed","template":"","meta":[],"product_brand":[],"product_cat":[1464,979],"product_tag":[1346,895],"class_list":{"0":"post-2156","1":"product","2":"type-product","3":"status-publish","4":"has-post-thumbnail","6":"product_cat-filologie","7":"product_cat-limba-romana","8":"product_tag-ergativitate","9":"product_tag-lingvistica","11":"first","12":"instock","13":"shipping-taxable","14":"purchasable","15":"product-type-simple"},"_links":{"self":[{"href":"https:\/\/editura-unibuc.ro\/en\/wp-json\/wp\/v2\/product\/2156","targetHints":{"allow":["GET"]}}],"collection":[{"href":"https:\/\/editura-unibuc.ro\/en\/wp-json\/wp\/v2\/product"}],"about":[{"href":"https:\/\/editura-unibuc.ro\/en\/wp-json\/wp\/v2\/types\/product"}],"replies":[{"embeddable":true,"href":"https:\/\/editura-unibuc.ro\/en\/wp-json\/wp\/v2\/comments?post=2156"}],"wp:featuredmedia":[{"embeddable":true,"href":"https:\/\/editura-unibuc.ro\/en\/wp-json\/wp\/v2\/media\/10817"}],"wp:attachment":[{"href":"https:\/\/editura-unibuc.ro\/en\/wp-json\/wp\/v2\/media?parent=2156"}],"wp:term":[{"taxonomy":"product_brand","embeddable":true,"href":"https:\/\/editura-unibuc.ro\/en\/wp-json\/wp\/v2\/product_brand?post=2156"},{"taxonomy":"product_cat","embeddable":true,"href":"https:\/\/editura-unibuc.ro\/en\/wp-json\/wp\/v2\/product_cat?post=2156"},{"taxonomy":"product_tag","embeddable":true,"href":"https:\/\/editura-unibuc.ro\/en\/wp-json\/wp\/v2\/product_tag?post=2156"}],"curies":[{"name":"wp","href":"https:\/\/api.w.org\/{rel}","templated":true}]}}