{"id":21608,"date":"2018-02-22T19:54:48","date_gmt":"2018-02-22T17:54:48","guid":{"rendered":"https:\/\/editura-unibuc.ro\/?post_type=product&#038;p=21608"},"modified":"2018-03-15T13:56:04","modified_gmt":"2018-03-15T11:56:04","slug":"cultures-de-la-communication-2-2017","status":"publish","type":"product","link":"https:\/\/editura-unibuc.ro\/en\/cultures-de-la-communication-2-2017\/","title":{"rendered":"CULTURES OF COMMUNICATION 2\/2017"},"content":{"rendered":"<p class=\"qtranxs-available-languages-message qtranxs-available-languages-message-en\">Sorry, this entry is only available in <a href=\"https:\/\/editura-unibuc.ro\/ro\/wp-json\/wp\/v2\/product\/21608\" class=\"qtranxs-available-language-link qtranxs-available-language-link-ro\" title=\"Rom\u00e2n\u0103\">Rom\u00e2n\u0103<\/a>. For the sake of viewer convenience, the content is shown below in the alternative language. You may click the link to switch the active language.<\/p><p>Din cuprins:<br \/>\nSILVIA BRANEA, SORINA GHEORGHE, Narration et construction de la r\u00e9alit\u00e9 par les m\u00e9dias. Le cas d\u2019Oscar Pistorius; <\/p>\n<p>TULIA-MARIA C\u0102\u015eVEAN, Social Practices in Video Games and Their Influence on the Game Experience;<\/p>\n<p>GABRIEL HEREA, The Space-Way and the Conquest of Heaven.<\/p>","protected":false},"excerpt":{"rendered":"<p>Sorry, this entry is only available in Rom\u00e2n\u0103. For the sake of viewer convenience, the content is shown below in the alternative language. You may click the link to switch the active language.Din cuprins: SILVIA BRANEA, SORINA GHEORGHE, Narration et construction de la r\u00e9alit\u00e9 par les m\u00e9dias. Le cas d\u2019Oscar Pistorius; TULIA-MARIA C\u0102\u015eVEAN, Social Practices [&hellip;]<\/p>\n","protected":false},"featured_media":21609,"comment_status":"open","ping_status":"closed","template":"","meta":[],"product_brand":[],"product_cat":[1531,2581,1464,976,977,1469,1893],"product_tag":[2944,2943,2942],"class_list":{"0":"post-21608","1":"product","2":"type-product","3":"status-publish","4":"has-post-thumbnail","6":"product_cat-colectii","7":"product_cat-cultura-si-comunicare","8":"product_cat-filologie","9":"product_cat-limba-engleza","10":"product_cat-limba-franceza","11":"product_cat-periodice","12":"product_cat-reviste-academice","13":"product_tag-imaginarul-in-occidentul-medieval","14":"product_tag-je-suis-charlie","15":"product_tag-video-games","17":"first","18":"outofstock","19":"shipping-taxable","20":"purchasable","21":"product-type-simple"},"_links":{"self":[{"href":"https:\/\/editura-unibuc.ro\/en\/wp-json\/wp\/v2\/product\/21608","targetHints":{"allow":["GET"]}}],"collection":[{"href":"https:\/\/editura-unibuc.ro\/en\/wp-json\/wp\/v2\/product"}],"about":[{"href":"https:\/\/editura-unibuc.ro\/en\/wp-json\/wp\/v2\/types\/product"}],"replies":[{"embeddable":true,"href":"https:\/\/editura-unibuc.ro\/en\/wp-json\/wp\/v2\/comments?post=21608"}],"wp:featuredmedia":[{"embeddable":true,"href":"https:\/\/editura-unibuc.ro\/en\/wp-json\/wp\/v2\/media\/21609"}],"wp:attachment":[{"href":"https:\/\/editura-unibuc.ro\/en\/wp-json\/wp\/v2\/media?parent=21608"}],"wp:term":[{"taxonomy":"product_brand","embeddable":true,"href":"https:\/\/editura-unibuc.ro\/en\/wp-json\/wp\/v2\/product_brand?post=21608"},{"taxonomy":"product_cat","embeddable":true,"href":"https:\/\/editura-unibuc.ro\/en\/wp-json\/wp\/v2\/product_cat?post=21608"},{"taxonomy":"product_tag","embeddable":true,"href":"https:\/\/editura-unibuc.ro\/en\/wp-json\/wp\/v2\/product_tag?post=21608"}],"curies":[{"name":"wp","href":"https:\/\/api.w.org\/{rel}","templated":true}]}}