{"id":21610,"date":"2018-02-22T19:58:37","date_gmt":"2018-02-22T17:58:37","guid":{"rendered":"https:\/\/editura-unibuc.ro\/?post_type=product&#038;p=21610"},"modified":"2025-08-28T10:23:40","modified_gmt":"2025-08-28T07:23:40","slug":"analiza-spectrala-a-seriilor-de-timp-naturale-pentru-aplicatii-in-fizica-atmosferei-si-a-pamantului","status":"publish","type":"product","link":"https:\/\/editura-unibuc.ro\/en\/analiza-spectrala-a-seriilor-de-timp-naturale-pentru-aplicatii-in-fizica-atmosferei-si-a-pamantului\/","title":{"rendered":"ANALIZA SPECTRAL\u0102 A SERIILOR DE TIMP NATURALE PENTRU APLICA\u0162II \u00ceN FIZICA ATMOSFEREI \u015eI A P\u0102M\u00c2NTULUI"},"content":{"rendered":"<p>Volumul are ca obiectiv prezentarea celor mai utilizate metode de analiz\u0103 spectral\u0103 \u00een studiul seriilor de timp legate de Fizica Atmosferei \u015fi a P\u0103m\u00e2ntului \u00een vederea identific\u0103rii \u015fi descrierii ciclicit\u0103\u0163ilor dominante con\u0163inute \u00eentr-un set de date m\u0103surate \u00een func\u0163ie de timp \u015fi, pe cale de consecin\u0163\u0103, \u00een\u0163elegerea proceselor fundamentale care au generat setul de date.<\/p>\n","protected":false},"excerpt":{"rendered":"<p>Volumul are ca obiectiv prezentarea celor mai utilizate metode de analiz\u0103 spectral\u0103 \u00een studiul seriilor de timp legate de Fizica Atmosferei \u015fi a P\u0103m\u00e2ntului \u00een vederea identific\u0103rii \u015fi descrierii ciclicit\u0103\u0163ilor dominante con\u0163inute \u00eentr-un set de date m\u0103surate \u00een func\u0163ie de timp \u015fi, pe cale de consecin\u0163\u0103, \u00een\u0163elegerea proceselor fundamentale care au generat setul de date.<\/p>\n","protected":false},"featured_media":21611,"comment_status":"open","ping_status":"closed","template":"","meta":[],"product_brand":[],"product_cat":[1531,2839,982,984],"product_tag":[2947,2945,2946],"class_list":{"0":"post-21610","1":"product","2":"type-product","3":"status-publish","4":"has-post-thumbnail","6":"product_cat-colectii","7":"product_cat-fizicaphysics","8":"product_cat-stiinte-exacte","9":"product_cat-fizica","10":"product_tag-algoritmul-clean","11":"product_tag-analiza-spectrala","12":"product_tag-zgomot","14":"first","15":"instock","16":"shipping-taxable","17":"purchasable","18":"product-type-simple"},"_links":{"self":[{"href":"https:\/\/editura-unibuc.ro\/en\/wp-json\/wp\/v2\/product\/21610","targetHints":{"allow":["GET"]}}],"collection":[{"href":"https:\/\/editura-unibuc.ro\/en\/wp-json\/wp\/v2\/product"}],"about":[{"href":"https:\/\/editura-unibuc.ro\/en\/wp-json\/wp\/v2\/types\/product"}],"replies":[{"embeddable":true,"href":"https:\/\/editura-unibuc.ro\/en\/wp-json\/wp\/v2\/comments?post=21610"}],"wp:featuredmedia":[{"embeddable":true,"href":"https:\/\/editura-unibuc.ro\/en\/wp-json\/wp\/v2\/media\/21611"}],"wp:attachment":[{"href":"https:\/\/editura-unibuc.ro\/en\/wp-json\/wp\/v2\/media?parent=21610"}],"wp:term":[{"taxonomy":"product_brand","embeddable":true,"href":"https:\/\/editura-unibuc.ro\/en\/wp-json\/wp\/v2\/product_brand?post=21610"},{"taxonomy":"product_cat","embeddable":true,"href":"https:\/\/editura-unibuc.ro\/en\/wp-json\/wp\/v2\/product_cat?post=21610"},{"taxonomy":"product_tag","embeddable":true,"href":"https:\/\/editura-unibuc.ro\/en\/wp-json\/wp\/v2\/product_tag?post=21610"}],"curies":[{"name":"wp","href":"https:\/\/api.w.org\/{rel}","templated":true}]}}