{"id":21612,"date":"2018-02-22T20:01:48","date_gmt":"2018-02-22T18:01:48","guid":{"rendered":"https:\/\/editura-unibuc.ro\/?post_type=product&#038;p=21612"},"modified":"2024-04-10T12:06:45","modified_gmt":"2024-04-10T09:06:45","slug":"madrigali-amorosi-studii-in-onoarea-profesorului-mihai-dinu","status":"publish","type":"product","link":"https:\/\/editura-unibuc.ro\/en\/madrigali-amorosi-studii-in-onoarea-profesorului-mihai-dinu\/","title":{"rendered":"MADRIGALI AMOROSI. STUDII \u00ceN ONOAREA PROFESORULUI MIHAI DINU"},"content":{"rendered":"<p>\u201cSunt nou\u0103 teme cuprinz\u0103toare ale unui periplu cultural \u00een care se reg\u0103sesc entuziasmul lui Mihai Dinu pentru teorii \u015fi modele \u015ftiin\u0163ifice, preocuparea pentru figuri literare \u015fi figuri stilistice, nevoia de a explora teritoriile comunic\u0103rii \u015fi de a primi cu bucurie savorile cuminec\u0103rii, pasiunea pentru istoria muzicii \u015fi intreresul pentru iconografia religioas\u0103.\u201d<\/p>\n<p style=\"text-align: right\">COORDONATOAREA VOLUMULUI<\/p>\n<p><\/p>","protected":false},"excerpt":{"rendered":"<p>\u201cSunt nou\u0103 teme cuprinz\u0103toare ale unui periplu cultural \u00een care se reg\u0103sesc entuziasmul lui Mihai Dinu pentru teorii \u015fi modele \u015ftiin\u0163ifice, preocuparea pentru figuri literare \u015fi figuri stilistice, nevoia de a explora teritoriile comunic\u0103rii \u015fi de a primi cu bucurie savorile cuminec\u0103rii, pasiunea pentru istoria muzicii \u015fi intreresul pentru iconografia religioas\u0103.\u201d COORDONATOAREA VOLUMULUI<\/p>\n","protected":false},"featured_media":21613,"comment_status":"open","ping_status":"closed","template":"","meta":[],"product_brand":[],"product_cat":[1531,2509,1464,979,991,995],"product_tag":[2950,2948,2949],"class_list":{"0":"post-21612","1":"product","2":"type-product","3":"status-publish","4":"has-post-thumbnail","6":"product_cat-colectii","7":"product_cat-personalitati-ale-universitatii-din-bucuresti","8":"product_cat-filologie","9":"product_cat-limba-romana","10":"product_cat-stiinte-sociale","11":"product_cat-istorie-stiinte-politice","12":"product_tag-consumatorul-postmodern","13":"product_tag-medievistica-romaneasca","14":"product_tag-metafore","16":"first","17":"outofstock","18":"shipping-taxable","19":"purchasable","20":"product-type-simple"},"_links":{"self":[{"href":"https:\/\/editura-unibuc.ro\/en\/wp-json\/wp\/v2\/product\/21612","targetHints":{"allow":["GET"]}}],"collection":[{"href":"https:\/\/editura-unibuc.ro\/en\/wp-json\/wp\/v2\/product"}],"about":[{"href":"https:\/\/editura-unibuc.ro\/en\/wp-json\/wp\/v2\/types\/product"}],"replies":[{"embeddable":true,"href":"https:\/\/editura-unibuc.ro\/en\/wp-json\/wp\/v2\/comments?post=21612"}],"wp:featuredmedia":[{"embeddable":true,"href":"https:\/\/editura-unibuc.ro\/en\/wp-json\/wp\/v2\/media\/21613"}],"wp:attachment":[{"href":"https:\/\/editura-unibuc.ro\/en\/wp-json\/wp\/v2\/media?parent=21612"}],"wp:term":[{"taxonomy":"product_brand","embeddable":true,"href":"https:\/\/editura-unibuc.ro\/en\/wp-json\/wp\/v2\/product_brand?post=21612"},{"taxonomy":"product_cat","embeddable":true,"href":"https:\/\/editura-unibuc.ro\/en\/wp-json\/wp\/v2\/product_cat?post=21612"},{"taxonomy":"product_tag","embeddable":true,"href":"https:\/\/editura-unibuc.ro\/en\/wp-json\/wp\/v2\/product_tag?post=21612"}],"curies":[{"name":"wp","href":"https:\/\/api.w.org\/{rel}","templated":true}]}}