{"id":21669,"date":"2018-02-09T20:00:10","date_gmt":"2018-02-09T18:00:10","guid":{"rendered":"https:\/\/editura-unibuc.ro\/?post_type=product&#038;p=21669"},"modified":"2018-02-26T20:02:16","modified_gmt":"2018-02-26T18:02:16","slug":"avatarurile-banchetului-perspective-trans-si-interculturale","status":"publish","type":"product","link":"https:\/\/editura-unibuc.ro\/en\/avatarurile-banchetului-perspective-trans-si-interculturale\/","title":{"rendered":"THE TRANSMUTATIONS OF THE BANQUET. TRANS- AND INTERCULTURAL PERSPECTIVES"},"content":{"rendered":"<p>Papers of the National Colloquium Organized by the Department of Classical and Neo-Hellenic Philology and the Institute of Classical Studies of the Faculty of Foreign Languages \u200b\u200band Literatures. 4th Edition, Bucharest, June 4, 2016<\/p>\n<p>\u201eDionys, prietene drag celor ageri la minte, prea \u00een\u021beleptule, c\u00e2t esti de \u00eembietor! Tu singur \u00eel faci pe omul umil s\u0103 se av\u00e2nte cu g\u00e2ndul, \u00eel \u00eendupleci s\u0103 r\u00e2d\u0103 pe cel ce-\u0219i \u00eencrunt\u0103 spr\u00e2nceana, pe cel slab \u00eel faci s\u0103-ndr\u0103zneasc\u0103, iar celui fricos \u00eei insufli curaj. \u201d Diphilos (fr. 86)<\/p>\n<p>\u201eCei care beau nu se v\u0103desc numai pe ei, \u00eentocmai cum sunt, ci, cu limba lor slobod\u0103, pe fiecare-l dezv\u0103luie. De aceea se spune \u00abvin \u0219i adev\u0103r\u00bb \u0219i \u00abvinul a f\u0103cut s\u0103 se arate mintea omului\u00bb.\u201d Philochoros (fr. 170)<\/p>","protected":false},"excerpt":{"rendered":"<p>Papers of the National Colloquium Organized by the Department of Classical and Neo-Hellenic Philology and the Institute of Classical Studies of the Faculty of Foreign Languages \u200b\u200band Literatures. 4th Edition, Bucharest, June 4, 2016 \u201eDionys, prietene drag celor ageri la minte, prea \u00een\u021beleptule, c\u00e2t esti de \u00eembietor! Tu singur \u00eel faci pe omul umil s\u0103 [&hellip;]<\/p>\n","protected":false},"featured_media":21670,"comment_status":"open","ping_status":"closed","template":"","meta":[],"product_brand":[],"product_cat":[1531,856,1464,980],"product_tag":[2953,1704,1283],"class_list":{"0":"post-21669","1":"product","2":"type-product","3":"status-publish","4":"has-post-thumbnail","6":"product_cat-colectii","7":"product_cat-colectia-lci-limbi-culturi-identitati","8":"product_cat-filologie","9":"product_cat-limbi-romanice-clasice-si-orientale","10":"product_tag-banchet","11":"product_tag-studii-clasice","12":"product_tag-studii-culturale","14":"first","15":"instock","16":"shipping-taxable","17":"purchasable","18":"product-type-simple"},"_links":{"self":[{"href":"https:\/\/editura-unibuc.ro\/en\/wp-json\/wp\/v2\/product\/21669","targetHints":{"allow":["GET"]}}],"collection":[{"href":"https:\/\/editura-unibuc.ro\/en\/wp-json\/wp\/v2\/product"}],"about":[{"href":"https:\/\/editura-unibuc.ro\/en\/wp-json\/wp\/v2\/types\/product"}],"replies":[{"embeddable":true,"href":"https:\/\/editura-unibuc.ro\/en\/wp-json\/wp\/v2\/comments?post=21669"}],"wp:featuredmedia":[{"embeddable":true,"href":"https:\/\/editura-unibuc.ro\/en\/wp-json\/wp\/v2\/media\/21670"}],"wp:attachment":[{"href":"https:\/\/editura-unibuc.ro\/en\/wp-json\/wp\/v2\/media?parent=21669"}],"wp:term":[{"taxonomy":"product_brand","embeddable":true,"href":"https:\/\/editura-unibuc.ro\/en\/wp-json\/wp\/v2\/product_brand?post=21669"},{"taxonomy":"product_cat","embeddable":true,"href":"https:\/\/editura-unibuc.ro\/en\/wp-json\/wp\/v2\/product_cat?post=21669"},{"taxonomy":"product_tag","embeddable":true,"href":"https:\/\/editura-unibuc.ro\/en\/wp-json\/wp\/v2\/product_tag?post=21669"}],"curies":[{"name":"wp","href":"https:\/\/api.w.org\/{rel}","templated":true}]}}