{"id":21671,"date":"2018-02-09T20:02:24","date_gmt":"2018-02-09T18:02:24","guid":{"rendered":"https:\/\/editura-unibuc.ro\/?post_type=product&#038;p=21671"},"modified":"2025-08-07T12:36:10","modified_gmt":"2025-08-07T09:36:10","slug":"terenuri-noi-metode-noi-mihai-pop-110-de-la-nastere","status":"publish","type":"product","link":"https:\/\/editura-unibuc.ro\/en\/terenuri-noi-metode-noi-mihai-pop-110-de-la-nastere\/","title":{"rendered":"NEW GROUNDS, NEW METHODS. MIHAI POP 110 FROM BIRTH"},"content":{"rendered":"<p>\u201e\u0162in\u00e2nd seama de raportul dintre cultura popular\u0103 tradi\u0163ional\u0103 \u015fi via\u0163a actual\u0103, trebuie l\u0103rgit\u0103 sfera cercet\u0103rilor concrete pentru a \u00een\u0163elege c\u00e2t mai profund fenomenele etnografice \u015fi folclorice de ast\u0103zi. \u00cen l\u0103rgirea sferei cercet\u0103rilor sunt necesare contacte interdisciplinare, de pild\u0103, cu sociologia sau psihologia. Problema este complex\u0103 \u015fi implic\u0103 punerea \u00een discu\u0163ie a metodelor de cercetare concret\u0103 \u00een etnografie \u015fi folclor.\u201d (Mihai Pop, 1965)<\/p>\n","protected":false},"excerpt":{"rendered":"<p>\u201e\u0162in\u00e2nd seama de raportul dintre cultura popular\u0103 tradi\u0163ional\u0103 \u015fi via\u0163a actual\u0103, trebuie l\u0103rgit\u0103 sfera cercet\u0103rilor concrete pentru a \u00een\u0163elege c\u00e2t mai profund fenomenele etnografice \u015fi folclorice de ast\u0103zi. \u00cen l\u0103rgirea sferei cercet\u0103rilor sunt necesare contacte interdisciplinare, de pild\u0103, cu sociologia sau psihologia. Problema este complex\u0103 \u015fi implic\u0103 punerea \u00een discu\u0163ie a metodelor de cercetare concret\u0103 [&hellip;]<\/p>\n","protected":false},"featured_media":21672,"comment_status":"open","ping_status":"closed","template":"","meta":[],"product_brand":[],"product_cat":[1464,979],"product_tag":[2173,957,2955,2954,949],"class_list":{"0":"post-21671","1":"product","2":"type-product","3":"status-publish","4":"has-post-thumbnail","6":"product_cat-filologie","7":"product_cat-limba-romana","8":"product_tag-antropologie-culturala","9":"product_tag-etnologie","10":"product_tag-folcloristica","11":"product_tag-mihai-pop","12":"product_tag-omagiu","14":"first","15":"outofstock","16":"shipping-taxable","17":"purchasable","18":"product-type-simple"},"_links":{"self":[{"href":"https:\/\/editura-unibuc.ro\/en\/wp-json\/wp\/v2\/product\/21671","targetHints":{"allow":["GET"]}}],"collection":[{"href":"https:\/\/editura-unibuc.ro\/en\/wp-json\/wp\/v2\/product"}],"about":[{"href":"https:\/\/editura-unibuc.ro\/en\/wp-json\/wp\/v2\/types\/product"}],"replies":[{"embeddable":true,"href":"https:\/\/editura-unibuc.ro\/en\/wp-json\/wp\/v2\/comments?post=21671"}],"wp:featuredmedia":[{"embeddable":true,"href":"https:\/\/editura-unibuc.ro\/en\/wp-json\/wp\/v2\/media\/21672"}],"wp:attachment":[{"href":"https:\/\/editura-unibuc.ro\/en\/wp-json\/wp\/v2\/media?parent=21671"}],"wp:term":[{"taxonomy":"product_brand","embeddable":true,"href":"https:\/\/editura-unibuc.ro\/en\/wp-json\/wp\/v2\/product_brand?post=21671"},{"taxonomy":"product_cat","embeddable":true,"href":"https:\/\/editura-unibuc.ro\/en\/wp-json\/wp\/v2\/product_cat?post=21671"},{"taxonomy":"product_tag","embeddable":true,"href":"https:\/\/editura-unibuc.ro\/en\/wp-json\/wp\/v2\/product_tag?post=21671"}],"curies":[{"name":"wp","href":"https:\/\/api.w.org\/{rel}","templated":true}]}}