{"id":2170,"date":"2012-09-15T11:50:52","date_gmt":"2012-09-15T08:50:52","guid":{"rendered":"https:\/\/editura-unibuc.ro\/?p=2170"},"modified":"2025-08-06T13:59:56","modified_gmt":"2025-08-06T10:59:56","slug":"invierea-lui-isus-in-scrierile-noului-testament","status":"publish","type":"product","link":"https:\/\/editura-unibuc.ro\/en\/invierea-lui-isus-in-scrierile-noului-testament\/","title":{"rendered":"THE RESURRECTION OF JESUS IN THE NEW TESTAMENT"},"content":{"rendered":"<p>\u00cenvierea lui Isus ocup\u0103 un loc central \u00een credin\u021ba Bisericii: este con\u021binutul esen\u021bial al propov\u0103duirii primare apostolice. Cartea Faptele Apostolilor, chiar de la prima interven\u021bie a lui Petru \u00een ziua de Rusalii, trateaz\u0103 direct tema afirm\u00e2nd clar, despre persoana pe care el, Petru, \u0219i ceilal\u021bi apostoli au v\u0103zut-o: Pe acest Isus Dumnezeu l-a \u00eenviat \u0219i noi to\u021bi suntem martorii acestui fapt (Fap 2,32).<\/p>\n","protected":false},"excerpt":{"rendered":"<p>\u00cenvierea lui Isus ocup\u0103 un loc central \u00een credin\u021ba Bisericii: este con\u021binutul esen\u021bial al propov\u0103duirii primare apostolice. Cartea Faptele Apostolilor, chiar de la prima interven\u021bie a lui Petru \u00een ziua de Rusalii, trateaz\u0103 direct tema afirm\u00e2nd clar, despre persoana pe care el, Petru, \u0219i ceilal\u021bi apostoli au v\u0103zut-o: Pe acest Isus Dumnezeu l-a \u00eenviat \u0219i [&hellip;]<\/p>\n","protected":false},"featured_media":10814,"comment_status":"open","ping_status":"closed","template":"","meta":[],"product_brand":[],"product_cat":[991,999],"product_tag":[1353,1021],"class_list":{"0":"post-2170","1":"product","2":"type-product","3":"status-publish","4":"has-post-thumbnail","6":"product_cat-stiinte-sociale","7":"product_cat-teologie","8":"product_tag-catolica","9":"product_tag-teologie","11":"first","12":"outofstock","13":"shipping-taxable","14":"purchasable","15":"product-type-simple"},"_links":{"self":[{"href":"https:\/\/editura-unibuc.ro\/en\/wp-json\/wp\/v2\/product\/2170","targetHints":{"allow":["GET"]}}],"collection":[{"href":"https:\/\/editura-unibuc.ro\/en\/wp-json\/wp\/v2\/product"}],"about":[{"href":"https:\/\/editura-unibuc.ro\/en\/wp-json\/wp\/v2\/types\/product"}],"replies":[{"embeddable":true,"href":"https:\/\/editura-unibuc.ro\/en\/wp-json\/wp\/v2\/comments?post=2170"}],"wp:featuredmedia":[{"embeddable":true,"href":"https:\/\/editura-unibuc.ro\/en\/wp-json\/wp\/v2\/media\/10814"}],"wp:attachment":[{"href":"https:\/\/editura-unibuc.ro\/en\/wp-json\/wp\/v2\/media?parent=2170"}],"wp:term":[{"taxonomy":"product_brand","embeddable":true,"href":"https:\/\/editura-unibuc.ro\/en\/wp-json\/wp\/v2\/product_brand?post=2170"},{"taxonomy":"product_cat","embeddable":true,"href":"https:\/\/editura-unibuc.ro\/en\/wp-json\/wp\/v2\/product_cat?post=2170"},{"taxonomy":"product_tag","embeddable":true,"href":"https:\/\/editura-unibuc.ro\/en\/wp-json\/wp\/v2\/product_tag?post=2170"}],"curies":[{"name":"wp","href":"https:\/\/api.w.org\/{rel}","templated":true}]}}