{"id":21917,"date":"2018-03-21T22:43:59","date_gmt":"2018-03-21T20:43:59","guid":{"rendered":"https:\/\/editura-unibuc.ro\/?post_type=product&#038;p=21917"},"modified":"2025-04-30T12:27:30","modified_gmt":"2025-04-30T09:27:30","slug":"destainuiri-cu-psihologul-de-la-copilarie-la-varsta-intelepciunii","status":"publish","type":"product","link":"https:\/\/editura-unibuc.ro\/en\/destainuiri-cu-psihologul-de-la-copilarie-la-varsta-intelepciunii\/","title":{"rendered":"DEST\u0102INUIRI CU PSIHOLOGUL DE LA COPIL\u0102RIE LA V\u00c2RSTA \u00ceN\u0162ELEPCIUNII"},"content":{"rendered":"<p>Volumul \u00ee\u0219i propune s\u0103 fac\u0103 o incursiune de-a lungul traseului dezvolt\u0103rii \u0219i evolu\u021biei fiin\u021bei umane, \u00eencep\u00e2nd cu anii copil\u0103riei \u0219i finaliz\u00e2nd cu anii \u00een\u021belepciunii. Studiile cu privire la copil\u0103rie, fie ele teoretice, fie empirice, \u00ee\u0219i propun s\u0103 analizeze teme de mare interes precum: anxietatea \u0219i strategiile de coping, anxietatea de separare, dezvoltarea social\u0103 \u0219i rela\u021bional\u0103 la adolescen\u021bi, comunicarea social\u0103 la copiii cu deficien\u021be de intelect. De asemenea, sunt aduse \u00een discu\u021bie subiecte cum ar fi colaborarea \u0219i comunicarea dintre p\u0103rin\u021bi \u0219i terapeu\u021bi \u00een cazul copiilor cu TSA sau tulbur\u0103rile de comportament alimentar \u00een r\u00e2ndul adolescen\u021bilor. Urm\u00e2nd cronologia dezvolt\u0103rii umane, dup\u0103 abordarea copiilor \u0219i a adolescen\u021bilor, volumul dezbate tema climatului etic organiza\u021bional ca loc de ac\u021biune \u0219i formare continu\u0103 al tinerilor \u0219i adul\u021bilor. \u00cen final, este prezentat un studiu exploratoriu cu privire la singur\u0103tate \u0219i comunicare a\u0219a cum se desf\u0103\u0219oar\u0103 acestea la v\u00e2rstele \u00eenaintate. \u00cen \u00eencheiere se realizeaz\u0103 o expunere a triadei copil-grup-familie pe \u00eentreg parcursul vie\u021bii. Volumul este alc\u0103tuit dintr-un set de studii realizate prin implicarea direct\u0103 a autorilor \u00een situa\u021biile descrise \u0219i prin fundamentarea teoretic\u0103 a acestora, put\u00e2nd constitui o surs\u0103 de inspira\u021bie pentru studen\u021bii care doresc s\u0103 ini\u021bieze cercet\u0103ri \u00eentr-una din sferele abordate. <\/p>\n<p>Ruxandra R\u0103\u0219canu este profesor universitar emerit la Facultatea de Psihologie \u0219i \u0218tiin\u021bele Educa\u021biei a Universit\u0103\u021bii din Bucure\u0219ti, unde pred\u0103 cursuri de psihanaliz\u0103, psihosomatic\u0103 \u0219i psihologie clinic\u0103. Cu o forma\u021bie puternic\u0103 de psiholog clinician, vegheaz\u0103 ca aceast\u0103 ramur\u0103 a psihologiei s\u0103 fie c\u00e2t mai adecvat reprezentat\u0103 \u0219i \u00eembr\u0103\u021bi\u0219at\u0103 de tinerii studen\u021bi, f\u0103c\u00e2nd eforturi pentru integrarea studen\u021bilor \u00een diferite zone ale activit\u0103\u021bii umane (spitale, gr\u0103dini\u021be, \u0219coli pentru persoane cu dizabilit\u0103\u021bi, centre de dezintoxicare pentru persoane dependente de droguri etc.).<br \/>\n\u00cen decursul \u00eendelungatei sale activit\u0103\u021bi didactice \u0219i de cercetare, a publicat peste 20 de volume, numeroase articole \u0219i studii, \u00een \u021bar\u0103 \u0219i \u00een str\u0103in\u0103tate. Dintre c\u0103r\u021bile autoarei men\u021bion\u0103m:<br \/>\n&#8211; Psihologia comportamentului deviant (1994)<br \/>\n&#8211; Introducere \u00een psihodiagnoz\u0103 clinic\u0103, partea I \u0219i II (2003, 2006)<br \/>\n&#8211; Psihologie aplicat\u0103 (2007)<br \/>\n&#8211; Psihologia vie\u021bii cotidiene (coautor, 1997)<br \/>\n&#8211; Psihologia la r\u0103sp\u00e2ntia mileniilor (coautor, 2001, sub. Red. M. Zlate)<\/p>\n<p>Alina Chiracu este asistent universitar, doctorand al \u0218colii Doctorale din cadrul Universit\u0103\u021bii din Bucure\u0219ti, Facultatea de Psihologie \u0219i \u0218tiin\u021bele Educa\u021biei. Sus\u021bine seminarii de Psihologia \u00eenv\u0103\u021b\u0103rii \u0219i Psihologia educa\u021biei, dovedind un interes deosebit \u0219i neobosit pentru dezvoltarea proprie \u0219i a celorlal\u021bi. Activeaz\u0103 ca psiholog cu specializ\u0103rile: psihologie clinic\u0103, psihologie \u0219colar\u0103, educa\u021bional\u0103 \u0219i voca\u021bional\u0103, psihopedagogie special\u0103. Este consilier \u00een carier\u0103 NBCC acreditat interna\u021bional. Este pre\u0219edint\u0103 a Asocia\u021biei Focus Educa\u021bional, preocup\u00e2ndu-se de dezvoltarea continu\u0103 a cadrelor didactice, copiilor, adolescen\u021bilor \u0219i tinerilor.<\/p>","protected":false},"excerpt":{"rendered":"<p>Volumul \u00ee\u0219i propune s\u0103 fac\u0103 o incursiune de-a lungul traseului dezvolt\u0103rii \u0219i evolu\u021biei fiin\u021bei umane, \u00eencep\u00e2nd cu anii copil\u0103riei \u0219i finaliz\u00e2nd cu anii \u00een\u021belepciunii. Studiile cu privire la copil\u0103rie, fie ele teoretice, fie empirice, \u00ee\u0219i propun s\u0103 analizeze teme de mare interes precum: anxietatea \u0219i strategiile de coping, anxietatea de separare, dezvoltarea social\u0103 \u0219i rela\u021bional\u0103 [&hellip;]<\/p>\n","protected":false},"featured_media":21918,"comment_status":"open","ping_status":"closed","template":"","meta":[],"product_brand":[],"product_cat":[1531,2687,991,997],"product_tag":[2262,2968,2967,2969,1111,2970,2971],"class_list":{"0":"post-21917","1":"product","2":"type-product","3":"status-publish","4":"has-post-thumbnail","6":"product_cat-colectii","7":"product_cat-stiintele-educatiei","8":"product_cat-stiinte-sociale","9":"product_cat-psihologie-stiintele-educatiei-si-pedagogie","10":"product_tag-comportament","11":"product_tag-comunicarea","12":"product_tag-copilul","13":"product_tag-prescolari","14":"product_tag-psihologie","15":"product_tag-scolari","16":"product_tag-varsta-a-treia","18":"first","19":"outofstock","20":"shipping-taxable","21":"purchasable","22":"product-type-simple"},"_links":{"self":[{"href":"https:\/\/editura-unibuc.ro\/en\/wp-json\/wp\/v2\/product\/21917","targetHints":{"allow":["GET"]}}],"collection":[{"href":"https:\/\/editura-unibuc.ro\/en\/wp-json\/wp\/v2\/product"}],"about":[{"href":"https:\/\/editura-unibuc.ro\/en\/wp-json\/wp\/v2\/types\/product"}],"replies":[{"embeddable":true,"href":"https:\/\/editura-unibuc.ro\/en\/wp-json\/wp\/v2\/comments?post=21917"}],"wp:featuredmedia":[{"embeddable":true,"href":"https:\/\/editura-unibuc.ro\/en\/wp-json\/wp\/v2\/media\/21918"}],"wp:attachment":[{"href":"https:\/\/editura-unibuc.ro\/en\/wp-json\/wp\/v2\/media?parent=21917"}],"wp:term":[{"taxonomy":"product_brand","embeddable":true,"href":"https:\/\/editura-unibuc.ro\/en\/wp-json\/wp\/v2\/product_brand?post=21917"},{"taxonomy":"product_cat","embeddable":true,"href":"https:\/\/editura-unibuc.ro\/en\/wp-json\/wp\/v2\/product_cat?post=21917"},{"taxonomy":"product_tag","embeddable":true,"href":"https:\/\/editura-unibuc.ro\/en\/wp-json\/wp\/v2\/product_tag?post=21917"}],"curies":[{"name":"wp","href":"https:\/\/api.w.org\/{rel}","templated":true}]}}