{"id":21940,"date":"2018-03-23T16:27:54","date_gmt":"2018-03-23T14:27:54","guid":{"rendered":"https:\/\/editura-unibuc.ro\/?post_type=product&#038;p=21940"},"modified":"2018-03-23T16:31:15","modified_gmt":"2018-03-23T14:31:15","slug":"je-est-un-autre-autobiographie-et-pseudo-autobiographie-dans-loeuvre-de-driss-chraibi","status":"publish","type":"product","link":"https:\/\/editura-unibuc.ro\/en\/je-est-un-autre-autobiographie-et-pseudo-autobiographie-dans-loeuvre-de-driss-chraibi\/","title":{"rendered":"JE E(S)T UN AUTRE.  AUTOBIOGRAPHIE ET PSEUDO-AUTOBIOGRAPHIE DANS L\u2019\u0152UVRE DE DRISS CHRA\u00cfBI"},"content":{"rendered":"<p>\u00abCet essai est une introduction fine et \u00e9clairante \u00e0 l\u2019\u0153uvre d\u2019un grand romancier, encore trop peu lu en dehors de quelques cercles francophones. Il montre comment d\u2019embl\u00e9e l\u2019\u00e9criture d\u2019un \u00e9crivain vivant entre plusieurs cultures fait bouger les lignes de l\u2019\u00e9criture autobiographique occidentale, donnant ainsi \u00e0 percevoir la gageure d\u2019une \u00e9criture en fran\u00e7ais rendant compte d\u2019un v\u00e9cu, d\u2019une inscription sociale et d\u2019une sensibilit\u00e9 bien diff\u00e9rents de ceux qu\u2019illustraient jusque-l\u00e0 des r\u00e9cits de vie fran\u00e7ais. C\u2019est le propre des \u00e9critures postcoloniales\u00bb. (Martine Mathieu-Job).<\/p>\n","protected":false},"excerpt":{"rendered":"<p>\u00abCet essai est une introduction fine et \u00e9clairante \u00e0 l\u2019\u0153uvre d\u2019un grand romancier, encore trop peu lu en dehors de quelques cercles francophones. Il montre comment d\u2019embl\u00e9e l\u2019\u00e9criture d\u2019un \u00e9crivain vivant entre plusieurs cultures fait bouger les lignes de l\u2019\u00e9criture autobiographique occidentale, donnant ainsi \u00e0 percevoir la gageure d\u2019une \u00e9criture en fran\u00e7ais rendant compte d\u2019un [&hellip;]<\/p>\n","protected":false},"featured_media":21941,"comment_status":"open","ping_status":"closed","template":"","meta":[],"product_brand":[],"product_cat":[2983,1464,977],"product_tag":[2976,2975,876,2978,2977,2979],"class_list":{"0":"post-21940","1":"product","2":"type-product","3":"status-publish","4":"has-post-thumbnail","6":"product_cat-francophonie-et-droits-humains","7":"product_cat-filologie","8":"product_cat-limba-franceza","9":"product_tag-autobiografie","10":"product_tag-driss-chraibi","11":"product_tag-feminism","12":"product_tag-literatura-francofona","13":"product_tag-roman-autobiografic","14":"product_tag-scriitori-marocani","16":"first","17":"outofstock","18":"shipping-taxable","19":"product-type-simple"},"_links":{"self":[{"href":"https:\/\/editura-unibuc.ro\/en\/wp-json\/wp\/v2\/product\/21940","targetHints":{"allow":["GET"]}}],"collection":[{"href":"https:\/\/editura-unibuc.ro\/en\/wp-json\/wp\/v2\/product"}],"about":[{"href":"https:\/\/editura-unibuc.ro\/en\/wp-json\/wp\/v2\/types\/product"}],"replies":[{"embeddable":true,"href":"https:\/\/editura-unibuc.ro\/en\/wp-json\/wp\/v2\/comments?post=21940"}],"wp:featuredmedia":[{"embeddable":true,"href":"https:\/\/editura-unibuc.ro\/en\/wp-json\/wp\/v2\/media\/21941"}],"wp:attachment":[{"href":"https:\/\/editura-unibuc.ro\/en\/wp-json\/wp\/v2\/media?parent=21940"}],"wp:term":[{"taxonomy":"product_brand","embeddable":true,"href":"https:\/\/editura-unibuc.ro\/en\/wp-json\/wp\/v2\/product_brand?post=21940"},{"taxonomy":"product_cat","embeddable":true,"href":"https:\/\/editura-unibuc.ro\/en\/wp-json\/wp\/v2\/product_cat?post=21940"},{"taxonomy":"product_tag","embeddable":true,"href":"https:\/\/editura-unibuc.ro\/en\/wp-json\/wp\/v2\/product_tag?post=21940"}],"curies":[{"name":"wp","href":"https:\/\/api.w.org\/{rel}","templated":true}]}}