{"id":21942,"date":"2018-03-23T16:30:54","date_gmt":"2018-03-23T14:30:54","guid":{"rendered":"https:\/\/editura-unibuc.ro\/?post_type=product&#038;p=21942"},"modified":"2024-04-10T09:43:27","modified_gmt":"2024-04-10T06:43:27","slug":"obiecte-si-urmele-lor-priviri-istorice-povesti-antropologice","status":"publish","type":"product","link":"https:\/\/editura-unibuc.ro\/en\/obiecte-si-urmele-lor-priviri-istorice-povesti-antropologice\/","title":{"rendered":"OBJECTS AND THEIR TRACES. HISTORICAL VIEWS, ANTHROPOLOGICAL STORIES"},"content":{"rendered":"<p>\u201e\u00centre povestea obiectelor \u015fi teoria antropologic\u0103 se poart\u0103, \u00een volumul Obiecte \u015fi urmele lor, o negociere. \u00cen func\u0163ie de autor, drumul e dinspre teorie spre obiectele concrete sau, invers, dinspre obiectele reale c\u0103tre teoria antropologic\u0103. Amintiri \u015fi ipoteze de lucru. Priviri subiective \u015fi priviri \u015ftiin\u0163ifice. Negocierea \u0163ine de fiecare autor \u00een parte \u015fi, la urma urmei, de fiecare cititor. Po\u0163i iubi mai mult povestea, po\u0163i citi studiile din volum pentru teoria aplicat\u0103 obiectelor. Obiectele ca obiect de studiu. Povestea ca teorie. Teoria ca o gril\u0103 imaginat\u0103, deci tot fictiv\u0103, de a citi \u015fi clasifica obiectele realului \u00eenconjur\u0103tor.\u201d (C\u0103t\u0103lin D. Constantin)<\/p>\n","protected":false},"excerpt":{"rendered":"<p>\u201e\u00centre povestea obiectelor \u015fi teoria antropologic\u0103 se poart\u0103, \u00een volumul Obiecte \u015fi urmele lor, o negociere. \u00cen func\u0163ie de autor, drumul e dinspre teorie spre obiectele concrete sau, invers, dinspre obiectele reale c\u0103tre teoria antropologic\u0103. Amintiri \u015fi ipoteze de lucru. Priviri subiective \u015fi priviri \u015ftiin\u0163ifice. Negocierea \u0163ine de fiecare autor \u00een parte \u015fi, la urma [&hellip;]<\/p>\n","protected":false},"featured_media":22003,"comment_status":"open","ping_status":"closed","template":"","meta":[],"product_brand":[],"product_cat":[1531,2980,1464,979],"product_tag":[2173,881,1932,2982,2981],"class_list":{"0":"post-21942","1":"product","2":"type-product","3":"status-publish","4":"has-post-thumbnail","6":"product_cat-colectii","7":"product_cat-literatura-si-studii-culturale","8":"product_cat-filologie","9":"product_cat-limba-romana","10":"product_tag-antropologie-culturala","11":"product_tag-istorie","12":"product_tag-memorie","13":"product_tag-muzeu","14":"product_tag-obiect","16":"first","17":"instock","18":"shipping-taxable","19":"purchasable","20":"product-type-simple"},"_links":{"self":[{"href":"https:\/\/editura-unibuc.ro\/en\/wp-json\/wp\/v2\/product\/21942","targetHints":{"allow":["GET"]}}],"collection":[{"href":"https:\/\/editura-unibuc.ro\/en\/wp-json\/wp\/v2\/product"}],"about":[{"href":"https:\/\/editura-unibuc.ro\/en\/wp-json\/wp\/v2\/types\/product"}],"replies":[{"embeddable":true,"href":"https:\/\/editura-unibuc.ro\/en\/wp-json\/wp\/v2\/comments?post=21942"}],"wp:featuredmedia":[{"embeddable":true,"href":"https:\/\/editura-unibuc.ro\/en\/wp-json\/wp\/v2\/media\/22003"}],"wp:attachment":[{"href":"https:\/\/editura-unibuc.ro\/en\/wp-json\/wp\/v2\/media?parent=21942"}],"wp:term":[{"taxonomy":"product_brand","embeddable":true,"href":"https:\/\/editura-unibuc.ro\/en\/wp-json\/wp\/v2\/product_brand?post=21942"},{"taxonomy":"product_cat","embeddable":true,"href":"https:\/\/editura-unibuc.ro\/en\/wp-json\/wp\/v2\/product_cat?post=21942"},{"taxonomy":"product_tag","embeddable":true,"href":"https:\/\/editura-unibuc.ro\/en\/wp-json\/wp\/v2\/product_tag?post=21942"}],"curies":[{"name":"wp","href":"https:\/\/api.w.org\/{rel}","templated":true}]}}