{"id":21944,"date":"2018-03-23T16:33:36","date_gmt":"2018-03-23T14:33:36","guid":{"rendered":"https:\/\/editura-unibuc.ro\/?post_type=product&#038;p=21944"},"modified":"2025-09-18T11:15:13","modified_gmt":"2025-09-18T08:15:13","slug":"morfologia-limbii-ruse-contemporane-culegere-de-exercitii-%d0%bc%d0%be%d1%80%d1%84%d0%be%d0%bb%d0%be%d0%b3%d0%b8%d1%8f-%d1%81%d0%be%d0%b2%d1%80%d0%b5%d0%bc%d0%b5%d0%bd%d0%bd%d0%be%d0%b3%d0%be-%d1%80","status":"publish","type":"product","link":"https:\/\/editura-unibuc.ro\/en\/morfologia-limbii-ruse-contemporane-culegere-de-exercitii-%d0%bc%d0%be%d1%80%d1%84%d0%be%d0%bb%d0%be%d0%b3%d0%b8%d1%8f-%d1%81%d0%be%d0%b2%d1%80%d0%b5%d0%bc%d0%b5%d0%bd%d0%bd%d0%be%d0%b3%d0%be-%d1%80\/","title":{"rendered":"\u041c\u043e\u0440\u0444\u043e\u043b\u043e\u0433\u0438\u044f \u0441\u043e\u0432\u0440\u0435\u043c\u0435\u043d\u043d\u043e\u0433\u043e \u0440\u0443\u0441\u0441\u043a\u043e\u0433\u043e \u044f\u0437\u044b\u043a\u0430 \u0421\u0411\u041e\u0420\u041d\u0418\u041a \u0423\u041f\u0420\u0410\u0416\u041d\u0415\u041d\u0418\u0419"},"content":{"rendered":"<p>\u201eVrei s\u0103 \u00eenve\u0163i limba rus\u0103, dar nu \u015ftii de unde s\u0103 \u00eencepi? Vrei s\u0103 afli mai multe despre morfologia limbii ruse, s\u0103 po\u0163i vorbi ruse\u015fte? Chiar dac\u0103 e\u015fti \u00eencep\u0103tor sau deja cuno\u015fti elementele de baz\u0103 ale morfologiei, aceast\u0103 culegere de exerci\u0163ii te va ajuta s\u0103 \u00eenve\u0163i.\u201d (conf. dr. Mihai Nistor).<\/p>\n<p>Lucrare adresat\u0103 studen\u0163ilor de la facult\u0103\u0163ile de profil sau de la alte specializ\u0103ri, elevilor, profesorilor din \u00eenv\u0103\u0163\u0103m\u00e2ntul universitar \u015fi preuniversitar, precum \u015fi tuturor celor interesa\u0163i de cunoa\u015fterea limbii ruse.<\/p>\n","protected":false},"excerpt":{"rendered":"<p>\u201eVrei s\u0103 \u00eenve\u0163i limba rus\u0103, dar nu \u015ftii de unde s\u0103 \u00eencepi? Vrei s\u0103 afli mai multe despre morfologia limbii ruse, s\u0103 po\u0163i vorbi ruse\u015fte? Chiar dac\u0103 e\u015fti \u00eencep\u0103tor sau deja cuno\u015fti elementele de baz\u0103 ale morfologiei, aceast\u0103 culegere de exerci\u0163ii te va ajuta s\u0103 \u00eenve\u0163i.\u201d (conf. dr. Mihai Nistor). Lucrare adresat\u0103 studen\u0163ilor de la [&hellip;]<\/p>\n","protected":false},"featured_media":21945,"comment_status":"open","ping_status":"closed","template":"","meta":[],"product_brand":[],"product_cat":[1531,2653,1464,981],"product_tag":[2985,2987,2984,2986],"class_list":{"0":"post-21944","1":"product","2":"type-product","3":"status-publish","4":"has-post-thumbnail","6":"product_cat-colectii","7":"product_cat-biblioteca-de-slavistica","8":"product_cat-filologie","9":"product_cat-limbi-slave","10":"product_tag-caiet-de-exercitii","11":"product_tag-gramatica-constructiva","12":"product_tag-morfologia-limbii-ruse","13":"product_tag-partile-de-vorbire-din-limba-rusa","15":"first","16":"instock","17":"shipping-taxable","18":"purchasable","19":"product-type-simple"},"_links":{"self":[{"href":"https:\/\/editura-unibuc.ro\/en\/wp-json\/wp\/v2\/product\/21944","targetHints":{"allow":["GET"]}}],"collection":[{"href":"https:\/\/editura-unibuc.ro\/en\/wp-json\/wp\/v2\/product"}],"about":[{"href":"https:\/\/editura-unibuc.ro\/en\/wp-json\/wp\/v2\/types\/product"}],"replies":[{"embeddable":true,"href":"https:\/\/editura-unibuc.ro\/en\/wp-json\/wp\/v2\/comments?post=21944"}],"wp:featuredmedia":[{"embeddable":true,"href":"https:\/\/editura-unibuc.ro\/en\/wp-json\/wp\/v2\/media\/21945"}],"wp:attachment":[{"href":"https:\/\/editura-unibuc.ro\/en\/wp-json\/wp\/v2\/media?parent=21944"}],"wp:term":[{"taxonomy":"product_brand","embeddable":true,"href":"https:\/\/editura-unibuc.ro\/en\/wp-json\/wp\/v2\/product_brand?post=21944"},{"taxonomy":"product_cat","embeddable":true,"href":"https:\/\/editura-unibuc.ro\/en\/wp-json\/wp\/v2\/product_cat?post=21944"},{"taxonomy":"product_tag","embeddable":true,"href":"https:\/\/editura-unibuc.ro\/en\/wp-json\/wp\/v2\/product_tag?post=21944"}],"curies":[{"name":"wp","href":"https:\/\/api.w.org\/{rel}","templated":true}]}}