{"id":21947,"date":"2018-03-23T16:36:25","date_gmt":"2018-03-23T14:36:25","guid":{"rendered":"https:\/\/editura-unibuc.ro\/?post_type=product&#038;p=21947"},"modified":"2025-07-28T10:19:30","modified_gmt":"2025-07-28T07:19:30","slug":"manual-de-limba-armeana-vol-iv-gramatica-vocabular-krunk-haiastani","status":"publish","type":"product","link":"https:\/\/editura-unibuc.ro\/en\/manual-de-limba-armeana-vol-iv-gramatica-vocabular-krunk-haiastani\/","title":{"rendered":"TEXTBOOK OF ARMENIAN LANGUAGE. IV. GRAMMAR. VOCABULARY. Krunk Haiastani"},"content":{"rendered":"<p><\/p>\n<hr \/>\n<p><strong><a href=\"https:\/\/books.google.ro\/books\/about?id=3ZpdEAAAQBAJ&amp;redir_esc=y\" target=\"_blank\" rel=\"noopener\"><img decoding=\"async\" src=\"https:\/\/editura-unibuc.ro\/wp-content\/uploads\/2025\/04\/goo.png\" \/>Google Books<\/a><\/strong><br \/>&nbsp;<\/p>\n<hr \/>\n<p>Aceast\u0103 parte (volumul IV al manualului) cuprinde material prezentat sistematic, f\u0103r\u0103 texte \u015fi exerci\u0163ii, \u015fi este dedicat\u0103 proceselor fonetice \u015fi sistemului gramatical din limba armean\u0103. Include \u015fi un vocabular de studiu cu toate informa\u0163iile fonetice \u015fi gramaticale ale cuvintelor.<\/p>","protected":false},"excerpt":{"rendered":"<p>Google Books&nbsp; Aceast\u0103 parte (volumul IV al manualului) cuprinde material prezentat sistematic, f\u0103r\u0103 texte \u015fi exerci\u0163ii, \u015fi este dedicat\u0103 proceselor fonetice \u015fi sistemului gramatical din limba armean\u0103. Include \u015fi un vocabular de studiu cu toate informa\u0163iile fonetice \u015fi gramaticale ale cuvintelor.<\/p>\n","protected":false},"featured_media":21948,"comment_status":"open","ping_status":"closed","template":"","meta":[],"product_brand":[],"product_cat":[1464,980],"product_tag":[1049,933,2434,1114,1577],"class_list":{"0":"post-21947","1":"product","2":"type-product","3":"status-publish","4":"has-post-thumbnail","6":"product_cat-filologie","7":"product_cat-limbi-romanice-clasice-si-orientale","8":"product_tag-exercitii","9":"product_tag-gramatica","10":"product_tag-limba-armeana","11":"product_tag-manual","12":"product_tag-vocabular","14":"first","15":"outofstock","16":"shipping-taxable","17":"purchasable","18":"product-type-simple"},"_links":{"self":[{"href":"https:\/\/editura-unibuc.ro\/en\/wp-json\/wp\/v2\/product\/21947","targetHints":{"allow":["GET"]}}],"collection":[{"href":"https:\/\/editura-unibuc.ro\/en\/wp-json\/wp\/v2\/product"}],"about":[{"href":"https:\/\/editura-unibuc.ro\/en\/wp-json\/wp\/v2\/types\/product"}],"replies":[{"embeddable":true,"href":"https:\/\/editura-unibuc.ro\/en\/wp-json\/wp\/v2\/comments?post=21947"}],"wp:featuredmedia":[{"embeddable":true,"href":"https:\/\/editura-unibuc.ro\/en\/wp-json\/wp\/v2\/media\/21948"}],"wp:attachment":[{"href":"https:\/\/editura-unibuc.ro\/en\/wp-json\/wp\/v2\/media?parent=21947"}],"wp:term":[{"taxonomy":"product_brand","embeddable":true,"href":"https:\/\/editura-unibuc.ro\/en\/wp-json\/wp\/v2\/product_brand?post=21947"},{"taxonomy":"product_cat","embeddable":true,"href":"https:\/\/editura-unibuc.ro\/en\/wp-json\/wp\/v2\/product_cat?post=21947"},{"taxonomy":"product_tag","embeddable":true,"href":"https:\/\/editura-unibuc.ro\/en\/wp-json\/wp\/v2\/product_tag?post=21947"}],"curies":[{"name":"wp","href":"https:\/\/api.w.org\/{rel}","templated":true}]}}