{"id":2199,"date":"2012-09-16T11:56:00","date_gmt":"2012-09-16T08:56:00","guid":{"rendered":"https:\/\/editura-unibuc.ro\/?p=2199"},"modified":"2015-03-13T18:52:30","modified_gmt":"2015-03-13T16:52:30","slug":"structura-universitatii-structura-cunoasterii","status":"publish","type":"product","link":"https:\/\/editura-unibuc.ro\/en\/structura-universitatii-structura-cunoasterii\/","title":{"rendered":"STRUCTURE OF UNIVERSITY, STRUCTURE OF KNOWLEDGE"},"content":{"rendered":"<p>Studiile cuprinse \u00een acest volum au fost elaborate sau au fost prezentate \u00een cadrul unor manifest\u0103ri organizate \u00een cadrul proiectului de cercetare \u201cUniversitatea european\u0103 \u0219i institu\u021bionalizarea cunoa\u0219terii: fundamente cultural-valorice ale \u00eenv\u0103\u021b\u0103m\u00e2ntului universitar modern \u0219i schimbarea institu\u021bional\u0103 \u00een universitatea de ast\u0103zi\u201d. Ideea mai general\u0103 care le une\u0219te este aceea c\u0103 universitatea trece ast\u0103zi printr-o serie de transform\u0103ri institu\u021bionale care afecteaz\u0103 nu numai modalit\u0103\u021bile de a orienta, a conduce \u0219i a administra activitatea de \u00eenv\u0103\u021b\u0103m\u00e2nt \u0219i de cercetare, ci \u0219i structurile mai ad\u00e2nci ale construc\u021biei cunoa\u0219terii \u0219i ale profesiunilor legate de aceasta. Istoria educa\u021biei \u0219i a cercet\u0103rii, provoc\u0103rile etice, programele europene de integrare constituie tot at\u00e2tea repere ale unor reflec\u021bii asupra ideii de universitate \u0219i a felului \u00een care cunoa\u0219terea, \u00een \u00een\u021belesul deplin al manifest\u0103rii ei \u00een planul \u0219tiin\u021bei \u0219i al culturii, \u00ee\u0219i polarizeaz\u0103 structurile \u00een noi proiecte \u0219i forme institu\u021bionale. \u00cen acest context, filosofia reprezint\u0103 fundamentul necesar pentru orice construc\u021bie viitoare a universit\u0103\u021bii.<\/p>\n","protected":false},"excerpt":{"rendered":"<p>Studiile cuprinse \u00een acest volum au fost elaborate sau au fost prezentate \u00een cadrul unor manifest\u0103ri organizate \u00een cadrul proiectului de cercetare \u201cUniversitatea european\u0103 \u0219i institu\u021bionalizarea cunoa\u0219terii: fundamente cultural-valorice ale \u00eenv\u0103\u021b\u0103m\u00e2ntului universitar modern \u0219i schimbarea institu\u021bional\u0103 \u00een universitatea de ast\u0103zi\u201d. Ideea mai general\u0103 care le une\u0219te este aceea c\u0103 universitatea trece ast\u0103zi printr-o serie de [&hellip;]<\/p>\n","protected":false},"featured_media":10797,"comment_status":"open","ping_status":"closed","template":"","meta":[],"product_brand":[],"product_cat":[991,994],"product_tag":[921,928],"class_list":{"0":"post-2199","1":"product","2":"type-product","3":"status-publish","4":"has-post-thumbnail","6":"product_cat-stiinte-sociale","7":"product_cat-filosofie","8":"product_tag-filosofie","9":"product_tag-universitate","11":"first","12":"outofstock","13":"shipping-taxable","14":"product-type-simple"},"_links":{"self":[{"href":"https:\/\/editura-unibuc.ro\/en\/wp-json\/wp\/v2\/product\/2199","targetHints":{"allow":["GET"]}}],"collection":[{"href":"https:\/\/editura-unibuc.ro\/en\/wp-json\/wp\/v2\/product"}],"about":[{"href":"https:\/\/editura-unibuc.ro\/en\/wp-json\/wp\/v2\/types\/product"}],"replies":[{"embeddable":true,"href":"https:\/\/editura-unibuc.ro\/en\/wp-json\/wp\/v2\/comments?post=2199"}],"wp:featuredmedia":[{"embeddable":true,"href":"https:\/\/editura-unibuc.ro\/en\/wp-json\/wp\/v2\/media\/10797"}],"wp:attachment":[{"href":"https:\/\/editura-unibuc.ro\/en\/wp-json\/wp\/v2\/media?parent=2199"}],"wp:term":[{"taxonomy":"product_brand","embeddable":true,"href":"https:\/\/editura-unibuc.ro\/en\/wp-json\/wp\/v2\/product_brand?post=2199"},{"taxonomy":"product_cat","embeddable":true,"href":"https:\/\/editura-unibuc.ro\/en\/wp-json\/wp\/v2\/product_cat?post=2199"},{"taxonomy":"product_tag","embeddable":true,"href":"https:\/\/editura-unibuc.ro\/en\/wp-json\/wp\/v2\/product_tag?post=2199"}],"curies":[{"name":"wp","href":"https:\/\/api.w.org\/{rel}","templated":true}]}}