{"id":22001,"date":"2018-03-30T01:31:05","date_gmt":"2018-03-29T22:31:05","guid":{"rendered":"https:\/\/editura-unibuc.ro\/?post_type=product&#038;p=22001"},"modified":"2019-01-08T16:15:42","modified_gmt":"2019-01-08T14:15:42","slug":"de-la-jurnalul-intim-de-secol-20-la-blog-in-spatiul-romanesc-consideratii-pragmastilistice","status":"publish","type":"product","link":"https:\/\/editura-unibuc.ro\/en\/de-la-jurnalul-intim-de-secol-20-la-blog-in-spatiul-romanesc-consideratii-pragmastilistice\/","title":{"rendered":"FROM THE 20TH CENTURY INTIMATE DIARY TO THE BLOG IN THE ROMANIAN SPACE. PRAGMA-STYLISTIC CONSIDERATIONS"},"content":{"rendered":"<p>\u201eLucrarea de fa\u021b\u0103 abordeaz\u0103 o tem\u0103 interesant\u0103 \u0219i actual\u0103, urm\u0103rind impactul diversific\u0103rii canalelor de comunicare \u00een lumea contemporan\u0103 asupra unor forme discursive tradi\u021bionale \u0219i deci propor\u021bia dintre fenomenele de conservare \u0219i inova\u021bii, ceea ce presupune, \u00een esen\u021b\u0103, determinarea ariilor susceptibile de \u00eennoire \u0219i a direc\u021biilor \u00een care se produce aceasta. Este o lucrare interesant\u0103 \u0219i original\u0103, care pune \u00een eviden\u021b\u0103 nu numai capacitatea autoarei de a realiza analiza pertinent\u0103 a unui ansamblu de date atent selectate, ci \u0219i capacitatea acesteia de a-\u0219i construi, \u00een urma parcurgerii unei bibliografii moderne, propriul sistem descriptiv, \u00een concordan\u021b\u0103 cu cerin\u021bele adecv\u0103rii \u0219i ale eficien\u021bei. Se cuvine, de asemenea, s\u0103 remarc\u0103m fluen\u021ba \u0219i elegan\u021ba redact\u0103rii.\u201d <\/p>\n<p>Prof. univ. dr. Liliana Rux\u0103ndoiu<\/p>\n","protected":false},"excerpt":{"rendered":"<p>\u201eLucrarea de fa\u021b\u0103 abordeaz\u0103 o tem\u0103 interesant\u0103 \u0219i actual\u0103, urm\u0103rind impactul diversific\u0103rii canalelor de comunicare \u00een lumea contemporan\u0103 asupra unor forme discursive tradi\u021bionale \u0219i deci propor\u021bia dintre fenomenele de conservare \u0219i inova\u021bii, ceea ce presupune, \u00een esen\u021b\u0103, determinarea ariilor susceptibile de \u00eennoire \u0219i a direc\u021biilor \u00een care se produce aceasta. Este o lucrare interesant\u0103 \u0219i [&hellip;]<\/p>\n","protected":false},"featured_media":22002,"comment_status":"open","ping_status":"closed","template":"","meta":[],"product_brand":[],"product_cat":[1531,2581,1464,979],"product_tag":[2992,2991,2990,2989,2988],"class_list":{"0":"post-22001","1":"product","2":"type-product","3":"status-publish","4":"has-post-thumbnail","6":"product_cat-colectii","7":"product_cat-cultura-si-comunicare","8":"product_cat-filologie","9":"product_cat-limba-romana","10":"product_tag-jurnal-electronic","11":"product_tag-jurnal-extim","12":"product_tag-jurnal-intim","13":"product_tag-literatura-autobiografica","14":"product_tag-pragmastilistica","16":"first","17":"outofstock","18":"shipping-taxable","19":"product-type-simple"},"_links":{"self":[{"href":"https:\/\/editura-unibuc.ro\/en\/wp-json\/wp\/v2\/product\/22001","targetHints":{"allow":["GET"]}}],"collection":[{"href":"https:\/\/editura-unibuc.ro\/en\/wp-json\/wp\/v2\/product"}],"about":[{"href":"https:\/\/editura-unibuc.ro\/en\/wp-json\/wp\/v2\/types\/product"}],"replies":[{"embeddable":true,"href":"https:\/\/editura-unibuc.ro\/en\/wp-json\/wp\/v2\/comments?post=22001"}],"wp:featuredmedia":[{"embeddable":true,"href":"https:\/\/editura-unibuc.ro\/en\/wp-json\/wp\/v2\/media\/22002"}],"wp:attachment":[{"href":"https:\/\/editura-unibuc.ro\/en\/wp-json\/wp\/v2\/media?parent=22001"}],"wp:term":[{"taxonomy":"product_brand","embeddable":true,"href":"https:\/\/editura-unibuc.ro\/en\/wp-json\/wp\/v2\/product_brand?post=22001"},{"taxonomy":"product_cat","embeddable":true,"href":"https:\/\/editura-unibuc.ro\/en\/wp-json\/wp\/v2\/product_cat?post=22001"},{"taxonomy":"product_tag","embeddable":true,"href":"https:\/\/editura-unibuc.ro\/en\/wp-json\/wp\/v2\/product_tag?post=22001"}],"curies":[{"name":"wp","href":"https:\/\/api.w.org\/{rel}","templated":true}]}}