{"id":22070,"date":"2018-04-11T16:52:48","date_gmt":"2018-04-11T13:52:48","guid":{"rendered":"https:\/\/editura-unibuc.ro\/?post_type=product&#038;p=22070"},"modified":"2024-10-31T10:25:06","modified_gmt":"2024-10-31T08:25:06","slug":"introducere-in-studiul-limbii-medio-egiptene-editie-revazuta-si-adaugita","status":"publish","type":"product","link":"https:\/\/editura-unibuc.ro\/en\/introducere-in-studiul-limbii-medio-egiptene-editie-revazuta-si-adaugita\/","title":{"rendered":"INTRODUCERE \u00ceN STUDIUL LIMBII MEDIO-EGIPTENE. EDI\u0162IE REV\u0102ZUT\u0102 \u015eI AD\u0102UGIT\u0102"},"content":{"rendered":"<p>Domnul profesor dr. Miron Cih\u00f3, cunoscut egiptolog \u015fi titular al disciplinei de specialitate \u00een cadrul Universit\u0103\u0163ii din Bucure\u015fti, ne propune prin aceast\u0103 lucrare un manual modern pentru studiul celei mai importante faze a limbii egiptene antice, care include \u015fi o ampl\u0103 introducere \u00een studiul scrierii hieroglifice.<\/p>\n","protected":false},"excerpt":{"rendered":"<p>Domnul profesor dr. Miron Cih\u00f3, cunoscut egiptolog \u015fi titular al disciplinei de specialitate \u00een cadrul Universit\u0103\u0163ii din Bucure\u015fti, ne propune prin aceast\u0103 lucrare un manual modern pentru studiul celei mai importante faze a limbii egiptene antice, care include \u015fi o ampl\u0103 introducere \u00een studiul scrierii hieroglifice.<\/p>\n","protected":false},"featured_media":22071,"comment_status":"open","ping_status":"closed","template":"","meta":[],"product_brand":[],"product_cat":[3610,1464,980,991,995],"product_tag":[868,1321,1980],"class_list":{"0":"post-22070","1":"product","2":"type-product","3":"status-publish","4":"has-post-thumbnail","6":"product_cat-studii-de-egiptologie","7":"product_cat-filologie","8":"product_cat-limbi-romanice-clasice-si-orientale","9":"product_cat-stiinte-sociale","10":"product_cat-istorie-stiinte-politice","11":"product_tag-egiptologie","12":"product_tag-egiptul-antic","13":"product_tag-limba-medio-egipteana","15":"first","16":"instock","17":"shipping-taxable","18":"purchasable","19":"product-type-simple"},"_links":{"self":[{"href":"https:\/\/editura-unibuc.ro\/en\/wp-json\/wp\/v2\/product\/22070","targetHints":{"allow":["GET"]}}],"collection":[{"href":"https:\/\/editura-unibuc.ro\/en\/wp-json\/wp\/v2\/product"}],"about":[{"href":"https:\/\/editura-unibuc.ro\/en\/wp-json\/wp\/v2\/types\/product"}],"replies":[{"embeddable":true,"href":"https:\/\/editura-unibuc.ro\/en\/wp-json\/wp\/v2\/comments?post=22070"}],"wp:featuredmedia":[{"embeddable":true,"href":"https:\/\/editura-unibuc.ro\/en\/wp-json\/wp\/v2\/media\/22071"}],"wp:attachment":[{"href":"https:\/\/editura-unibuc.ro\/en\/wp-json\/wp\/v2\/media?parent=22070"}],"wp:term":[{"taxonomy":"product_brand","embeddable":true,"href":"https:\/\/editura-unibuc.ro\/en\/wp-json\/wp\/v2\/product_brand?post=22070"},{"taxonomy":"product_cat","embeddable":true,"href":"https:\/\/editura-unibuc.ro\/en\/wp-json\/wp\/v2\/product_cat?post=22070"},{"taxonomy":"product_tag","embeddable":true,"href":"https:\/\/editura-unibuc.ro\/en\/wp-json\/wp\/v2\/product_tag?post=22070"}],"curies":[{"name":"wp","href":"https:\/\/api.w.org\/{rel}","templated":true}]}}