{"id":22074,"date":"2018-04-11T17:01:07","date_gmt":"2018-04-11T14:01:07","guid":{"rendered":"https:\/\/editura-unibuc.ro\/?post_type=product&#038;p=22074"},"modified":"2023-03-23T09:50:04","modified_gmt":"2023-03-23T07:50:04","slug":"catalogul-manuscriselor-romanesti-din-arhivele-nationale-ale-romaniei-vol-iv-indice-general","status":"publish","type":"product","link":"https:\/\/editura-unibuc.ro\/en\/catalogul-manuscriselor-romanesti-din-arhivele-nationale-ale-romaniei-vol-iv-indice-general\/","title":{"rendered":"CATALOGUL MANUSCRISELOR ROM\u00c2NE\u015eTI DIN ARHIVELE NA\u0162IONALE ALE ROM\u00c2NIEI. VOL. IV (INDICE GENERAL)"},"content":{"rendered":"<p>Volumul al IV-lea \u00eencheie seria afl\u0103toare la Direc\u0163ia Arhivelor Na\u0163ionale Istorice Centrale. Prezentul volum a luat na\u015ftere \u00een urma confrunt\u0103rii Indicilor din cele trei volume anterioare, constat\u00e2ndu-se c\u0103 sunt absolut necesare unele preciz\u0103ri, ad\u0103ugiri, dar, mai ales, corecturi.<\/p>\n","protected":false},"excerpt":{"rendered":"<p>Volumul al IV-lea \u00eencheie seria afl\u0103toare la Direc\u0163ia Arhivelor Na\u0163ionale Istorice Centrale. Prezentul volum a luat na\u015ftere \u00een urma confrunt\u0103rii Indicilor din cele trei volume anterioare, constat\u00e2ndu-se c\u0103 sunt absolut necesare unele preciz\u0103ri, ad\u0103ugiri, dar, mai ales, corecturi.<\/p>\n","protected":false},"featured_media":22075,"comment_status":"open","ping_status":"closed","template":"","meta":[],"product_brand":[],"product_cat":[1464,979],"product_tag":[2149,2148],"class_list":{"0":"post-22074","1":"product","2":"type-product","3":"status-publish","4":"has-post-thumbnail","6":"product_cat-filologie","7":"product_cat-limba-romana","8":"product_tag-arhivele-nationale-ale-romaniei","9":"product_tag-manuscrise-romanesti","11":"first","12":"outofstock","13":"shipping-taxable","14":"purchasable","15":"product-type-simple"},"_links":{"self":[{"href":"https:\/\/editura-unibuc.ro\/en\/wp-json\/wp\/v2\/product\/22074","targetHints":{"allow":["GET"]}}],"collection":[{"href":"https:\/\/editura-unibuc.ro\/en\/wp-json\/wp\/v2\/product"}],"about":[{"href":"https:\/\/editura-unibuc.ro\/en\/wp-json\/wp\/v2\/types\/product"}],"replies":[{"embeddable":true,"href":"https:\/\/editura-unibuc.ro\/en\/wp-json\/wp\/v2\/comments?post=22074"}],"wp:featuredmedia":[{"embeddable":true,"href":"https:\/\/editura-unibuc.ro\/en\/wp-json\/wp\/v2\/media\/22075"}],"wp:attachment":[{"href":"https:\/\/editura-unibuc.ro\/en\/wp-json\/wp\/v2\/media?parent=22074"}],"wp:term":[{"taxonomy":"product_brand","embeddable":true,"href":"https:\/\/editura-unibuc.ro\/en\/wp-json\/wp\/v2\/product_brand?post=22074"},{"taxonomy":"product_cat","embeddable":true,"href":"https:\/\/editura-unibuc.ro\/en\/wp-json\/wp\/v2\/product_cat?post=22074"},{"taxonomy":"product_tag","embeddable":true,"href":"https:\/\/editura-unibuc.ro\/en\/wp-json\/wp\/v2\/product_tag?post=22074"}],"curies":[{"name":"wp","href":"https:\/\/api.w.org\/{rel}","templated":true}]}}