{"id":22101,"date":"2018-04-13T16:07:54","date_gmt":"2018-04-13T13:07:54","guid":{"rendered":"https:\/\/editura-unibuc.ro\/?post_type=product&#038;p=22101"},"modified":"2019-07-19T10:05:37","modified_gmt":"2019-07-19T07:05:37","slug":"studii-de-biblioteconomie-si-stiinta-informarii-nr-21-2017","status":"publish","type":"product","link":"https:\/\/editura-unibuc.ro\/en\/studii-de-biblioteconomie-si-stiinta-informarii-nr-21-2017\/","title":{"rendered":"LIBRARY AND INFORMATION  SCIENCE RESEARCH, 21 \/ 2017"},"content":{"rendered":"<p><em>Studii de Biblioteconomie \u015fi \u015etiin\u0163a Inform\u0103rii \/ Library and Information Science Research<\/em> este o revist\u0103 \u015ftiin\u0163ific\u0103 cu apari\u0163ie anual\u0103, editat\u0103 de Colectivul de \u015etiin\u0163e ale Inform\u0103rii \u015fi Document\u0103rii din cadrul Facult\u0103\u0163ii de Litere a Universit\u0103\u0163ii din Bucure\u015fti, care se adreseaz\u0103 bibliotecarilor, speciali\u015ftilor \u00een informare \u015fi documentare, managerilor din structurile infodocumentare, profesorilor, cercet\u0103torilor \u015fi studen\u0163ilor interesa\u0163i de aspecte inedite privind circula\u0163ia c\u0103r\u0163ii \u015fi a informa\u0163iei.<\/p>\n","protected":false},"excerpt":{"rendered":"<p>Studii de Biblioteconomie \u015fi \u015etiin\u0163a Inform\u0103rii \/ Library and Information Science Research este o revist\u0103 \u015ftiin\u0163ific\u0103 cu apari\u0163ie anual\u0103, editat\u0103 de Colectivul de \u015etiin\u0163e ale Inform\u0103rii \u015fi Document\u0103rii din cadrul Facult\u0103\u0163ii de Litere a Universit\u0103\u0163ii din Bucure\u015fti, care se adreseaz\u0103 bibliotecarilor, speciali\u015ftilor \u00een informare \u015fi documentare, managerilor din structurile infodocumentare, profesorilor, cercet\u0103torilor \u015fi studen\u0163ilor interesa\u0163i [&hellip;]<\/p>\n","protected":false},"featured_media":22102,"comment_status":"open","ping_status":"closed","template":"","meta":[],"product_brand":[],"product_cat":[1464,979,1469,1893],"product_tag":[2058,2056,1291,1142,2994,2993],"class_list":{"0":"post-22101","1":"product","2":"type-product","3":"status-publish","4":"has-post-thumbnail","6":"product_cat-filologie","7":"product_cat-limba-romana","8":"product_cat-periodice","9":"product_cat-reviste-academice","10":"product_tag-arhive","11":"product_tag-bibliotecari","12":"product_tag-biblioteci","13":"product_tag-biblioteconomie","14":"product_tag-informare-si-documentare","15":"product_tag-informatie-digitala","17":"first","18":"outofstock","19":"shipping-taxable","20":"purchasable","21":"product-type-simple"},"_links":{"self":[{"href":"https:\/\/editura-unibuc.ro\/en\/wp-json\/wp\/v2\/product\/22101","targetHints":{"allow":["GET"]}}],"collection":[{"href":"https:\/\/editura-unibuc.ro\/en\/wp-json\/wp\/v2\/product"}],"about":[{"href":"https:\/\/editura-unibuc.ro\/en\/wp-json\/wp\/v2\/types\/product"}],"replies":[{"embeddable":true,"href":"https:\/\/editura-unibuc.ro\/en\/wp-json\/wp\/v2\/comments?post=22101"}],"wp:featuredmedia":[{"embeddable":true,"href":"https:\/\/editura-unibuc.ro\/en\/wp-json\/wp\/v2\/media\/22102"}],"wp:attachment":[{"href":"https:\/\/editura-unibuc.ro\/en\/wp-json\/wp\/v2\/media?parent=22101"}],"wp:term":[{"taxonomy":"product_brand","embeddable":true,"href":"https:\/\/editura-unibuc.ro\/en\/wp-json\/wp\/v2\/product_brand?post=22101"},{"taxonomy":"product_cat","embeddable":true,"href":"https:\/\/editura-unibuc.ro\/en\/wp-json\/wp\/v2\/product_cat?post=22101"},{"taxonomy":"product_tag","embeddable":true,"href":"https:\/\/editura-unibuc.ro\/en\/wp-json\/wp\/v2\/product_tag?post=22101"}],"curies":[{"name":"wp","href":"https:\/\/api.w.org\/{rel}","templated":true}]}}