{"id":22260,"date":"2018-04-27T11:11:13","date_gmt":"2018-04-27T08:11:13","guid":{"rendered":"https:\/\/editura-unibuc.ro\/?post_type=product&#038;p=22260"},"modified":"2023-05-29T14:30:02","modified_gmt":"2023-05-29T11:30:02","slug":"geografie-fizica-generala-vol-ii-unicitatea-mediului-terestru-terra","status":"publish","type":"product","link":"https:\/\/editura-unibuc.ro\/en\/geografie-fizica-generala-vol-ii-unicitatea-mediului-terestru-terra\/","title":{"rendered":"GENERAL PHYSICAL GEOGRAPHY. VOL. II. THE UNICITY OF THE TERRESTRIAL ENVIRONMENT (TERRA)"},"content":{"rendered":"<p>Partea a doua a cursului de<i>Geografie fizic\u0103 general\u0103<\/i>se centreaz\u0103 pe problematica\u00a0<b>unicit\u0103\u0163ii mediului terestru<\/b>, \u00een context cosmic \u015fi ca obiect de studiu al Geografiei.<\/p>\n<p>Obiectivul nostru este de a r\u0103spunde la dou\u0103 \u00eentreb\u0103ri:<b>ce<\/b>\u00a0se afl\u0103 la baza acestei unicit\u0103\u0163i a mediului terestru \u015fi\u00a0<b>de ce\u00a0<\/b>este posibil\u0103 aceast\u0103 \u00eembinare de caracteristici doar pe P\u0103m\u00e2nt. Pentru a putea \u00een\u0163elege unicitatea mediului terestru, cursul integreaz\u0103 o\u00a0<b>parte de planetologie,\u00a0<\/b>focalizat\u0103 pe abordarea comparativ\u0103 a diferitelor medii planetare din sistemul solar, care a f\u0103cut subiectul volumului I din acest curs.<\/p>\n<p>\u00cen volumul II al cursului, unicitatea mediului terestru este urm\u0103rit\u0103 at\u00e2t \u00eentr-o manier\u0103 static\u0103: structur\u0103, form\u0103, propriet\u0103\u0163i, c\u00e2t \u015fi printr-o abordare dinamic\u0103, evolutiv\u0103. Sensul trecerii \u00een revist\u0103 a evolu\u0163iei planetare este de a identifica legile imuabile care sus\u0163in structurile durabile, dincolo de formele \u00een schimbare.<\/p>\n<p>Un obiectiv major al lucrarii \u00eel reprezint\u0103 \u00een\u0163elegerea arhitectural\u0103 a spa\u0163iului terestru \u015fi a mecanismelor sale de func\u0163ionare la diferite sc\u0103ri de analiz\u0103, \u00een interrela\u0163ionare cu sistemele socio-umane.<\/p>\n","protected":false},"excerpt":{"rendered":"<p>Partea a doua a cursului deGeografie fizic\u0103 general\u0103se centreaz\u0103 pe problematica\u00a0unicit\u0103\u0163ii mediului terestru, \u00een context cosmic \u015fi ca obiect de studiu al Geografiei. Obiectivul nostru este de a r\u0103spunde la dou\u0103 \u00eentreb\u0103ri:ce\u00a0se afl\u0103 la baza acestei unicit\u0103\u0163i a mediului terestru \u015fi\u00a0de ce\u00a0este posibil\u0103 aceast\u0103 \u00eembinare de caracteristici doar pe P\u0103m\u00e2nt. Pentru a putea \u00een\u0163elege unicitatea [&hellip;]<\/p>\n","protected":false},"featured_media":22261,"comment_status":"open","ping_status":"closed","template":"","meta":[],"product_brand":[],"product_cat":[1531,2588,1466,989],"product_tag":[2405,3016,3017,3015],"class_list":{"0":"post-22260","1":"product","2":"type-product","3":"status-publish","4":"has-post-thumbnail","6":"product_cat-colectii","7":"product_cat-geographica","8":"product_cat-stiinte-ale-naturii","9":"product_cat-geografie","10":"product_tag-geografie-fizica","11":"product_tag-mediul-terestru","12":"product_tag-relief-si-mediu","13":"product_tag-terra","15":"first","16":"outofstock","17":"shipping-taxable","18":"purchasable","19":"product-type-simple"},"_links":{"self":[{"href":"https:\/\/editura-unibuc.ro\/en\/wp-json\/wp\/v2\/product\/22260","targetHints":{"allow":["GET"]}}],"collection":[{"href":"https:\/\/editura-unibuc.ro\/en\/wp-json\/wp\/v2\/product"}],"about":[{"href":"https:\/\/editura-unibuc.ro\/en\/wp-json\/wp\/v2\/types\/product"}],"replies":[{"embeddable":true,"href":"https:\/\/editura-unibuc.ro\/en\/wp-json\/wp\/v2\/comments?post=22260"}],"wp:featuredmedia":[{"embeddable":true,"href":"https:\/\/editura-unibuc.ro\/en\/wp-json\/wp\/v2\/media\/22261"}],"wp:attachment":[{"href":"https:\/\/editura-unibuc.ro\/en\/wp-json\/wp\/v2\/media?parent=22260"}],"wp:term":[{"taxonomy":"product_brand","embeddable":true,"href":"https:\/\/editura-unibuc.ro\/en\/wp-json\/wp\/v2\/product_brand?post=22260"},{"taxonomy":"product_cat","embeddable":true,"href":"https:\/\/editura-unibuc.ro\/en\/wp-json\/wp\/v2\/product_cat?post=22260"},{"taxonomy":"product_tag","embeddable":true,"href":"https:\/\/editura-unibuc.ro\/en\/wp-json\/wp\/v2\/product_tag?post=22260"}],"curies":[{"name":"wp","href":"https:\/\/api.w.org\/{rel}","templated":true}]}}