{"id":22474,"date":"2018-05-21T12:41:09","date_gmt":"2018-05-21T09:41:09","guid":{"rendered":"https:\/\/editura-unibuc.ro\/?post_type=product&#038;p=22474"},"modified":"2018-11-07T23:25:12","modified_gmt":"2018-11-07T21:25:12","slug":"studii-in-stiintele-socio-umane","status":"publish","type":"product","link":"https:\/\/editura-unibuc.ro\/en\/studii-in-stiintele-socio-umane\/","title":{"rendered":"STUDIES IN SOCIAL AND HUMAN SCIENCES"},"content":{"rendered":"<p>\u201eCele treizeci \u015fi opt de studii publicate aici sunt expresia diversit\u0103\u0163ii preocup\u0103rilor \u015ftiin\u0163ifice ale participan\u0163ilor la proiect, diversitate ce poart\u0103 \u00eens\u0103 amprenta unor linii de for\u0163\u0103 care pun \u00een rela\u0163ie demersuri metodologice, preocup\u0103ri epistemologice, concepte \u015fi interoga\u0163ii comune unor variate discipline din amplul c\u00e2mp al studiilor dedicate func\u0163ion\u0103rii culturii \u015fi societ\u0103\u0163ii. Pornind de la aceast\u0103 observa\u0163ie am grupat contribu\u0163iile doctoranzilor \u00een patru sec\u0163iuni [\u201eOm, valori, idei\u201d, \u201eLimb\u0103, text, cultur\u0103\u201d, \u201eIstorie, memorie, schimbare\u201d, \u201eLege, institu\u0163ii, societate\u201d], a c\u0103ror intitulare evoc\u0103 temele-cheie ale textelor care le compun. [\u2026] Calitatea \u015fi num\u0103rul textelor incluse \u00een acest masiv volum demonstreaz\u0103 importan\u0163a investi\u0163iei \u00een formarea tinerilor cercet\u0103tori. Posibilitatea de a se dedica timp de trei ani studiilor, \u015fansa de a petrece stagii \u00een unele dintre cele mai prestigioase institu\u0163ii academice europene, ocazia de a-\u015fi publica primele rezultate sper\u0103m s\u0103 le ofere o baz\u0103 solid\u0103 de debut \u00een carier\u0103 \u015fi, \u00een acela\u015fi timp, s\u0103 \u00eembog\u0103\u0163easc\u0103 peisajul cercet\u0103rii rom\u00e2ne\u015fti \u00een \u015ftiin\u0163ele socio-umane prin voci noi \u015fi perspective proaspete.\u201d (Editorii)<\/p>\n","protected":false},"excerpt":{"rendered":"<p>\u201eCele treizeci \u015fi opt de studii publicate aici sunt expresia diversit\u0103\u0163ii preocup\u0103rilor \u015ftiin\u0163ifice ale participan\u0163ilor la proiect, diversitate ce poart\u0103 \u00eens\u0103 amprenta unor linii de for\u0163\u0103 care pun \u00een rela\u0163ie demersuri metodologice, preocup\u0103ri epistemologice, concepte \u015fi interoga\u0163ii comune unor variate discipline din amplul c\u00e2mp al studiilor dedicate func\u0163ion\u0103rii culturii \u015fi societ\u0103\u0163ii. Pornind de la aceast\u0103 [&hellip;]<\/p>\n","protected":false},"featured_media":22475,"comment_status":"open","ping_status":"closed","template":"","meta":[],"product_brand":[],"product_cat":[1464,976,977,979,978,991,1751,994,995,996,997,998,999],"product_tag":[920,3022,2648,881,1100,3025,3023,1932,3021,3024,1121,1503,953,2309],"class_list":{"0":"post-22474","1":"product","2":"type-product","3":"status-publish","4":"has-post-thumbnail","6":"product_cat-filologie","7":"product_cat-limba-engleza","8":"product_cat-limba-franceza","9":"product_cat-limba-romana","10":"product_cat-germanic-languages","11":"product_cat-stiinte-sociale","12":"product_cat-drept","13":"product_cat-filosofie","14":"product_cat-istorie-stiinte-politice","15":"product_cat-jurnalism-si-stiintele-comunicarii","16":"product_cat-psihologie-stiintele-educatiei-si-pedagogie","17":"product_cat-sociologie-si-asistenta-sociala","18":"product_cat-teologie","19":"product_tag-cultura","20":"product_tag-idei","21":"product_tag-institutii","22":"product_tag-istorie","23":"product_tag-jurnalism","24":"product_tag-lege","25":"product_tag-limba","26":"product_tag-memorie","27":"product_tag-om","28":"product_tag-schimbare","29":"product_tag-societate","30":"product_tag-stiinte-socio-umane","31":"product_tag-text","32":"product_tag-valori","34":"first","35":"outofstock","36":"shipping-taxable","37":"purchasable","38":"product-type-simple"},"_links":{"self":[{"href":"https:\/\/editura-unibuc.ro\/en\/wp-json\/wp\/v2\/product\/22474","targetHints":{"allow":["GET"]}}],"collection":[{"href":"https:\/\/editura-unibuc.ro\/en\/wp-json\/wp\/v2\/product"}],"about":[{"href":"https:\/\/editura-unibuc.ro\/en\/wp-json\/wp\/v2\/types\/product"}],"replies":[{"embeddable":true,"href":"https:\/\/editura-unibuc.ro\/en\/wp-json\/wp\/v2\/comments?post=22474"}],"wp:featuredmedia":[{"embeddable":true,"href":"https:\/\/editura-unibuc.ro\/en\/wp-json\/wp\/v2\/media\/22475"}],"wp:attachment":[{"href":"https:\/\/editura-unibuc.ro\/en\/wp-json\/wp\/v2\/media?parent=22474"}],"wp:term":[{"taxonomy":"product_brand","embeddable":true,"href":"https:\/\/editura-unibuc.ro\/en\/wp-json\/wp\/v2\/product_brand?post=22474"},{"taxonomy":"product_cat","embeddable":true,"href":"https:\/\/editura-unibuc.ro\/en\/wp-json\/wp\/v2\/product_cat?post=22474"},{"taxonomy":"product_tag","embeddable":true,"href":"https:\/\/editura-unibuc.ro\/en\/wp-json\/wp\/v2\/product_tag?post=22474"}],"curies":[{"name":"wp","href":"https:\/\/api.w.org\/{rel}","templated":true}]}}